{"id":3702,"date":"2025-09-26T11:58:34","date_gmt":"2025-09-26T11:58:34","guid":{"rendered":"https:\/\/raytalkcomms.com\/?post_type=product&#038;p=3702"},"modified":"2025-12-19T13:19:29","modified_gmt":"2025-12-19T13:19:29","slug":"ph-100a-fixed-wing-pnr-pilot-headphones-with-ga-plug","status":"publish","type":"product","link":"https:\/\/raytalkcomms.com\/es\/producto\/ph-100a-fixed-wing-pnr-pilot-headphones-with-ga-plug\/","title":{"rendered":"PH-100A Auriculares de piloto PNR de ala fija con clavija GA"},"content":{"rendered":"<p>El PH-100A es un auricular de aviaci\u00f3n PNR fiable con almohadillas mitad de gel y mitad de espuma que se sellan herm\u00e9ticamente para una reducci\u00f3n pasiva del ruido, garantizando comodidad y protecci\u00f3n auditiva tanto en vuelos cortos como largos. Una banda de acero inoxidable con deslizadores ajustables se adapta f\u00e1cilmente a diferentes tama\u00f1os de cabeza. Aunque es una opci\u00f3n barata de auriculares de aviaci\u00f3n, incluye una caja de control con volumen y mono\/est\u00e9reo, que permite a los profesionales de la aviaci\u00f3n realizar ajustes de comunicaci\u00f3n r\u00e1pidos y c\u00f3modos en la cabina. Los auriculares de piloto PH-100A con conector GA son adecuados para aeronaves de ala fija, incluidos aviones de aviaci\u00f3n general, privados y peque\u00f1os aviones comerciales. Es una opci\u00f3n pr\u00e1ctica y asequible para escuelas de vuelo y estudiantes de pilotaje.<\/p>\n<h3>Caracter\u00edsticas:<\/h3>\n<ul>\n<li>\u00cdndice de reducci\u00f3n del ruido pasivo (NRR): 23 dB<\/li>\n<li>Enchufes dobles para aviones generales<\/li>\n<li>C\u00f3modas almohadillas mitad de gel y mitad de espuma<\/li>\n<li>Micr\u00f3fono electret con supresi\u00f3n de ruido de serie, micr\u00f3fono din\u00e1mico opcional<\/li>\n<li>Enchufe para auriculares: PJ-055(.25\u2033F6.3 plug)<\/li>\n<li>Enchufe de micr\u00f3fono: PJ-068(.206\u2033F5.2 plug)<\/li>\n<li>Cable recto del auricular al enchufe moldeado, 130CM<\/li>\n<\/ul>\n<h3>Personalizaci\u00f3n opcional:<\/h3>\n<ul>\n<li>Negro, Azul, Amarillo, Verde, Gris, Rosa, Rojo, Naranja.<\/li>\n<\/ul>\n<h3>Ventajas:<\/h3>\n<p>Los auriculares de aviaci\u00f3n PH-100A PNR est\u00e1n dise\u00f1ados para escuelas de vuelo, aerol\u00edneas y organizaciones de aviaci\u00f3n que buscan durabilidad y comodidad. Con reducci\u00f3n pasiva de ruido, almohadillas blandas y audio claro, este auricular de aviaci\u00f3n es compatible con ala fija, aviaci\u00f3n general y vuelo privado con compatibilidad de enchufe dual fiable.<\/p>","protected":false},"excerpt":{"rendered":"<p>Los auriculares para pilotos PH-100A son una soluci\u00f3n rentable para los profesionales de la aviaci\u00f3n, especialmente los estudiantes de piloto. Los estudiantes de aviaci\u00f3n se enfrentan a menudo a un alto nivel de ruido en la cabina durante la mayor parte del entrenamiento, lo que dificulta una comunicaci\u00f3n clara. Los auriculares para pilotos PH-100A ofrecen una fiable reducci\u00f3n pasiva del ruido para reducir el sonido de fondo y mejorar la concentraci\u00f3n. Desde el entrenamiento inicial hasta el uso a largo plazo, los auriculares de aviaci\u00f3n PH-100 siguen siendo un compa\u00f1ero de vuelo perfecto. Dise\u00f1ados como auriculares de aviaci\u00f3n asequibles, son perfectos para escuelas de vuelo, uso como copiloto y vuelos rutinarios, proporcionando a los nuevos aviadores la comodidad y claridad que necesitan.<\/p>","protected":false},"featured_media":4193,"template":"","meta":[],"product_brand":[],"product_cat":[208,314,319],"product_tag":[],"class_list":{"0":"post-3702","1":"product","2":"type-product","3":"status-publish","4":"has-post-thumbnail","6":"product_cat-aviation","7":"product_cat-fixed-wing","8":"product_cat-passive-noise-reduction-fixed-wing","10":"first","11":"instock","12":"shipping-taxable","13":"purchasable","14":"product-type-simple"},"_links":{"self":[{"href":"https:\/\/raytalkcomms.com\/es\/wp-json\/wp\/v2\/product\/3702","targetHints":{"allow":["GET"]}}],"collection":[{"href":"https:\/\/raytalkcomms.com\/es\/wp-json\/wp\/v2\/product"}],"about":[{"href":"https:\/\/raytalkcomms.com\/es\/wp-json\/wp\/v2\/types\/product"}],"wp:featuredmedia":[{"embeddable":true,"href":"https:\/\/raytalkcomms.com\/es\/wp-json\/wp\/v2\/media\/4193"}],"wp:attachment":[{"href":"https:\/\/raytalkcomms.com\/es\/wp-json\/wp\/v2\/media?parent=3702"}],"wp:term":[{"taxonomy":"product_brand","embeddable":true,"href":"https:\/\/raytalkcomms.com\/es\/wp-json\/wp\/v2\/product_brand?post=3702"},{"taxonomy":"product_cat","embeddable":true,"href":"https:\/\/raytalkcomms.com\/es\/wp-json\/wp\/v2\/product_cat?post=3702"},{"taxonomy":"product_tag","embeddable":true,"href":"https:\/\/raytalkcomms.com\/es\/wp-json\/wp\/v2\/product_tag?post=3702"}],"curies":[{"name":"wp","href":"https:\/\/api.w.org\/{rel}","templated":true}]}}