{"id":3677,"date":"2025-09-26T10:53:30","date_gmt":"2025-09-26T10:53:30","guid":{"rendered":"https:\/\/raytalkcomms.com\/?post_type=product&#038;p=3677"},"modified":"2026-03-02T07:34:46","modified_gmt":"2026-03-02T07:34:46","slug":"ph-600a-anr-aviation-headsets-with-bluetooth","status":"publish","type":"product","link":"https:\/\/raytalkcomms.com\/es\/producto\/ph-600a-anr-aviation-headsets-with-bluetooth\/","title":{"rendered":"PH-600A Auriculares ANR para aviaci\u00f3n con Bluetooth"},"content":{"rendered":"<p>El auricular bluetooth para aviaci\u00f3n PH-600 est\u00e1 dise\u00f1ado con un aspecto elegante y una calidad de fabricaci\u00f3n profesional, lo que lo convierte en una opci\u00f3n competitiva en el mercado de los auriculares para aviaci\u00f3n. Incorpora una nueva y c\u00f3moda diadema con almohadilla reemplazable para una mayor durabilidad, junto con micr\u00f3fonos ultrasensibles con cancelaci\u00f3n de ruido que giran 270\u00b0 para una colocaci\u00f3n precisa. Las almohadillas de piel sint\u00e9tica son suaves y ergon\u00f3micas, y garantizan horas de uso sin fatiga. Para pilotos comerciales, instructores de vuelo y profesionales de la aviaci\u00f3n, estos auriculares de aviaci\u00f3n ofrecen un rendimiento de alta calidad a un precio rentable, con el aspecto y la sensaci\u00f3n de las marcas de primera calidad sin concesiones.<\/p>\n<h3>Caracter\u00edsticas:<\/h3>\n<ul>\n<li>\u00cdndice de reducci\u00f3n de ruido activo (NRR): 29 dB<\/li>\n<li>\u00cdndice de reducci\u00f3n del ruido pasivo (NRR): 23 dB<\/li>\n<li>Nuevo tipo de diadema c\u00f3moda con almohadilla reemplazable<\/li>\n<li>Cinta de acero inoxidable ajustable por encima de la cabeza<\/li>\n<li>Almohadillas de imitaci\u00f3n de cuero<\/li>\n<li>Caja de control Bluetooth para m\u00fasica y llamadas telef\u00f3nicas<\/li>\n<li>Micr\u00f3fono de silicona giratorio 270<\/li>\n<li>Entrada de audio auxiliar de 3,5 mm . (cable incluido)<\/li>\n<li>Interruptor de prioridad de audio de 3 v\u00edas: A) Prioridad de intercomunicaci\u00f3n, B) Todas las fuentes de audio, C) S\u00f3lo intercomunicaci\u00f3n.<\/li>\n<li>LED de alimentaci\u00f3n\/estado de la bater\u00eda de 3 colores.<\/li>\n<li>LED de estado Bluetooth de 4 funciones.<\/li>\n<li>Utiliza 2 pilas AA. (pilas no incluidas)<\/li>\n<li>Enchufes dobles de alta compatibilidad<\/li>\n<\/ul>\n<h3>Ventajas:<\/h3>\n<p>Para los pilotos que a menudo luchan con el ruido de la cabina y largas horas de uso de auriculares, el auricular PH-600A ANR de aviaci\u00f3n proporciona comodidad duradera y audio claro. Estos auriculares Bluetooth para m\u00e1quinas voladoras ofrecen flexibilidad tanto para pedidos de lotes peque\u00f1os como al por mayor, lo que los convierte en una soluci\u00f3n ideal para escuelas de formaci\u00f3n, aerol\u00edneas y tripulaciones profesionales.<\/p>","protected":false},"excerpt":{"rendered":"<p>Los auriculares de aviaci\u00f3n PH-600A combinan la avanzada tecnolog\u00eda de auriculares ANR con la capacidad Bluetooth para una comunicaci\u00f3n cristalina. Una caja de control Bluetooth integrada garantiza una conectividad sencilla, mientras que la reducci\u00f3n activa del ruido crea una cabina excepcionalmente silenciosa. Dise\u00f1ados para ofrecer comodidad y rendimiento, estos auriculares se adaptan a la mayor\u00eda de los tipos de aeronaves, proporcionando a los pilotos un audio fiable y un funcionamiento inal\u00e1mbrico sin problemas.<\/p>","protected":false},"featured_media":4195,"template":"","meta":[],"product_brand":[],"product_cat":[208,314,320],"product_tag":[],"class_list":{"0":"post-3677","1":"product","2":"type-product","3":"status-publish","4":"has-post-thumbnail","6":"product_cat-aviation","7":"product_cat-fixed-wing","8":"product_cat-bluetooth-fixed-wing","10":"first","11":"instock","12":"shipping-taxable","13":"purchasable","14":"product-type-simple"},"_links":{"self":[{"href":"https:\/\/raytalkcomms.com\/es\/wp-json\/wp\/v2\/product\/3677","targetHints":{"allow":["GET"]}}],"collection":[{"href":"https:\/\/raytalkcomms.com\/es\/wp-json\/wp\/v2\/product"}],"about":[{"href":"https:\/\/raytalkcomms.com\/es\/wp-json\/wp\/v2\/types\/product"}],"wp:featuredmedia":[{"embeddable":true,"href":"https:\/\/raytalkcomms.com\/es\/wp-json\/wp\/v2\/media\/4195"}],"wp:attachment":[{"href":"https:\/\/raytalkcomms.com\/es\/wp-json\/wp\/v2\/media?parent=3677"}],"wp:term":[{"taxonomy":"product_brand","embeddable":true,"href":"https:\/\/raytalkcomms.com\/es\/wp-json\/wp\/v2\/product_brand?post=3677"},{"taxonomy":"product_cat","embeddable":true,"href":"https:\/\/raytalkcomms.com\/es\/wp-json\/wp\/v2\/product_cat?post=3677"},{"taxonomy":"product_tag","embeddable":true,"href":"https:\/\/raytalkcomms.com\/es\/wp-json\/wp\/v2\/product_tag?post=3677"}],"curies":[{"name":"wp","href":"https:\/\/api.w.org\/{rel}","templated":true}]}}