{"id":3674,"date":"2025-09-26T09:20:37","date_gmt":"2025-09-26T09:20:37","guid":{"rendered":"https:\/\/raytalkcomms.com\/?post_type=product&#038;p=3674"},"modified":"2025-12-04T08:26:49","modified_gmt":"2025-12-04T08:26:49","slug":"b-51q-2-way-radio-headset-with-metal-boom-arm","status":"publish","type":"product","link":"https:\/\/raytalkcomms.com\/es\/producto\/b-51q-2-way-radio-headset-with-metal-boom-arm\/","title":{"rendered":"B-51Q Radioauricular bidireccional con brazo de metal"},"content":{"rendered":"<p>Los auriculares de radio bidireccionales B-51Q est\u00e1n dise\u00f1ados para entornos exigentes en los que el ruido y las largas horas de trabajo suponen un reto para la comunicaci\u00f3n. A diferencia de otros auriculares de radio bidireccionales de otras marcas, dispone de almohadillas de gel que se sellan herm\u00e9ticamente para una reducci\u00f3n superior del ruido al tiempo que permanecen suaves y respetuosas con la piel, lo que permite a los usuarios trabajar o supervisar carreras sin molestias ni fatiga. Los auriculares de radio bidireccionales B-51Q ofrecen colores de auriculares personalizados como azul, rojo, rosa, amarillo y verde para mayor seguridad y f\u00e1cil identificaci\u00f3n en sitios industriales.<\/p>\n<h3>Caracter\u00edsticas:<\/h3>\n<ul>\n<li>Micr\u00f3fono de brazo met\u00e1lico ajustable<\/li>\n<li>Detr\u00e1s de la cabeza banda de metal<\/li>\n<li>Correa superior ajustable para la cabeza<\/li>\n<li>Almohadillas de gel<\/li>\n<li>Toma XLR de desconexi\u00f3n r\u00e1pida<\/li>\n<\/ul>\n<h3>Personalizaci\u00f3n opcional:<\/h3>\n<ul>\n<li>PTT rojo en los auriculares<\/li>\n<li>M\u00e1s colores de auriculares (rojo, amarillo, rosa, verde y azul)<\/li>\n<\/ul>\n<h3>Ventajas:<\/h3>\n<p>Este auricular B-51Q de alta resistencia con micr\u00f3fono incluye una toma de desconexi\u00f3n r\u00e1pida que se conecta f\u00e1cilmente a un cable de repuesto, lo que permite adaptar el auricular a diferentes sistemas de radio bidireccionales. Fabricado para equipos profesionales, garantiza un rendimiento fiable y un valor a largo plazo en entornos exigentes.<\/p>","protected":false},"excerpt":{"rendered":"<p>B-51Q auriculares de radio de 2 v\u00edas es sobre la cabeza de doble orejera de alta resistencia auriculares con cancelaci\u00f3n de ruido que ofrecen una voz superior con cancelaci\u00f3n de ruido, mientras que proporciona comodidad y estabilidad. Se trata de unos auriculares muy adecuados para ingenieros de carreras y aficionados a las carreras de coches. En comparaci\u00f3n con el B-50Q, el B-51Q incorpora un brazo met\u00e1lico ajustable que permite a los usuarios colocar el micr\u00f3fono con precisi\u00f3n para obtener un audio m\u00e1s claro, mayor flexibilidad y mayor comodidad durante un uso prolongado.<\/p>","protected":false},"featured_media":3657,"template":"","meta":[],"product_brand":[],"product_cat":[209,268,217,214],"product_tag":[],"class_list":{"0":"post-3674","1":"product","2":"type-product","3":"status-publish","4":"has-post-thumbnail","6":"product_cat-racing","7":"product_cat-headset-racing","8":"product_cat-heavy-duty-headset","9":"product_cat-two-way-radio-accessories","11":"first","12":"instock","13":"shipping-taxable","14":"purchasable","15":"product-type-simple"},"_links":{"self":[{"href":"https:\/\/raytalkcomms.com\/es\/wp-json\/wp\/v2\/product\/3674","targetHints":{"allow":["GET"]}}],"collection":[{"href":"https:\/\/raytalkcomms.com\/es\/wp-json\/wp\/v2\/product"}],"about":[{"href":"https:\/\/raytalkcomms.com\/es\/wp-json\/wp\/v2\/types\/product"}],"wp:featuredmedia":[{"embeddable":true,"href":"https:\/\/raytalkcomms.com\/es\/wp-json\/wp\/v2\/media\/3657"}],"wp:attachment":[{"href":"https:\/\/raytalkcomms.com\/es\/wp-json\/wp\/v2\/media?parent=3674"}],"wp:term":[{"taxonomy":"product_brand","embeddable":true,"href":"https:\/\/raytalkcomms.com\/es\/wp-json\/wp\/v2\/product_brand?post=3674"},{"taxonomy":"product_cat","embeddable":true,"href":"https:\/\/raytalkcomms.com\/es\/wp-json\/wp\/v2\/product_cat?post=3674"},{"taxonomy":"product_tag","embeddable":true,"href":"https:\/\/raytalkcomms.com\/es\/wp-json\/wp\/v2\/product_tag?post=3674"}],"curies":[{"name":"wp","href":"https:\/\/api.w.org\/{rel}","templated":true}]}}