{"id":3608,"date":"2025-09-26T06:52:13","date_gmt":"2025-09-26T06:52:13","guid":{"rendered":"https:\/\/raytalkcomms.com\/?post_type=product&#038;p=3608"},"modified":"2025-12-30T07:03:15","modified_gmt":"2025-12-30T07:03:15","slug":"rtm-03-military-throat-microphone","status":"publish","type":"product","link":"https:\/\/raytalkcomms.com\/es\/producto\/rtm-03-military-throat-microphone\/","title":{"rendered":"RTM-03 Micr\u00f3fono militar de garganta"},"content":{"rendered":"<p>El micr\u00f3fono de garganta RTM-03 est\u00e1 dise\u00f1ado para entornos exigentes y ofrece la comodidad y claridad que se espera de la comunicaci\u00f3n t\u00e1ctica. Su banda ajustable se adapta a cuellos de 12 a 14 pulgadas, mientras que el dise\u00f1o de un solo cable integra un gran bot\u00f3n remoto redondo para un control seguro y manos libres. Estos micr\u00f3fonos de garganta est\u00e1n listos para el suministro OEM\/ODM para satisfacer diversas necesidades de comunicaci\u00f3n profesionales y militares.<\/p>\n<p>Caracter\u00edsticas:<br \/>\nCuello ajustable<br \/>\nAuricular de tubo transparente reversible<br \/>\nAltavoz de armadura<br \/>\nMicr\u00f3fono de condensador electret<br \/>\nBot\u00f3n redondo grande del mando a distancia<\/p>\n<p>Ventajas:<br \/>\nEl RTM-03 destaca entre los micr\u00f3fonos de garganta, ya que combina comodidad con una claridad fiable sobre el terreno. Como micr\u00f3fono de garganta t\u00e1ctico, transmite el habla a trav\u00e9s de las vibraciones de la garganta, mientras que la tecnolog\u00eda de micr\u00f3fono avanzada recibe incluso el audio susurrado del usuario. Duradero, seguro y probado sobre el terreno, mantiene a los equipos t\u00e1cticos conectados cuando las comunicaciones son m\u00e1s importantes.<\/p>","protected":false},"excerpt":{"rendered":"<p>El micr\u00f3fono de garganta militar de tubo ac\u00fastico blando RTM-03 est\u00e1 fabricado para una comunicaci\u00f3n clara en entornos muy ruidosos. A diferencia de los auriculares t\u00e1cticos est\u00e1ndar, este micr\u00f3fono de garganta flexible se envuelve alrededor del cuello para recoger las vibraciones directamente de la garganta, bloqueando el ruido de fondo. Un tubo transparente de estilo vigilancia se coloca detr\u00e1s de la oreja y el auricular se ajusta firmemente en su interior, garantizando una comunicaci\u00f3n m\u00e1s estable y clara. Se trata de una elecci\u00f3n fiable para equipos t\u00e1cticos, ejercicios de entrenamiento y operaciones sobre el terreno en las que hay que o\u00edr todas las \u00f3rdenes.<\/p>\n<div id=\"gtx-trans\" style=\"position: absolute; left: 218px; top: -8.8px;\">\n<div class=\"gtx-trans-icon\"><\/div>\n<\/div>","protected":false},"featured_media":4191,"template":"","meta":[],"product_brand":[],"product_cat":[210,252],"product_tag":[],"class_list":{"0":"post-3608","1":"product","2":"type-product","3":"status-publish","4":"has-post-thumbnail","6":"product_cat-military-tactical","7":"product_cat-headset","9":"first","10":"instock","11":"shipping-taxable","12":"purchasable","13":"product-type-simple"},"_links":{"self":[{"href":"https:\/\/raytalkcomms.com\/es\/wp-json\/wp\/v2\/product\/3608","targetHints":{"allow":["GET"]}}],"collection":[{"href":"https:\/\/raytalkcomms.com\/es\/wp-json\/wp\/v2\/product"}],"about":[{"href":"https:\/\/raytalkcomms.com\/es\/wp-json\/wp\/v2\/types\/product"}],"wp:featuredmedia":[{"embeddable":true,"href":"https:\/\/raytalkcomms.com\/es\/wp-json\/wp\/v2\/media\/4191"}],"wp:attachment":[{"href":"https:\/\/raytalkcomms.com\/es\/wp-json\/wp\/v2\/media?parent=3608"}],"wp:term":[{"taxonomy":"product_brand","embeddable":true,"href":"https:\/\/raytalkcomms.com\/es\/wp-json\/wp\/v2\/product_brand?post=3608"},{"taxonomy":"product_cat","embeddable":true,"href":"https:\/\/raytalkcomms.com\/es\/wp-json\/wp\/v2\/product_cat?post=3608"},{"taxonomy":"product_tag","embeddable":true,"href":"https:\/\/raytalkcomms.com\/es\/wp-json\/wp\/v2\/product_tag?post=3608"}],"curies":[{"name":"wp","href":"https:\/\/api.w.org\/{rel}","templated":true}]}}