{"id":3508,"date":"2025-09-26T02:01:37","date_gmt":"2025-09-26T02:01:37","guid":{"rendered":"https:\/\/raytalkcomms.com\/?post_type=product&#038;p=3508"},"modified":"2025-12-04T13:06:33","modified_gmt":"2025-12-04T13:06:33","slug":"rsm-151-cc-light-weight-shoulder-mic-for-walkie-talkie","status":"publish","type":"product","link":"https:\/\/raytalkcomms.com\/es\/producto\/rsm-151-cc-light-weight-shoulder-mic-for-walkie-talkie\/","title":{"rendered":"RSM-151\/CC Micr\u00f3fono de hombro ligero para walkie talkie"},"content":{"rendered":"<p>Nuestro ligero micr\u00f3fono remoto RSM-151 es un nuevo dise\u00f1o para radios walkie talkie POC, como Motorola, Kenwood, Icom, etc. Este es un accesorio esencial para los trabajadores \/ polic\u00eda \/ seguridad que necesitan utilizar su radio con frecuencia y no quieren correr el riesgo de dejar caer su radio cada vez que quieren hablar, y liberar sus manos para otras cosas.<\/p>\n<h3>Caracter\u00edsticas:<\/h3>\n<ul>\n<li>Dise\u00f1o PTT<\/li>\n<li>Micr\u00f3fono frontal<\/li>\n<li>Altavoz de gran potencia<\/li>\n<li>Bater\u00eda integrada de 500 mAh<\/li>\n<li>Con un resistente clip giratorio de 360 grados para el cintur\u00f3n<\/li>\n<li>Toma para accesorios de audio de 3,5 mm<\/li>\n<\/ul>\n<h3>Personalizaci\u00f3n opcional:<\/h3>\n<ul>\n<li>Un interruptor amplificador de potencia<\/li>\n<li>Un puerto de carga Tipo-C<\/li>\n<\/ul>\n<h3>Ventajas:<\/h3>\n<p>El RSM-151 admite tanto el uso de mano como de hombro, ofreciendo la flexibilidad de un micr\u00f3fono de altavoz de hombro fiable. Funciona a la perfecci\u00f3n en una radio bidireccional con configuraci\u00f3n de micr\u00f3fono y ofrece un rendimiento comparable a los micr\u00f3fonos de radio Kenwood originales, combinando un audio n\u00edtido con una comodidad ligera.<\/p>","protected":false},"excerpt":{"rendered":"<p>El ligero micr\u00f3fono de hombro remoto RSM-151\/CC para walkie talkie ofrece a los profesionales una forma fiable de comunicarse con claridad en cualquier situaci\u00f3n. El RSM-151\/CC, un vers\u00e1til micr\u00f3fono de hombro con altavoz, se sujeta con seguridad a los uniformes para un uso manos libres y funciona como un ligero micr\u00f3fono de radio bidireccional que se mantiene c\u00f3modo y duradero durante largas horas. Este pr\u00e1ctico micr\u00f3fono para usuarios de walkie talkie combina una construcci\u00f3n robusta con un audio n\u00edtido, lo que lo convierte en una herramienta fiable en trabajos de seguridad p\u00fablica, construcci\u00f3n y vigilancia.<\/p>","protected":false},"featured_media":3414,"template":"","meta":[],"product_brand":[],"product_cat":[214,216],"product_tag":[],"class_list":{"0":"post-3508","1":"product","2":"type-product","3":"status-publish","4":"has-post-thumbnail","6":"product_cat-two-way-radio-accessories","7":"product_cat-speaker-microphone","9":"first","10":"instock","11":"shipping-taxable","12":"purchasable","13":"product-type-simple"},"_links":{"self":[{"href":"https:\/\/raytalkcomms.com\/es\/wp-json\/wp\/v2\/product\/3508","targetHints":{"allow":["GET"]}}],"collection":[{"href":"https:\/\/raytalkcomms.com\/es\/wp-json\/wp\/v2\/product"}],"about":[{"href":"https:\/\/raytalkcomms.com\/es\/wp-json\/wp\/v2\/types\/product"}],"wp:featuredmedia":[{"embeddable":true,"href":"https:\/\/raytalkcomms.com\/es\/wp-json\/wp\/v2\/media\/3414"}],"wp:attachment":[{"href":"https:\/\/raytalkcomms.com\/es\/wp-json\/wp\/v2\/media?parent=3508"}],"wp:term":[{"taxonomy":"product_brand","embeddable":true,"href":"https:\/\/raytalkcomms.com\/es\/wp-json\/wp\/v2\/product_brand?post=3508"},{"taxonomy":"product_cat","embeddable":true,"href":"https:\/\/raytalkcomms.com\/es\/wp-json\/wp\/v2\/product_cat?post=3508"},{"taxonomy":"product_tag","embeddable":true,"href":"https:\/\/raytalkcomms.com\/es\/wp-json\/wp\/v2\/product_tag?post=3508"}],"curies":[{"name":"wp","href":"https:\/\/api.w.org\/{rel}","templated":true}]}}