{"id":3161,"date":"2025-09-25T13:37:54","date_gmt":"2025-09-25T13:37:54","guid":{"rendered":"https:\/\/raytalkcomms.com\/?post_type=product&#038;p=3161"},"modified":"2025-12-04T13:11:55","modified_gmt":"2025-12-04T13:11:55","slug":"rsm-110-cc-push-to-talk-walkie-microphone-for-two-way-radio","status":"publish","type":"product","link":"https:\/\/raytalkcomms.com\/es\/producto\/rsm-110-cc-push-to-talk-walkie-microphone-for-two-way-radio\/","title":{"rendered":"RSM-110\/CC Micr\u00f3fono Walkie Push To Talk para radio bidireccional"},"content":{"rendered":"<p>El micr\u00f3fono walkie RSM-110\/CC est\u00e1 dise\u00f1ado para mejorar la comunicaci\u00f3n proporcionando un funcionamiento claro y manos libres para radios bidireccionales. Ligero y c\u00f3modo de transportar, este micr\u00f3fono para radio bidireccional permite a los profesionales de la seguridad p\u00fablica y los entornos comerciales mantenerse conectados en todo momento. Perfecto para equipos de seguridad, cuerpos de seguridad y actividades al aire libre, el micr\u00f3fono con altavoz para walkie talkie RSM-100 garantiza un rendimiento fiable all\u00ed donde la comunicaci\u00f3n es m\u00e1s importante.<\/p>\n<h3>Caracter\u00edsticas:<\/h3>\n<ul>\n<li>Bot\u00f3n Push-to-Talk: Proporciona una comunicaci\u00f3n instant\u00e1nea y fiable con solo pulsar un bot\u00f3n, lo que garantiza tiempos de respuesta r\u00e1pidos y una coordinaci\u00f3n perfecta del equipo en situaciones cr\u00edticas.<\/li>\n<li>Micr\u00f3fono de alta calidad: Captura un audio claro y n\u00edtido con tecnolog\u00eda de audio avanzada, eliminando los sonidos de fondo para que cada instrucci\u00f3n se transmita con precisi\u00f3n.<\/li>\n<li>Altavoz de alto rendimiento: Ofrece un sonido alto y claro incluso en entornos ruidosos, lo que garantiza que los mensajes se oigan sin distorsi\u00f3n durante operaciones industriales de gran volumen.<\/li>\n<li>Cable en espiral de kevlar duradero: Dise\u00f1ado para ofrecer resistencia y flexibilidad duraderas, resiste el desgaste, los desgarros y los enredos para soportar las condiciones industriales o al aire libre m\u00e1s duras.<\/li>\n<li>Pinza para ropa reforzada con metal, giratoria 360\u00b0 y accionada por resorte: Permite una sujeci\u00f3n segura y ajustable a uniformes, cinturones o equipos, manteniendo el micr\u00f3fono en su sitio a la vez que proporciona la m\u00e1xima movilidad y comodidad.<\/li>\n<li>Toma de audio de 3,5 mm: compatible con una amplia gama de auriculares y accesorios profesionales, ofrece una conectividad vers\u00e1til y mejores opciones de comunicaci\u00f3n.<\/li>\n<\/ul>\n<h3>Ventajas:<\/h3>\n<p>El RSM-110\/CC proporciona las ventajas de un potente micr\u00f3fono con altavoz para radio bidireccional, ofreciendo una comunicaci\u00f3n cristalina en cualquier situaci\u00f3n. Como micr\u00f3fono con altavoz fiable, su gran compatibilidad le permite funcionar sin problemas con la mayor\u00eda de las principales radios bidireccionales, incluida Motorola. Este resistente micr\u00f3fono walkie est\u00e1 dise\u00f1ado para uso profesional y combina la durabilidad de un micr\u00f3fono de radio bidireccional de calidad industrial con una claridad de audio superior, por lo que es ideal para entornos exigentes en los que una comunicaci\u00f3n manos libres fiable es esencial para la seguridad y la eficacia.<\/p>","protected":false},"excerpt":{"rendered":"<p>El RSM-110\/CC es un micr\u00f3fono walkie push to talk para radio bidireccional. Est\u00e1 dise\u00f1ado para profesionales que necesitan una comunicaci\u00f3n fiable y n\u00edtida. Este resistente micr\u00f3fono con altavoz para radio bidireccional ofrece audio de alta calidad, lo que garantiza que sus mensajes se oigan alto y claro en cualquier entorno. Con su construcci\u00f3n duradera y dise\u00f1o ergon\u00f3mico, este micr\u00f3fono con altavoz walkie talkie es perfecto para equipos de seguridad, personal de eventos, seguridad p\u00fablica y uso comercial. Fabricado para ofrecer comodidad y un uso prolongado, el RSM-100A\/CC mejora la eficacia y la seguridad manteniendo la comunicaci\u00f3n sin problemas y con las manos libres.<\/p>","protected":false},"featured_media":3162,"template":"","meta":[],"product_brand":[],"product_cat":[214,216],"product_tag":[255,256,257],"class_list":{"0":"post-3161","1":"product","2":"type-product","3":"status-publish","4":"has-post-thumbnail","6":"product_cat-two-way-radio-accessories","7":"product_cat-speaker-microphone","8":"product_tag-push-to-talk","9":"product_tag-remote-speaker-mic","10":"product_tag-two-way-radio-accessory","12":"first","13":"instock","14":"shipping-taxable","15":"purchasable","16":"product-type-simple"},"_links":{"self":[{"href":"https:\/\/raytalkcomms.com\/es\/wp-json\/wp\/v2\/product\/3161","targetHints":{"allow":["GET"]}}],"collection":[{"href":"https:\/\/raytalkcomms.com\/es\/wp-json\/wp\/v2\/product"}],"about":[{"href":"https:\/\/raytalkcomms.com\/es\/wp-json\/wp\/v2\/types\/product"}],"wp:featuredmedia":[{"embeddable":true,"href":"https:\/\/raytalkcomms.com\/es\/wp-json\/wp\/v2\/media\/3162"}],"wp:attachment":[{"href":"https:\/\/raytalkcomms.com\/es\/wp-json\/wp\/v2\/media?parent=3161"}],"wp:term":[{"taxonomy":"product_brand","embeddable":true,"href":"https:\/\/raytalkcomms.com\/es\/wp-json\/wp\/v2\/product_brand?post=3161"},{"taxonomy":"product_cat","embeddable":true,"href":"https:\/\/raytalkcomms.com\/es\/wp-json\/wp\/v2\/product_cat?post=3161"},{"taxonomy":"product_tag","embeddable":true,"href":"https:\/\/raytalkcomms.com\/es\/wp-json\/wp\/v2\/product_tag?post=3161"}],"curies":[{"name":"wp","href":"https:\/\/api.w.org\/{rel}","templated":true}]}}