{"id":955,"date":"2024-12-17T15:15:43","date_gmt":"2024-12-17T15:15:43","guid":{"rendered":"https:\/\/startersites.io\/elementor\/e-bike\/?page_id=955"},"modified":"2026-01-05T02:13:29","modified_gmt":"2026-01-05T02:13:29","slug":"contact-us","status":"publish","type":"page","link":"https:\/\/raytalkcomms.com\/es\/contact-us\/","title":{"rendered":"Contacte con nosotros"},"content":{"rendered":"\t\t<div data-elementor-type=\"wp-page\" data-elementor-id=\"955\" class=\"elementor elementor-955\" data-elementor-post-type=\"page\">\n\t\t\t\t<div class=\"elementor-element elementor-element-6b83116 e-grid e-con-boxed e-con e-parent\" data-id=\"6b83116\" data-element_type=\"container\" data-settings=\"{&quot;background_background&quot;:&quot;classic&quot;}\">\n\t\t\t\t\t<div class=\"e-con-inner\">\n\t\t<div class=\"elementor-element elementor-element-44b73fd e-con-full e-flex e-con e-child\" data-id=\"44b73fd\" data-element_type=\"container\">\n\t\t\t\t<div class=\"elementor-element elementor-element-bf20c37 elementor-widget elementor-widget-shortcode\" data-id=\"bf20c37\" data-element_type=\"widget\" data-widget_type=\"shortcode.default\">\n\t\t\t\t<div class=\"elementor-widget-container\">\n\t\t\t\t\t\t\t<div class=\"elementor-shortcode\"><\/div>\n\t\t\t\t\t\t<\/div>\n\t\t\t\t<\/div>\n\t\t\t\t<div class=\"elementor-element elementor-element-b6802c1 elementor-widget elementor-widget-heading\" data-id=\"b6802c1\" data-element_type=\"widget\" data-widget_type=\"heading.default\">\n\t\t\t\t<div class=\"elementor-widget-container\">\n\t\t\t\t\t<h2 class=\"elementor-heading-title elementor-size-default\">Contact Us<\/h2>\t\t\t\t<\/div>\n\t\t\t\t<\/div>\n\t\t\t\t<div class=\"elementor-element elementor-element-c73f1b0 elementor-widget__width-initial elementor-widget elementor-widget-text-editor\" data-id=\"c73f1b0\" data-element_type=\"widget\" data-widget_type=\"text-editor.default\">\n\t\t\t\t<div class=\"elementor-widget-container\">\n\t\t\t\t\t\t\t\t\t<p>Have a question or a project in mind? Send us a message and our team will get back to you as soon as possible.<\/p>\t\t\t\t\t\t\t\t<\/div>\n\t\t\t\t<\/div>\n\t\t\t\t<\/div>\n\t\t\t\t\t<\/div>\n\t\t\t\t<\/div>\n\t\t<div class=\"elementor-element elementor-element-448c48e e-grid e-con-boxed e-con e-parent\" data-id=\"448c48e\" data-element_type=\"container\">\n\t\t\t\t\t<div class=\"e-con-inner\">\n\t\t<div class=\"elementor-element elementor-element-6acbb31 e-con-full e-grid e-con e-child\" data-id=\"6acbb31\" data-element_type=\"container\">\n\t\t<div class=\"elementor-element elementor-element-ad976c4 e-con-full e-flex e-con e-child\" data-id=\"ad976c4\" data-element_type=\"container\">\n\t\t\t\t<div class=\"elementor-element elementor-element-39a056f elementor-widget__width-initial elementor-widget elementor-widget-text-editor\" data-id=\"39a056f\" data-element_type=\"widget\" data-widget_type=\"text-editor.default\">\n\t\t\t\t<div class=\"elementor-widget-container\">\n\t\t\t\t\t\t\t\t\t<p>If you have any questions about communication accessories, please feel free to contact RayTalk. We are committed to being a reliable one-stop OEM provider for communication accessories. With our team of skilled professionals and a state-of-the-art plastic mold processing department, we have the capability to support any OEM and ODM projects. Our production processes are carried out with meticulous attention to detail, and we have a wide range of performance testing equipment to ensure that our products meet the highest standards of quality. Our comprehensive quality control system further guarantees the stability and excellence of our offerings.<\/p>\t\t\t\t\t\t\t\t<\/div>\n\t\t\t\t<\/div>\n\t\t\t\t<\/div>\n\t\t\t\t<\/div>\n\t\t<div class=\"elementor-element elementor-element-3b27ef8 e-con-full contact-form e-flex e-con e-child\" data-id=\"3b27ef8\" data-element_type=\"container\" data-settings=\"{&quot;background_background&quot;:&quot;classic&quot;}\">\n\t\t\t\t<div class=\"elementor-element elementor-element-2e01d4f fluentform-widget-submit-button-full-width elementor-widget elementor-widget-fluent-form-widget\" data-id=\"2e01d4f\" data-element_type=\"widget\" data-widget_type=\"fluent-form-widget.default\">\n\t\t\t\t<div class=\"elementor-widget-container\">\n\t\t\t\t\t\n            <div class=\"fluentform-widget-wrapper fluentform-widget-align-default\">\n\n            \n            <div class='fluentform ff-default fluentform_wrapper_1 ffs_default_wrap'><form data-form_id=\"1\" id=\"fluentform_1\" class=\"frm-fluent-form fluent_form_1 ff-el-form-top ff_form_instance_1_1 ff-form-loading ffs_default\" data-form_instance=\"ff_form_instance_1_1\" method=\"POST\" ><fieldset  style=\"border: none!important;margin: 0!important;padding: 0!important;background-color: transparent!important;box-shadow: none!important;outline: none!important; min-inline-size: 100%;\">\n                    <legend class=\"ff_screen_reader_title\" style=\"display: block; margin: 0!important;padding: 0!important;height: 0!important;text-indent: -999999px;width: 0!important;overflow:hidden;\">Contact Us<\/legend>        <div\n                style=\"display: none!important; position: absolute!important; transform: translateX(1000%)!important;\"\n                class=\"ff-el-group ff-hpsf-container\"\n        >\n            <div class=\"ff-el-input--label asterisk-right\">\n                <label for=\"ff_1_item_sf\" aria-label=\"Notify\">\n                    Notify                <\/label>\n            <\/div>\n            <div class=\"ff-el-input--content\">\n                <input type=\"text\"\n                       name=\"item_1__fluent_sf\"\n                       class=\"ff-el-form-control\"\n                       id=\"ff_1_item_sf\"\n                \/>\n            <\/div>\n        <\/div>\n        <input type=\"hidden\" name=\"ff_ct_form_load_time\" class=\"ff_ct_form_load_time\" value=\"\"><input type='hidden' name='__fluent_form_embded_post_id' value='955' \/><input type=\"hidden\" id=\"_fluentform_1_fluentformnonce\" name=\"_fluentform_1_fluentformnonce\" value=\"f3ed946c0a\" \/><input type=\"hidden\" name=\"_wp_http_referer\" value=\"\/es\/wp-json\/wp\/v2\/pages\/955\" \/><div data-type=\"name-element\" data-name=\"names\" class=\" ff-field_container ff-name-field-wrapper\" ><div class='ff-t-container'><div class='ff-t-cell '><div class='ff-el-group'><div class=\"ff-el-input--label ff-el-is-required asterisk-right\"><label for='ff_1_names_first_name_' id='label_ff_1_names_first_name_' >First Name<\/label><\/div><div class='ff-el-input--content'><input type=\"text\" name=\"names[first_name]\" id=\"ff_1_names_first_name_\" class=\"ff-el-form-control\" placeholder=\"First Name\" aria-invalid=\"false\" aria-required=true><\/div><\/div><\/div><div class='ff-t-cell '><div class='ff-el-group'><div class=\"ff-el-input--label asterisk-right\"><label for='ff_1_names_last_name_' id='label_ff_1_names_last_name_' >Last Name<\/label><\/div><div class='ff-el-input--content'><input type=\"text\" name=\"names[last_name]\" id=\"ff_1_names_last_name_\" class=\"ff-el-form-control\" placeholder=\"Last Name\" aria-invalid=\"false\" aria-required=false><\/div><\/div><\/div><\/div><\/div><div class='ff-el-group'><div class=\"ff-el-input--label ff-el-is-required asterisk-right\"><label for='ff_1_email' id='label_ff_1_email' aria-label=\"Email\">Email<\/label><\/div><div class='ff-el-input--content'><input type=\"email\" name=\"email\" id=\"ff_1_email\" class=\"ff-el-form-control\" placeholder=\"Email Address\" data-name=\"email\"  aria-invalid=\"false\" aria-required=true><\/div><\/div><div class='ff-el-group'><div class=\"ff-el-input--label asterisk-right\"><label for='ff_1_input_text' id='label_ff_1_input_text' aria-label=\"Telephone\">Telephone<\/label><\/div><div class='ff-el-input--content'><input type=\"text\" name=\"input_text\" class=\"ff-el-form-control\" placeholder=\"Your Telephone Number\" data-name=\"input_text\" id=\"ff_1_input_text\"  aria-invalid=\"false\" aria-required=false><\/div><\/div><div class='ff-el-group'><div class=\"ff-el-input--label asterisk-right\"><label for='ff_1_input_text_1' id='label_ff_1_input_text_1' aria-label=\"Company\">Company<\/label><\/div><div class='ff-el-input--content'><input type=\"text\" name=\"input_text_1\" class=\"ff-el-form-control\" placeholder=\"Your Company Name\" data-name=\"input_text_1\" id=\"ff_1_input_text_1\"  aria-invalid=\"false\" aria-required=false><\/div><\/div><div class='ff-el-group'><div class=\"ff-el-input--label ff-el-is-required asterisk-right\"><label for='ff_1_country-list' id='label_ff_1_country-list' aria-label=\"Country\">Country<\/label><\/div><div class='ff-el-input--content'><select name=\"country-list\" id=\"ff_1_country-list\" class=\"ff-el-form-control\" placeholder=\"Select Country\" data-name=\"country-list\" aria-invalid='false' aria-required=true><option value=''>Select Country<\/option><option value='AF' >Afganist\u00e1n<\/option><option value='AL' >Albania<\/option><option value='DE' >Alemania<\/option><option value='AD' >Andorra<\/option><option value='AO' >Angola<\/option><option value='AI' >Anguilla<\/option><option value='AG' >Antigua y Barbuda<\/option><option value='AQ' >Ant\u00e1rtida<\/option><option value='SA' >Arabia Saudita<\/option><option value='DZ' >Argelia<\/option><option value='AR' >Argentina<\/option><option value='AM' >Armenia<\/option><option value='AW' >Aruba<\/option><option value='AU' >Australia<\/option><option value='AT' >Austria<\/option><option value='AZ' >Azerbaijan<\/option><option value='BS' >Bahamas<\/option><option value='BH' >Bahrain<\/option><option value='BD' >Bangladesh<\/option><option value='BB' >Barbados<\/option><option value='PW' >Belau<\/option><option value='BZ' >Belize<\/option><option value='BJ' >Benin<\/option><option value='BM' >Bermuda<\/option><option value='BT' >Bhutan<\/option><option value='BY' >Bielorrusia<\/option><option value='MM' >Birmania<\/option><option value='BO' >Bolivia<\/option><option value='BQ' >Bonaire, San Eustaquio y Saba<\/option><option value='BA' >Bosnia y Herzegovina<\/option><option value='BW' >Botswana<\/option><option value='BR' >Brasil<\/option><option value='BN' >Brun\u00e9i<\/option><option value='BG' >Bulgaria<\/option><option value='BF' >Burkina Faso<\/option><option value='BI' >Burundi<\/option><option value='BE' >B\u00e9lgica<\/option><option value='CV' >Cabo Verde<\/option><option value='KH' >Camboya<\/option><option value='CM' >Camer\u00fan<\/option><option value='CA' >Canad\u00e1<\/option><option value='TD' >Chad<\/option><option value='CL' >Chile<\/option><option value='CN' >China<\/option><option value='CY' >Chipre<\/option><option value='VA' >Ciudad del Vaticano<\/option><option value='CO' >Colombia<\/option><option value='KM' >Comoras<\/option><option value='KP' >Corea del Norte<\/option><option value='KR' >Corea del Sur<\/option><option value='CR' >Costa Rica<\/option><option value='CI' >Costa de Marfil<\/option><option value='HR' >Croacia<\/option><option value='CU' >Cuba<\/option><option value='CW' >Cura\u00e7ao<\/option><option value='DK' >Dinamarca<\/option><option value='DJ' >Djibouti<\/option><option value='DM' >Dominica<\/option><option value='EC' >Ecuador<\/option><option value='EG' >Egipto<\/option><option value='SV' >El Salvador<\/option><option value='AE' >Emiratos \u00c1rabes Unidos<\/option><option value='ER' >Eritrea<\/option><option value='SK' >Eslovaquia<\/option><option value='SI' >Eslovenia<\/option><option value='ES' >Espa\u00f1a<\/option><option value='VI' >Estados Unidos (EE.UU.) Islas V\u00edrgenes<\/option><option value='US' >Estados Unidos (EEUU)<\/option><option value='EE' >Estonia<\/option><option value='ET' >Etiop\u00eda<\/option><option value='PH' >Filipinas<\/option><option value='FI' >Finlandia<\/option><option value='FJ' >Fiyi<\/option><option value='FR' >Francia<\/option><option value='GA' >Gab\u00f3n<\/option><option value='GM' >Gambia<\/option><option value='GE' >Georgia<\/option><option value='GH' >Ghana<\/option><option value='GI' >Gibraltar<\/option><option value='GD' >Granada<\/option><option value='GR' >Grecia<\/option><option value='GL' >Groenlandia<\/option><option value='GP' >Guadalupe<\/option><option value='GU' >Guam<\/option><option value='GT' >Guatemala<\/option><option value='GF' >Guayana Francesa<\/option><option value='GG' >Guernsey<\/option><option value='GN' >Guinea<\/option><option value='GQ' >Guinea Ecuatorial<\/option><option value='GW' >Guinea-Bis\u00e1u<\/option><option value='GY' >Guyana<\/option><option value='HT' >Hait\u00ed<\/option><option value='HN' >Honduras<\/option><option value='HK' >Hong Kong<\/option><option value='HU' >Hungr\u00eda<\/option><option value='IN' >India<\/option><option value='ID' >Indonesia<\/option><option value='IQ' >Irak<\/option><option value='IE' >Irlanda<\/option><option value='IR' >Ir\u00e1n<\/option><option value='BV' >Isla Bouvet<\/option><option value='NF' >Isla Norfolk<\/option><option value='SH' >Isla Santa Elena<\/option><option value='IM' >Isla de Man<\/option><option value='CX' >Isla de Navidad<\/option><option value='IS' >Islandia<\/option><option value='AX' >Islas Aland<\/option><option value='KY' >Islas Caim\u00e1n<\/option><option value='CC' >Islas Cocos<\/option><option value='CK' >Islas Cook<\/option><option value='FO' >Islas Feroe<\/option><option value='GS' >Islas Georgias y Sandwich del Sur<\/option><option value='HM' >Islas Heard y McDonald<\/option><option value='FK' >Islas Malvinas<\/option><option value='MP' >Islas Marianas del Norte<\/option><option value='MH' >Islas Marshall<\/option><option value='SB' >Islas Salom\u00f3n<\/option><option value='TC' >Islas Turcas y Caicos<\/option><option value='VG' >Islas V\u00edrgenes Brit\u00e1nicas<\/option><option value='UM' >Islas de ultramar menores de Estados Unidos (EEUU)<\/option><option value='IL' >Israel<\/option><option value='IT' >Italia<\/option><option value='JM' >Jamaica<\/option><option value='JP' >Jap\u00f3n<\/option><option value='JE' >Jersey<\/option><option value='JO' >Jordania<\/option><option value='KZ' >Kazajist\u00e1n<\/option><option value='KE' >Kenia<\/option><option value='KG' >Kirguist\u00e1n<\/option><option value='KI' >Kiribati<\/option><option value='XK' >Kosovo<\/option><option value='KW' >Kuwait<\/option><option value='LA' >Laos<\/option><option value='LS' >Lesoto<\/option><option value='LV' >Letonia<\/option><option value='LR' >Liberia<\/option><option value='LY' >Libia<\/option><option value='LI' >Liechtenstein<\/option><option value='LT' >Lituania<\/option><option value='LU' >Luxemburgo<\/option><option value='LB' >L\u00edbano<\/option><option value='MO' >Macao<\/option><option value='MK' >Macedonia<\/option><option value='MG' >Madagascar<\/option><option value='MY' >Malasia<\/option><option value='MW' >Malaui<\/option><option value='MV' >Maldivas<\/option><option value='MT' >Malta<\/option><option value='ML' >Mal\u00ed<\/option><option value='MA' >Marruecos<\/option><option value='MQ' >Martinica<\/option><option value='MU' >Mauricio<\/option><option value='MR' >Mauritania<\/option><option value='YT' >Mayotte<\/option><option value='FM' >Micronesia<\/option><option value='MD' >Moldavia<\/option><option value='MN' >Mongolia<\/option><option value='ME' >Montenegro<\/option><option value='MS' >Montserrat<\/option><option value='MZ' >Mozambique<\/option><option value='MX' >M\u00e9xico<\/option><option value='MC' >M\u00f3naco<\/option><option value='NA' >Namibia<\/option><option value='NR' >Nauru<\/option><option value='NP' >Nepal<\/option><option value='NI' >Nicaragua<\/option><option value='NG' >Nigeria<\/option><option value='NU' >Niue<\/option><option value='NO' >Noruega<\/option><option value='NC' >Nueva Caledonia<\/option><option value='NZ' >Nueva Zelanda<\/option><option value='NE' >N\u00edger<\/option><option value='OM' >Om\u00e1n<\/option><option value='PK' >Pakist\u00e1n<\/option><option value='PA' >Panam\u00e1<\/option><option value='PG' >Pap\u00faa Nueva Guinea<\/option><option value='PY' >Paraguay<\/option><option value='NL' >Pa\u00edses Bajos<\/option><option value='PE' >Per\u00fa<\/option><option value='PN' >Pitcairn<\/option><option value='PF' >Polinesia Francesa<\/option><option value='PL' >Polonia<\/option><option value='PT' >Portugal<\/option><option value='PR' >Puerto Rico<\/option><option value='QA' >Qatar<\/option><option value='GB' >Reino Unido (UK)<\/option><option value='CF' >Rep\u00fablica Centroafricana<\/option><option value='CZ' >Rep\u00fablica Checa<\/option><option value='CD' >Rep\u00fablica Democr\u00e1tica del Congo (Kinshasa)<\/option><option value='DO' >Rep\u00fablica Dominicana<\/option><option value='CG' >Rep\u00fablica del Congo (Brazzaville)<\/option><option value='RE' >Reuni\u00f3n<\/option><option value='RW' >Ruanda<\/option><option value='RO' >Rumania<\/option><option value='RU' >Rusia<\/option><option value='EH' >Sahara Occidental<\/option><option value='BL' >Saint Barth\u00e9lemy<\/option><option value='WS' >Samoa<\/option><option value='AS' >Samoa Americana<\/option><option value='KN' >San Crist\u00f3bal y Nieves<\/option><option value='SM' >San Marino<\/option><option value='SX' >San Mart\u00edn (Pa\u00edses Bajos)<\/option><option value='MF' >San Mart\u00edn (parte de Francia)<\/option><option value='PM' >San Pedro y Miquel\u00f3n<\/option><option value='VC' >San Vicente y las Granadinas<\/option><option value='LC' >Santa Luc\u00eda<\/option><option value='ST' >Santo Tom\u00e9 y Pr\u00edncipe<\/option><option value='SN' >Senegal<\/option><option value='RS' >Serbia<\/option><option value='SC' >Seychelles<\/option><option value='SL' >Sierra Leona<\/option><option value='SG' >Singapur<\/option><option value='SY' >Siria<\/option><option value='SO' >Somalia<\/option><option value='LK' >Sri Lanka<\/option><option value='ZA' >Sud\u00e1frica<\/option><option value='SD' >Sud\u00e1n<\/option><option value='SS' >Sud\u00e1n del Sur<\/option><option value='SE' >Suecia<\/option><option value='CH' >Suiza<\/option><option value='SR' >Surinam<\/option><option value='SJ' >Svalbard y Jan Mayen<\/option><option value='SZ' >Swazilandia<\/option><option value='TH' >Tailandia<\/option><option value='TW' >Taiw\u00e1n<\/option><option value='TZ' >Tanzania<\/option><option value='TJ' >Tayikist\u00e1n<\/option><option value='IO' >Territorio Brit\u00e1nico del Oc\u00e9ano \u00cdndico<\/option><option value='PS' >Territorios Palestinos<\/option><option value='TF' >Territorios australes franceses<\/option><option value='TL' >Timor Oriental<\/option><option value='TG' >Togo<\/option><option value='TK' >Tokelau<\/option><option value='TO' >Tonga<\/option><option value='TT' >Trinidad y Tobago<\/option><option value='TM' >Turkmenist\u00e1n<\/option><option value='TV' >Tuvalu<\/option><option value='TN' >T\u00fanez<\/option><option value='TR' >T\u00fcrkiye<\/option><option value='UA' >Ucrania<\/option><option value='UG' >Uganda<\/option><option value='UY' >Uruguay<\/option><option value='UZ' >Uzbekist\u00e1n<\/option><option value='VU' >Vanuatu<\/option><option value='VE' >Venezuela<\/option><option value='VN' >Vietnam<\/option><option value='WF' >Wallis y Futuna<\/option><option value='YE' >Yemen<\/option><option value='ZM' >Zambia<\/option><option value='ZW' >Zimbabue<\/option><\/select><\/div><\/div><div class='ff-el-group'><div class=\"ff-el-input--label asterisk-right\"><label for='ff_1_subject' id='label_ff_1_subject' aria-label=\"Subject\">Subject<\/label><\/div><div class='ff-el-input--content'><input type=\"text\" name=\"subject\" class=\"ff-el-form-control\" placeholder=\"Subject\" data-name=\"subject\" id=\"ff_1_subject\"  aria-invalid=\"false\" aria-required=false><\/div><\/div><div class='ff-el-group'><div class=\"ff-el-input--label ff-el-is-required asterisk-right\"><label for='ff_1_message' id='label_ff_1_message' aria-label=\"Your Message\">Your Message<\/label><\/div><div class='ff-el-input--content'><textarea aria-required=\"true\" aria-labelledby=\"label_ff_1_message\" name=\"message\" id=\"ff_1_message\" class=\"ff-el-form-control\" placeholder=\"Your Message\" rows=\"8\" cols=\"2\" data-name=\"message\" ><\/textarea><\/div><\/div><div class='ff-el-group ' ><div class='ff-el-input--content'><div data-fluent_id='1' name='g-recaptcha-response'><div\n\t\tdata-sitekey='6LdsbuwrAAAAADFwNt7CRddzx59aLcDVdCUFN_mW'\n\t\tid='fluentform-recaptcha-1-1'\n\t\tclass='ff-el-recaptcha g-recaptcha'\n\t\tdata-callback='fluentFormrecaptchaSuccessCallback'><\/div><\/div><\/div><\/div><div class='ff-el-group ff-text-left ff_submit_btn_wrapper'><button type=\"submit\" class=\"ff-btn ff-btn-submit ff-btn-md ff_btn_style\"  aria-label=\"Submit Form\">Submit Form<\/button><\/div><\/fieldset><\/form><div id='fluentform_1_errors' class='ff-errors-in-stack ff_form_instance_1_1 ff-form-loading_errors ff_form_instance_1_1_errors'><\/div><\/div>            <script type=\"text\/javascript\">\n                window.fluent_form_ff_form_instance_1_1 = {\"id\":\"1\",\"settings\":{\"layout\":{\"labelPlacement\":\"top\",\"helpMessagePlacement\":\"with_label\",\"errorMessagePlacement\":\"inline\",\"cssClassName\":\"\",\"asteriskPlacement\":\"asterisk-right\"},\"restrictions\":{\"denyEmptySubmission\":{\"enabled\":false}}},\"form_instance\":\"ff_form_instance_1_1\",\"form_id_selector\":\"fluentform_1\",\"rules\":{\"names[first_name]\":{\"required\":{\"value\":true,\"message\":\"This field is required\",\"global\":false,\"global_message\":\"This field is required\"}},\"names[middle_name]\":{\"required\":{\"value\":false,\"message\":\"This field is required\",\"global\":false,\"global_message\":\"This field is required\"}},\"names[last_name]\":{\"required\":{\"value\":false,\"message\":\"This field is required\",\"global\":false,\"global_message\":\"This field is required\"}},\"email\":{\"required\":{\"value\":true,\"message\":\"This field is required\",\"global\":false,\"global_message\":\"This field is required\"},\"email\":{\"value\":true,\"message\":\"This field must contain a valid email\",\"global\":false,\"global_message\":\"This field must contain a valid email\"}},\"input_text\":{\"required\":{\"value\":false,\"message\":\"This field is required\",\"global_message\":\"This field is required\",\"global\":true}},\"input_text_1\":{\"required\":{\"value\":false,\"message\":\"This field is required\",\"global_message\":\"This field is required\",\"global\":true}},\"country-list\":{\"required\":{\"value\":true,\"message\":\"This field is required\",\"global_message\":\"This field is required\",\"global\":true}},\"subject\":{\"required\":{\"value\":false,\"message\":\"This field is required\",\"global\":false,\"global_message\":\"This field is required\"}},\"message\":{\"required\":{\"value\":true,\"message\":\"This field is required\",\"global\":false,\"global_message\":\"This field is required\"}},\"g-recaptcha-response\":[]},\"debounce_time\":300};\n                            <\/script>\n                        <\/div>\n\n            \t\t\t\t<\/div>\n\t\t\t\t<\/div>\n\t\t\t\t<\/div>\n\t\t\t\t\t<\/div>\n\t\t\t\t<\/div>\n\t\t<div class=\"elementor-element elementor-element-752ccd5 e-grid e-con-boxed e-con e-parent\" data-id=\"752ccd5\" data-element_type=\"container\" data-settings=\"{&quot;background_background&quot;:&quot;classic&quot;}\">\n\t\t\t\t\t<div class=\"e-con-inner\">\n\t\t\t\t<div class=\"elementor-element elementor-element-71f4ccb elementor-widget elementor-widget-html\" data-id=\"71f4ccb\" data-element_type=\"widget\" data-widget_type=\"html.default\">\n\t\t\t\t<div class=\"elementor-widget-container\">\n\t\t\t\t\t<iframe src=\"https:\/\/www.google.com\/maps\/embed?pb=!1m14!1m8!1m3!1d1840.6168841967756!2d114.0681529!3d22.68234!3m2!1i1024!2i768!4f13.1!3m3!1m2!1s0x34038bb7fac0017b%3A0x5245fd8c1e558935!2sRayTalk%20Communications%20Ltd!5e0!3m2!1sen!2sus!4v1766134006365!5m2!1sen!2sus\" width=\"600\" height=\"450\" style=\"border:0;\" allowfullscreen=\"\" loading=\"lazy\" referrerpolicy=\"no-referrer-when-downgrade\"><\/iframe>\t\t\t\t<\/div>\n\t\t\t\t<\/div>\n\t\t\t\t\t<\/div>\n\t\t\t\t<\/div>\n\t\t\t\t<\/div>\n\t\t","protected":false},"excerpt":{"rendered":"<p>RayTalk is your reliable one-stop OEM\/ODM supplier for two way radio accessories. Contact our expert team with any question or custom project.<\/p>","protected":false},"author":1,"featured_media":0,"parent":0,"menu_order":0,"comment_status":"closed","ping_status":"closed","template":"","meta":{"footnotes":""},"class_list":["post-955","page","type-page","status-publish","hentry"],"blocksy_meta":{"has_hero_section":"disabled","vertical_spacing_source":"custom","content_area_spacing":"none","styles_descriptor":{"styles":{"desktop":"","tablet":"","mobile":""},"google_fonts":[],"version":6}},"_links":{"self":[{"href":"https:\/\/raytalkcomms.com\/es\/wp-json\/wp\/v2\/pages\/955","targetHints":{"allow":["GET"]}}],"collection":[{"href":"https:\/\/raytalkcomms.com\/es\/wp-json\/wp\/v2\/pages"}],"about":[{"href":"https:\/\/raytalkcomms.com\/es\/wp-json\/wp\/v2\/types\/page"}],"author":[{"embeddable":true,"href":"https:\/\/raytalkcomms.com\/es\/wp-json\/wp\/v2\/users\/1"}],"replies":[{"embeddable":true,"href":"https:\/\/raytalkcomms.com\/es\/wp-json\/wp\/v2\/comments?post=955"}],"version-history":[{"count":32,"href":"https:\/\/raytalkcomms.com\/es\/wp-json\/wp\/v2\/pages\/955\/revisions"}],"predecessor-version":[{"id":6720,"href":"https:\/\/raytalkcomms.com\/es\/wp-json\/wp\/v2\/pages\/955\/revisions\/6720"}],"wp:attachment":[{"href":"https:\/\/raytalkcomms.com\/es\/wp-json\/wp\/v2\/media?parent=955"}],"curies":[{"name":"wp","href":"https:\/\/api.w.org\/{rel}","templated":true}]}}