{"id":2870,"date":"2025-09-16T08:12:00","date_gmt":"2025-09-16T08:12:00","guid":{"rendered":"https:\/\/raytalkcomms.com\/?page_id=2870"},"modified":"2025-12-31T08:34:27","modified_gmt":"2025-12-31T08:34:27","slug":"technical-advantages","status":"publish","type":"page","link":"https:\/\/raytalkcomms.com\/es\/odm-service\/technical-advantages\/","title":{"rendered":"Ventajas t\u00e9cnicas"},"content":{"rendered":"<div data-elementor-type=\"wp-page\" data-elementor-id=\"2870\" class=\"elementor elementor-2870\" data-elementor-post-type=\"page\">\n\t\t\t\t<div class=\"elementor-element elementor-element-6732be4 e-grid e-con-boxed e-con e-parent\" data-id=\"6732be4\" data-element_type=\"container\" data-settings=\"{&quot;background_background&quot;:&quot;classic&quot;}\">\n\t\t\t\t\t<div class=\"e-con-inner\">\n\t\t<div class=\"elementor-element elementor-element-4a42ef1 e-con-full e-flex e-con e-child\" data-id=\"4a42ef1\" data-element_type=\"container\">\n\t\t\t\t<div class=\"elementor-element elementor-element-89389a8 elementor-widget elementor-widget-heading\" data-id=\"89389a8\" data-element_type=\"widget\" data-widget_type=\"heading.default\">\n\t\t\t\t<div class=\"elementor-widget-container\">\n\t\t\t\t\t<h2 class=\"elementor-heading-title elementor-size-default\">Ventajas t\u00e9cnicas<\/h2>\t\t\t\t<\/div>\n\t\t\t\t<\/div>\n\t\t\t\t<div class=\"elementor-element elementor-element-15cdcfa elementor-widget elementor-widget-text-editor\" data-id=\"15cdcfa\" data-element_type=\"widget\" data-widget_type=\"text-editor.default\">\n\t\t\t\t<div class=\"elementor-widget-container\">\n\t\t\t\t\t\t\t\t\t<p>Donde la innovaci\u00f3n se une a la precisi\u00f3n.<\/p>\t\t\t\t\t\t\t\t<\/div>\n\t\t\t\t<\/div>\n\t\t\t\t<\/div>\n\t\t\t\t\t<\/div>\n\t\t\t\t<\/div>\n\t\t<div class=\"elementor-element elementor-element-4cd7afa e-flex e-con-boxed e-con e-parent\" data-id=\"4cd7afa\" data-element_type=\"container\">\n\t\t\t\t\t<div class=\"e-con-inner\">\n\t\t\t\t<div class=\"elementor-element elementor-element-21cd72f e-n-tabs-mobile elementor-widget elementor-widget-n-tabs\" data-id=\"21cd72f\" data-element_type=\"widget\" data-settings=\"{&quot;horizontal_scroll&quot;:&quot;disable&quot;}\" data-widget_type=\"nested-tabs.default\">\n\t\t\t\t<div class=\"elementor-widget-container\">\n\t\t\t\t\t\t\t<div class=\"e-n-tabs\" data-widget-number=\"35444527\" aria-label=\"Tabs. Open items with Enter or Space, close with Escape and navigate using the Arrow keys.\" data-no-translation-aria-label=\"\">\n\t\t\t<div class=\"e-n-tabs-heading\" role=\"tablist\">\n\t\t\t\t\t<button id=\"e-n-tab-title-354445271\" data-tab-title-id=\"e-n-tab-title-354445271\" class=\"e-n-tab-title\" aria-selected=\"true\" data-tab-index=\"1\" role=\"tab\" tabindex=\"0\" aria-controls=\"e-n-tab-content-354445271\" style=\"--n-tabs-title-order: 1;\">\n\t\t\t\t\t<span class=\"e-n-tab-icon\">\n\t\t\t<i aria-hidden=\"true\" class=\"fas fa-pencil-ruler\"><\/i>\t\t\t<i aria-hidden=\"true\" class=\"fas fa-pencil-ruler\"><\/i>\t\t<\/span>\n\t\t\t\t\t<span class=\"e-n-tab-title-text\">\n\t\t\t\tDise\u00f1o\t\t\t<\/span>\n\t\t<\/button>\n\t\t\t\t<button id=\"e-n-tab-title-354445272\" data-tab-title-id=\"e-n-tab-title-354445272\" class=\"e-n-tab-title\" aria-selected=\"false\" data-tab-index=\"2\" role=\"tab\" tabindex=\"-1\" aria-controls=\"e-n-tab-content-354445272\" style=\"--n-tabs-title-order: 2;\">\n\t\t\t\t\t<span class=\"e-n-tab-icon\">\n\t\t\t<i aria-hidden=\"true\" class=\"fas fa-cog\"><\/i>\t\t\t<i aria-hidden=\"true\" class=\"fas fa-cog\"><\/i>\t\t<\/span>\n\t\t\t\t\t<span class=\"e-n-tab-title-text\">\n\t\t\t\tIngenier\u00eda\t\t\t<\/span>\n\t\t<\/button>\n\t\t\t\t<button id=\"e-n-tab-title-354445273\" data-tab-title-id=\"e-n-tab-title-354445273\" class=\"e-n-tab-title\" aria-selected=\"false\" data-tab-index=\"3\" role=\"tab\" tabindex=\"-1\" aria-controls=\"e-n-tab-content-354445273\" style=\"--n-tabs-title-order: 3;\">\n\t\t\t\t\t<span class=\"e-n-tab-icon\">\n\t\t\t<i aria-hidden=\"true\" class=\"fas fa-hammer\"><\/i>\t\t\t<i aria-hidden=\"true\" class=\"fas fa-hammer\"><\/i>\t\t<\/span>\n\t\t\t\t\t<span class=\"e-n-tab-title-text\">\n\t\t\t\tFabricaci\u00f3n\t\t\t<\/span>\n\t\t<\/button>\n\t\t\t\t\t<\/div>\n\t\t\t<div class=\"e-n-tabs-content\">\n\t\t\t\t<div id=\"e-n-tab-content-354445271\" role=\"tabpanel\" aria-labelledby=\"e-n-tab-title-354445271\" data-tab-index=\"1\" style=\"--n-tabs-title-order: 1;\" class=\"e-active elementor-element elementor-element-7fa2ba2 e-con-full e-flex e-con e-child\" data-id=\"7fa2ba2\" data-element_type=\"container\">\n\t\t<div class=\"elementor-element elementor-element-c9607cb e-flex e-con-boxed e-con e-child\" data-id=\"c9607cb\" data-element_type=\"container\">\n\t\t\t\t\t<div class=\"e-con-inner\">\n\t\t\t\t<div class=\"elementor-element elementor-element-bc7251e elementor-widget elementor-widget-image\" data-id=\"bc7251e\" data-element_type=\"widget\" data-widget_type=\"image.default\">\n\t\t\t\t<div class=\"elementor-widget-container\">\n\t\t\t\t\t\t\t\t\t\t\t\t\t\t\t<img fetchpriority=\"high\" decoding=\"async\" width=\"1024\" height=\"366\" src=\"https:\/\/raytalkcomms.com\/wp-content\/uploads\/2025\/09\/ODM-Design-1024x366.jpg\" class=\"attachment-large size-large wp-image-3611\" alt=\"Blueprint and 3D design of two way radio accessories showcasing RayTalk engineering, design, and manufacturing expertise.\" srcset=\"https:\/\/raytalkcomms.com\/wp-content\/uploads\/2025\/09\/ODM-Design-1024x366.jpg 1024w, https:\/\/raytalkcomms.com\/wp-content\/uploads\/2025\/09\/ODM-Design-300x107.jpg 300w, https:\/\/raytalkcomms.com\/wp-content\/uploads\/2025\/09\/ODM-Design-768x274.jpg 768w, https:\/\/raytalkcomms.com\/wp-content\/uploads\/2025\/09\/ODM-Design-1536x549.jpg 1536w, https:\/\/raytalkcomms.com\/wp-content\/uploads\/2025\/09\/ODM-Design-1000x357.jpg 1000w, https:\/\/raytalkcomms.com\/wp-content\/uploads\/2025\/09\/ODM-Design.jpg 1903w\" sizes=\"(max-width: 1024px) 100vw, 1024px\" \/>\t\t\t\t\t\t\t\t\t\t\t\t\t\t\t<\/div>\n\t\t\t\t<\/div>\n\t\t\t\t<div class=\"elementor-element elementor-element-c4d88d2 elementor-widget elementor-widget-text-editor\" data-id=\"c4d88d2\" data-element_type=\"widget\" data-widget_type=\"text-editor.default\">\n\t\t\t\t<div class=\"elementor-widget-container\">\n\t\t\t\t\t\t\t\t\t<p>Somos expertos en dise\u00f1o y fabricaci\u00f3n de moldes. Tanto si nuestros clientes necesitan piezas sencillas de pl\u00e1stico moldeado como componentes electr\u00f3nicos m\u00e1s complejos, nuestro equipo de ingenier\u00eda tiene la capacidad y las herramientas necesarias para generar soluciones r\u00e1pidas. El \u00e9xito de un proyecto de dise\u00f1o de fabricaci\u00f3n est\u00e1 relacionado con el debate y la cooperaci\u00f3n entre usted y el cliente.<\/p>\t\t\t\t\t\t\t\t<\/div>\n\t\t\t\t<\/div>\n\t\t\t\t\t<\/div>\n\t\t\t\t<\/div>\n\t\t\t\t<\/div>\n\t\t<div id=\"e-n-tab-content-354445272\" role=\"tabpanel\" aria-labelledby=\"e-n-tab-title-354445272\" data-tab-index=\"2\" style=\"--n-tabs-title-order: 2;\" class=\"elementor-element elementor-element-536ee01 e-con-full e-flex e-con e-child\" data-id=\"536ee01\" data-element_type=\"container\">\n\t\t<div class=\"elementor-element elementor-element-dc6a3c6 e-con-full e-flex e-con e-child\" data-id=\"dc6a3c6\" data-element_type=\"container\" data-settings=\"{&quot;background_background&quot;:&quot;classic&quot;}\">\n\t\t\t\t<div class=\"elementor-element elementor-element-0d30616 elementor-widget elementor-widget-heading\" data-id=\"0d30616\" data-element_type=\"widget\" data-widget_type=\"heading.default\">\n\t\t\t\t<div class=\"elementor-widget-container\">\n\t\t\t\t\t<h3 class=\"elementor-heading-title elementor-size-default\">PCBA<\/h3>\t\t\t\t<\/div>\n\t\t\t\t<\/div>\n\t\t\t\t<div class=\"elementor-element elementor-element-a4ac5b4 elementor-widget elementor-widget-text-editor\" data-id=\"a4ac5b4\" data-element_type=\"widget\" data-widget_type=\"text-editor.default\">\n\t\t\t\t<div class=\"elementor-widget-container\">\n\t\t\t\t\t\t\t\t\t<p>PCBA es un componente indispensable en los productos electr\u00f3nicos. Podemos producir circuitos integrados multicapa desde simples a complejos. Nuestro equipo de I+D puede dise\u00f1ar circuitos avanzados para fabricar productos completos.<\/p>\t\t\t\t\t\t\t\t<\/div>\n\t\t\t\t<\/div>\n\t\t\t\t<\/div>\n\t\t<div class=\"elementor-element elementor-element-b3632f6 e-con-full e-flex e-con e-child\" data-id=\"b3632f6\" data-element_type=\"container\" data-settings=\"{&quot;background_background&quot;:&quot;classic&quot;}\">\n\t\t\t\t<div class=\"elementor-element elementor-element-bf587ac elementor-widget elementor-widget-heading\" data-id=\"bf587ac\" data-element_type=\"widget\" data-widget_type=\"heading.default\">\n\t\t\t\t<div class=\"elementor-widget-container\">\n\t\t\t\t\t<h3 class=\"elementor-heading-title elementor-size-default\">DISE\u00d1O DE MOLDES<\/h3>\t\t\t\t<\/div>\n\t\t\t\t<\/div>\n\t\t\t\t<div class=\"elementor-element elementor-element-b74f217 elementor-widget elementor-widget-text-editor\" data-id=\"b74f217\" data-element_type=\"widget\" data-widget_type=\"text-editor.default\">\n\t\t\t\t<div class=\"elementor-widget-container\">\n\t\t\t\t\t\t\t\t\t<p>Tenemos nuestro propio departamento de moldes, repleto de todo tipo de moldes. Excepto los moldes para productos convencionales, muchos de ellos son personalizados para los clientes. Nuestra capacidad para dise\u00f1ar y fabricar moldes de inyecci\u00f3n y plantillas de producci\u00f3n de ensamblaje nos diferencia de la competencia.<\/p><p>Tanto si se trata de un peque\u00f1o lote de componentes electr\u00f3nicos como de un gran lote de piezas de pl\u00e1stico, dise\u00f1amos y fabricamos sistem\u00e1ticamente moldes de inyecci\u00f3n de alta calidad a menor coste y mayor velocidad. Dado que podemos controlar totalmente el proceso de dise\u00f1o de moldes de inyecci\u00f3n, podemos dise\u00f1ar piezas determinadas y herramientas relacionadas para lograr una fabricaci\u00f3n eficiente. Podemos llevar su producto del concepto a la producci\u00f3n completa en diez semanas o menos. Esto minimiza los costes totales de producci\u00f3n sin sacrificar la calidad.<\/p>\t\t\t\t\t\t\t\t<\/div>\n\t\t\t\t<\/div>\n\t\t\t\t<\/div>\n\t\t<div class=\"elementor-element elementor-element-711b573 e-con-full e-flex e-con e-child\" data-id=\"711b573\" data-element_type=\"container\" data-settings=\"{&quot;background_background&quot;:&quot;classic&quot;}\">\n\t\t\t\t<div class=\"elementor-element elementor-element-6cce6ca elementor-widget elementor-widget-heading\" data-id=\"6cce6ca\" data-element_type=\"widget\" data-widget_type=\"heading.default\">\n\t\t\t\t<div class=\"elementor-widget-container\">\n\t\t\t\t\t<h3 class=\"elementor-heading-title elementor-size-default\">IMPRESI\u00d3N 3D<\/h3>\t\t\t\t<\/div>\n\t\t\t\t<\/div>\n\t\t\t\t<div class=\"elementor-element elementor-element-9cdb8b0 elementor-widget elementor-widget-text-editor\" data-id=\"9cdb8b0\" data-element_type=\"widget\" data-widget_type=\"text-editor.default\">\n\t\t\t\t<div class=\"elementor-widget-container\">\n\t\t\t\t\t\t\t\t\t<p>Hoy en d\u00eda la impresi\u00f3n 3D se utiliza ampliamente en diversos componentes de producci\u00f3n, prototipos y herramientas. En la fabricaci\u00f3n de Ray Talk, tambi\u00e9n aplicamos la impresi\u00f3n 3D a proyectos OEM y ODM. Los prototipos funcionales y estructurales en 3D pueden ayudar a cumplir los plazos del proyecto y pasar de forma m\u00e1s eficiente a la producci\u00f3n en serie.<\/p>\t\t\t\t\t\t\t\t<\/div>\n\t\t\t\t<\/div>\n\t\t\t\t<\/div>\n\t\t\t\t<\/div>\n\t\t<div id=\"e-n-tab-content-354445273\" role=\"tabpanel\" aria-labelledby=\"e-n-tab-title-354445273\" data-tab-index=\"3\" style=\"--n-tabs-title-order: 3;\" class=\"elementor-element elementor-element-b1e0d53 e-con-full e-flex e-con e-child\" data-id=\"b1e0d53\" data-element_type=\"container\">\n\t\t<div class=\"elementor-element elementor-element-b7a49c1 e-con-full e-flex e-con e-child\" data-id=\"b7a49c1\" data-element_type=\"container\" data-settings=\"{&quot;background_background&quot;:&quot;classic&quot;}\">\n\t\t\t\t<div class=\"elementor-element elementor-element-4bf3e03 elementor-widget elementor-widget-heading\" data-id=\"4bf3e03\" data-element_type=\"widget\" data-widget_type=\"heading.default\">\n\t\t\t\t<div class=\"elementor-widget-container\">\n\t\t\t\t\t<h3 class=\"elementor-heading-title elementor-size-default\">COMPRAS E IQC<\/h3>\t\t\t\t<\/div>\n\t\t\t\t<\/div>\n\t\t\t\t<div class=\"elementor-element elementor-element-a37a44b elementor-widget elementor-widget-text-editor\" data-id=\"a37a44b\" data-element_type=\"widget\" data-widget_type=\"text-editor.default\">\n\t\t\t\t<div class=\"elementor-widget-container\">\n\t\t\t\t\t\t\t\t\t<p>Comprar todos los materiales y componentes necesarios, y fabricar las herramientas. Esto suele tardar entre 4 y 6 semanas en completarse. Una vez que los materiales llegan a nuestra f\u00e1brica, el departamento de IQC inspeccionar\u00e1 las materias primas para garantizar que los materiales utilizados en la producci\u00f3n son todos productos cualificados. Despu\u00e9s, nuestros expertos en inventario organizar\u00e1n la lista de materiales (BOM) y la entregar\u00e1n a los montadores del equipo de producci\u00f3n para los siguientes pasos.<\/p>\t\t\t\t\t\t\t\t<\/div>\n\t\t\t\t<\/div>\n\t\t\t\t<\/div>\n\t\t<div class=\"elementor-element elementor-element-a69cb73 e-con-full e-flex e-con e-child\" data-id=\"a69cb73\" data-element_type=\"container\" data-settings=\"{&quot;background_background&quot;:&quot;classic&quot;}\">\n\t\t\t\t<div class=\"elementor-element elementor-element-30839d0 elementor-widget elementor-widget-heading\" data-id=\"30839d0\" data-element_type=\"widget\" data-widget_type=\"heading.default\">\n\t\t\t\t<div class=\"elementor-widget-container\">\n\t\t\t\t\t<h3 class=\"elementor-heading-title elementor-size-default\">FABRICACI\u00d3N<\/h3>\t\t\t\t<\/div>\n\t\t\t\t<\/div>\n\t\t\t\t<div class=\"elementor-element elementor-element-6a6cadf elementor-widget elementor-widget-text-editor\" data-id=\"6a6cadf\" data-element_type=\"widget\" data-widget_type=\"text-editor.default\">\n\t\t\t\t<div class=\"elementor-widget-container\">\n\t\t\t\t\t\t\t\t\t<p>Una vez que el cliente confirme la muestra de preproducci\u00f3n, notificaremos inmediatamente a la l\u00ednea de producci\u00f3n, la l\u00ednea de producci\u00f3n solicitar\u00e1 el picking, la verificaci\u00f3n, las piezas de repuesto y las herramientas de producci\u00f3n correspondientes, y luego organizar\u00e1 el proceso de producci\u00f3n para promover una producci\u00f3n eficiente. Una vez iniciada la producci\u00f3n en serie, confirmaremos el plazo de entrega. En general, nuestro plazo de entrega es de unas 4 semanas. El plazo concreto depende de la complejidad y envergadura del proyecto. Tanto si se trata de la complejidad del proyecto como del tama\u00f1o del pedido y la escala, disponemos de unas completas instalaciones de producci\u00f3n y un equipo t\u00e9cnico profesional para satisfacer sus necesidades de fabricaci\u00f3n.<\/p>\t\t\t\t\t\t\t\t<\/div>\n\t\t\t\t<\/div>\n\t\t\t\t<\/div>\n\t\t<div class=\"elementor-element elementor-element-cc77ea6 e-con-full e-flex e-con e-child\" data-id=\"cc77ea6\" data-element_type=\"container\" data-settings=\"{&quot;background_background&quot;:&quot;classic&quot;}\">\n\t\t\t\t<div class=\"elementor-element elementor-element-71c0845 elementor-widget elementor-widget-heading\" data-id=\"71c0845\" data-element_type=\"widget\" data-widget_type=\"heading.default\">\n\t\t\t\t<div class=\"elementor-widget-container\">\n\t\t\t\t\t<h3 class=\"elementor-heading-title elementor-size-default\">PRUEBAS<\/h3>\t\t\t\t<\/div>\n\t\t\t\t<\/div>\n\t\t\t\t<div class=\"elementor-element elementor-element-ce8ea6e elementor-widget elementor-widget-text-editor\" data-id=\"ce8ea6e\" data-element_type=\"widget\" data-widget_type=\"text-editor.default\">\n\t\t\t\t<div class=\"elementor-widget-container\">\n\t\t\t\t\t\t\t\t\t<p>Llevaremos a cabo m\u00faltiples rondas de pruebas y una inspecci\u00f3n completa de los productos antes de su env\u00edo. Por lo general, nuestro personal de QA\/QC probar\u00e1 los productos antes y despu\u00e9s de la producci\u00f3n, el montaje y el embalaje para ofrecer a los clientes productos de calidad garantizada y asegurar que los productos est\u00e1n dise\u00f1ados espec\u00edficamente para sus aplicaciones \u00fanicas.<\/p>\t\t\t\t\t\t\t\t<\/div>\n\t\t\t\t<\/div>\n\t\t\t\t<\/div>\n\t\t\t\t<\/div>\n\t\t\t\t\t<\/div>\n\t\t<\/div>\n\t\t\t\t\t\t<\/div>\n\t\t\t\t<\/div>\n\t\t\t\t\t<\/div>\n\t\t\t\t<\/div>\n\t\t<div class=\"elementor-element elementor-element-c933118 e-flex e-con-boxed e-con e-parent\" data-id=\"c933118\" data-element_type=\"container\">\n\t\t\t\t\t<div class=\"e-con-inner\">\n\t\t\t\t\t<\/div>\n\t\t\t\t<\/div>\n\t\t\t\t<\/div>","protected":false},"excerpt":{"rendered":"<p>Technical Advantages Where innovation meets precision. Design Engineering Manufacturing We are experts in mold design and manufacturing. Whether our customers need simple molded plastic parts or more complex electronic components, Our engineering team has the ability and tools to generate quick solutions. A successful manufacturing design project is related to the discussion and cooperation between [&hellip;]<\/p>\n","protected":false},"author":1,"featured_media":3611,"parent":2525,"menu_order":0,"comment_status":"closed","ping_status":"closed","template":"","meta":{"footnotes":""},"class_list":["post-2870","page","type-page","status-publish","has-post-thumbnail","hentry"],"blocksy_meta":[],"_links":{"self":[{"href":"https:\/\/raytalkcomms.com\/es\/wp-json\/wp\/v2\/pages\/2870","targetHints":{"allow":["GET"]}}],"collection":[{"href":"https:\/\/raytalkcomms.com\/es\/wp-json\/wp\/v2\/pages"}],"about":[{"href":"https:\/\/raytalkcomms.com\/es\/wp-json\/wp\/v2\/types\/page"}],"author":[{"embeddable":true,"href":"https:\/\/raytalkcomms.com\/es\/wp-json\/wp\/v2\/users\/1"}],"replies":[{"embeddable":true,"href":"https:\/\/raytalkcomms.com\/es\/wp-json\/wp\/v2\/comments?post=2870"}],"version-history":[{"count":24,"href":"https:\/\/raytalkcomms.com\/es\/wp-json\/wp\/v2\/pages\/2870\/revisions"}],"predecessor-version":[{"id":6667,"href":"https:\/\/raytalkcomms.com\/es\/wp-json\/wp\/v2\/pages\/2870\/revisions\/6667"}],"up":[{"embeddable":true,"href":"https:\/\/raytalkcomms.com\/es\/wp-json\/wp\/v2\/pages\/2525"}],"wp:featuredmedia":[{"embeddable":true,"href":"https:\/\/raytalkcomms.com\/es\/wp-json\/wp\/v2\/media\/3611"}],"wp:attachment":[{"href":"https:\/\/raytalkcomms.com\/es\/wp-json\/wp\/v2\/media?parent=2870"}],"curies":[{"name":"wp","href":"https:\/\/api.w.org\/{rel}","templated":true}]}}