{"id":6586,"date":"2025-12-31T06:47:54","date_gmt":"2025-12-31T06:47:54","guid":{"rendered":"https:\/\/raytalkcomms.com\/?post_type=product&#038;p=6586"},"modified":"2025-12-31T06:47:54","modified_gmt":"2025-12-31T06:47:54","slug":"rpb-fnbv126li-radio-battery-for-vertex-standard-vx-series-radios","status":"publish","type":"product","link":"https:\/\/raytalkcomms.com\/de\/produkt\/rpb-fnbv126li-radio-battery-for-vertex-standard-vx-series-radios\/","title":{"rendered":"RPB-FNBV126Li Funkger\u00e4tebatterie f\u00fcr Vertex Standard-Funkger\u00e4te der VX-Serie"},"content":{"rendered":"<h3>Merkmale:<\/h3>\n<ul>\n<li>Kompatibel mit Vertex Standard VX160\/VX180\/VX120\/VX410 Walkie-Talkies.<\/li>\n<li>Die hohe Kapazit\u00e4t von 2300 mAh unterst\u00fctzt die kontinuierliche Nutzung von Hochfrequenzfunk.<\/li>\n<li>Ersetzt die Vertex Standard \/ Yaesu OEM Teilenummer RPB-FNBV126Li Batterien<\/li>\n<li>Die LI-ION-Chemie erm\u00f6glicht l\u00e4ngere Ladezyklen und gleichbleibende Leistung.<\/li>\n<li>Die langlebige Konstruktion entspricht oder \u00fcbertrifft die Qualit\u00e4t des Original-Akkus RPB-FNBV126Li.<\/li>\n<li>Zuverl\u00e4ssige Stromversorgungsl\u00f6sung, auf die sich professionelle, industrielle und \u00f6ffentliche Sicherheitsteams verlassen.<\/li>\n<\/ul>","protected":false},"excerpt":{"rendered":"<p>RPB-FNBV126Li ist ein leistungsstarker LI-ION-Ersatzakku f\u00fcr Vertex Standard-Funkger\u00e4te, einschlie\u00dflich VX160\/VX180\/VX120\/VX410. Der Akku liefert eine stabilere Sendeleistung f\u00fcr eine klarere und zuverl\u00e4ssigere Sprachkommunikation.<\/p>\n<p>Mit einer hohen Kapazit\u00e4t von 2300 mAh liefert dieser Funkakku gleichm\u00e4\u00dfige und kontinuierliche Energie und ist damit ideal f\u00fcr Teams, die auf h\u00e4ufigen, ununterbrochenen Funkbetrieb angewiesen sind.<\/p>\n<p>Der auf Langlebigkeit ausgelegte RPB-FNBV126Li Funkakku entspricht der Leistung und Qualit\u00e4t des originalen Vertex Standard \/ Motorola RPB-FNBV126Li Akkupacks oder \u00fcbertrifft diese sogar. Seine LI-ION-Chemie unterst\u00fctzt l\u00e4ngere Lade- und Entladezyklen und gew\u00e4hrleistet eine zuverl\u00e4ssige Stromversorgung f\u00fcr den intensiven t\u00e4glichen Betrieb.<\/p>\n<p>RayTalk bietet eine breite Palette von Ersatzbatterien f\u00fcr Funkger\u00e4te an. Unternehmen, Beh\u00f6rden und Fachleute der \u00f6ffentlichen Sicherheit vertrauen auf die bew\u00e4hrte Zuverl\u00e4ssigkeit dieser Batterien.<\/p>","protected":false},"featured_media":6587,"template":"","meta":[],"product_brand":[],"product_cat":[214,219,323],"product_tag":[],"class_list":{"0":"post-6586","1":"product","2":"type-product","3":"status-publish","4":"has-post-thumbnail","6":"product_cat-two-way-radio-accessories","7":"product_cat-batteries-and-chargers","8":"product_cat-vertex-standard-yaesu","10":"first","11":"instock","12":"shipping-taxable","13":"purchasable","14":"product-type-simple"},"_links":{"self":[{"href":"https:\/\/raytalkcomms.com\/de\/wp-json\/wp\/v2\/product\/6586","targetHints":{"allow":["GET"]}}],"collection":[{"href":"https:\/\/raytalkcomms.com\/de\/wp-json\/wp\/v2\/product"}],"about":[{"href":"https:\/\/raytalkcomms.com\/de\/wp-json\/wp\/v2\/types\/product"}],"wp:featuredmedia":[{"embeddable":true,"href":"https:\/\/raytalkcomms.com\/de\/wp-json\/wp\/v2\/media\/6587"}],"wp:attachment":[{"href":"https:\/\/raytalkcomms.com\/de\/wp-json\/wp\/v2\/media?parent=6586"}],"wp:term":[{"taxonomy":"product_brand","embeddable":true,"href":"https:\/\/raytalkcomms.com\/de\/wp-json\/wp\/v2\/product_brand?post=6586"},{"taxonomy":"product_cat","embeddable":true,"href":"https:\/\/raytalkcomms.com\/de\/wp-json\/wp\/v2\/product_cat?post=6586"},{"taxonomy":"product_tag","embeddable":true,"href":"https:\/\/raytalkcomms.com\/de\/wp-json\/wp\/v2\/product_tag?post=6586"}],"curies":[{"name":"wp","href":"https:\/\/api.w.org\/{rel}","templated":true}]}}