{"id":6520,"date":"2025-12-31T03:36:35","date_gmt":"2025-12-31T03:36:35","guid":{"rendered":"https:\/\/raytalkcomms.com\/?post_type=product&#038;p=6520"},"modified":"2025-12-31T09:53:09","modified_gmt":"2025-12-31T09:53:09","slug":"em-3454-radio-earpiece-with-usb-c-plug-for-pttoc","status":"publish","type":"product","link":"https:\/\/raytalkcomms.com\/de\/produkt\/em-3454-radio-earpiece-with-usb-c-plug-for-pttoc\/","title":{"rendered":"EM-3454 Funk-Ohrh\u00f6rer mit USB-C-Stecker f\u00fcr PTToC"},"content":{"rendered":"<h3>Merkmale:<\/h3>\n<ul>\n<li>C-f\u00f6rmiger Ohrb\u00fcgel aus weichem Gummi f\u00fcr bequemen, langen Tragekomfort<\/li>\n<li>Lautsprecher mit hoher Ausgangsleistung f\u00fcr klaren und gleichm\u00e4\u00dfigen Klang in belebten Umgebungen<\/li>\n<li>Neue PTT-Taste (PTT #54) mit reaktionsschneller taktiler R\u00fcckmeldung f\u00fcr schnelle Funkaktivierung und Audio\u00fcbertragung<\/li>\n<li>Push-to-talk-Taste mit integrierter Lautst\u00e4rkeregelung f\u00fcr eine einfache Anpassung der Gespr\u00e4chslautst\u00e4rke<\/li>\n<li>Kevlar-verst\u00e4rktes Kabel erh\u00f6ht die Haltbarkeit und Widerstandsf\u00e4higkeit bei t\u00e4glicher Abnutzung<\/li>\n<li>USB-C-Steckerdesign f\u00fcr moderne PoC-Funkger\u00e4te und schnelle, stabile Konnektivit\u00e4t<\/li>\n<\/ul>\n<h3>Die Wahl des perfekten POC-Ohrh\u00f6rers ist sehr einfach!<\/h3>\n<p>Bitte geben Sie uns folgende Informationen, unser professionelles Team wird innerhalb von 24 Stunden eine L\u00f6sung f\u00fcr Sie finden.<br \/>\nBitte sagen Sie es uns:<\/p>\n<ol>\n<li>Marke und Modell Ihres Ger\u00e4ts (z. B. Samsung XCover Pro, Sonim XP10, Hytera PNC560, Caltta E700, Rugged phone usw.)<\/li>\n<li>Die von Ihnen verwendete POC-App\/Plattform (z. B. Zello, Teams, Eschat, Wave PTT, Real PTT, Tassta, AerieTalk, Hytera HyTalk, PeakPTT usw.)<\/li>\n<\/ol>\n<p><img fetchpriority=\"high\" decoding=\"async\" class=\"wp-image-6129 size-full alignnone\" src=\"https:\/\/raytalkcomms.com\/wp-content\/uploads\/2025\/12\/\u84dd\u7259logo_\u753b\u677f-1_\u753b\u677f-1.jpg\" alt=\"Push-to-Talk over Cellular devices brands and PoC applications\" width=\"1920\" height=\"1080\" srcset=\"https:\/\/raytalkcomms.com\/wp-content\/uploads\/2025\/12\/\u84dd\u7259logo_\u753b\u677f-1_\u753b\u677f-1.jpg 1920w, https:\/\/raytalkcomms.com\/wp-content\/uploads\/2025\/12\/\u84dd\u7259logo_\u753b\u677f-1_\u753b\u677f-1-300x169.jpg 300w, https:\/\/raytalkcomms.com\/wp-content\/uploads\/2025\/12\/\u84dd\u7259logo_\u753b\u677f-1_\u753b\u677f-1-1024x576.jpg 1024w, https:\/\/raytalkcomms.com\/wp-content\/uploads\/2025\/12\/\u84dd\u7259logo_\u753b\u677f-1_\u753b\u677f-1-768x432.jpg 768w, https:\/\/raytalkcomms.com\/wp-content\/uploads\/2025\/12\/\u84dd\u7259logo_\u753b\u677f-1_\u753b\u677f-1-1536x864.jpg 1536w, https:\/\/raytalkcomms.com\/wp-content\/uploads\/2025\/12\/\u84dd\u7259logo_\u753b\u677f-1_\u753b\u677f-1-1000x563.jpg 1000w\" sizes=\"(max-width: 1920px) 100vw, 1920px\" \/><\/p>","protected":false},"excerpt":{"rendered":"<p>Dieser PoC-Funkkopfh\u00f6rer EM-3454 ist mit einer neu gestalteten PTT-Taste und einem 3,5-Klinken-H\u00f6rer kombiniert. Die neue Push-to-Talk-Taste integriert dedizierte Lautst\u00e4rkeregelungstasten, die eine Audioanpassung ohne Unterbrechung der Kommunikation erm\u00f6glichen.<br \/>\nMit einer standardm\u00e4\u00dfigen 3,5-mm-Schnellkupplungsschnittstelle haben Sie eine flexible Auswahl an Tragevarianten f\u00fcr die Ohrb\u00fcgel.<br \/>\nWir bieten eine gro\u00dfe Auswahl an Ohrhakenoptionen, darunter G-f\u00f6rmige Ohrhaken, C-f\u00f6rmige Ohrhaken, D-f\u00f6rmige Ohrhaken und transparente Akustikschl\u00e4uche, um verschiedenen Nutzungsszenarien und Funkkommunikationsanforderungen gerecht zu werden.<br \/>\nDieser PoC-Funkkopfh\u00f6rer ist sehr beliebt und wird von Teams in Superm\u00e4rkten, Einkaufszentren, Restaurants, Hotels und anderen Einzelhandels- und Gesch\u00e4ftsumgebungen gut bewertet.<\/p>","protected":false},"featured_media":6519,"template":"","meta":[],"product_brand":[],"product_cat":[213,250],"product_tag":[],"class_list":{"0":"post-6520","1":"product","2":"type-product","3":"status-publish","4":"has-post-thumbnail","6":"product_cat-poc","7":"product_cat-earphone","9":"first","10":"instock","11":"shipping-taxable","12":"purchasable","13":"product-type-simple"},"_links":{"self":[{"href":"https:\/\/raytalkcomms.com\/de\/wp-json\/wp\/v2\/product\/6520","targetHints":{"allow":["GET"]}}],"collection":[{"href":"https:\/\/raytalkcomms.com\/de\/wp-json\/wp\/v2\/product"}],"about":[{"href":"https:\/\/raytalkcomms.com\/de\/wp-json\/wp\/v2\/types\/product"}],"wp:featuredmedia":[{"embeddable":true,"href":"https:\/\/raytalkcomms.com\/de\/wp-json\/wp\/v2\/media\/6519"}],"wp:attachment":[{"href":"https:\/\/raytalkcomms.com\/de\/wp-json\/wp\/v2\/media?parent=6520"}],"wp:term":[{"taxonomy":"product_brand","embeddable":true,"href":"https:\/\/raytalkcomms.com\/de\/wp-json\/wp\/v2\/product_brand?post=6520"},{"taxonomy":"product_cat","embeddable":true,"href":"https:\/\/raytalkcomms.com\/de\/wp-json\/wp\/v2\/product_cat?post=6520"},{"taxonomy":"product_tag","embeddable":true,"href":"https:\/\/raytalkcomms.com\/de\/wp-json\/wp\/v2\/product_tag?post=6520"}],"curies":[{"name":"wp","href":"https:\/\/api.w.org\/{rel}","templated":true}]}}