{"id":6451,"date":"2025-12-30T12:25:05","date_gmt":"2025-12-30T12:25:05","guid":{"rendered":"https:\/\/raytalkcomms.com\/?post_type=product&#038;p=6451"},"modified":"2025-12-30T12:25:06","modified_gmt":"2025-12-30T12:25:06","slug":"rpb-fnb112li-high-performance-battery-for-vertex-motorola-vx-series-radios","status":"publish","type":"product","link":"https:\/\/raytalkcomms.com\/de\/produkt\/rpb-fnb112li-high-performance-battery-for-vertex-motorola-vx-series-radios\/","title":{"rendered":"RPB-FNB112Li Hochleistungsakku f\u00fcr Vertex\/Motorola-Funkger\u00e4te der VX-Serie"},"content":{"rendered":"<h3>Merkmale:<\/h3>\n<ul>\n<li>Kompatibel mit Vertex Standard X450, VX451, VX454 und VX459 Walkie-Talkies.<\/li>\n<li>Die hohe Kapazit\u00e4t von 1140 mAh unterst\u00fctzt die kontinuierliche Nutzung von Hochfrequenzfunk.<\/li>\n<li>Ersetzt die Vertex Standard \/ Yaesu OEM-Teilenummer FNB112Li Zweiwege-Funkger\u00e4t Batterie.<\/li>\n<li>Die Lithium-Ionen-Chemie erm\u00f6glicht l\u00e4ngere Ladezyklen und eine konstante Leistung.<\/li>\n<li>Die langlebige Konstruktion entspricht oder \u00fcbertrifft die Qualit\u00e4t der Original-FNB112Li-Hochleistungsbatterie.<\/li>\n<li>Zuverl\u00e4ssige Stromversorgungsl\u00f6sung, auf die sich professionelle, industrielle und \u00f6ffentliche Sicherheitsteams verlassen.<\/li>\n<\/ul>","protected":false},"excerpt":{"rendered":"<p>Die RPB-FNB112Li ist eine leistungsstarke Funkger\u00e4tebatterie f\u00fcr Vertex Standard Funkger\u00e4te, einschlie\u00dflich VX450, VX451, VX454 und VX459.<\/p>\n<p>Der Hochleistungsakku RPB-FNBV131Li ist ein Ersatzakku mit hoher Kapazit\u00e4t. Mit einer hohen Kapazit\u00e4t von 1140 mAh bietet dieser Akku eine gleichbleibende und kontinuierliche Leistung und ist damit ideal f\u00fcr Teams, die auf h\u00e4ufige, ununterbrochene Funknutzung angewiesen sind.<\/p>\n<p>Die Hochleistungs-Funkbatterie RPB-FNB112Li ist auf Langlebigkeit ausgelegt und entspricht der Leistung und Qualit\u00e4t des originalen Vertex Standard \/ Motorola FNB112Li-Akkus oder \u00fcbertrifft diese sogar.<\/p>\n<p>Die Lithium-Ionen-Chemie unterst\u00fctzt l\u00e4ngere Lade- und Entladezyklen und sorgt so f\u00fcr eine zuverl\u00e4ssige Stromversorgung bei intensiven t\u00e4glichen Eins\u00e4tzen.<\/p>","protected":false},"featured_media":6453,"template":"","meta":[],"product_brand":[],"product_cat":[214,219,323],"product_tag":[],"class_list":{"0":"post-6451","1":"product","2":"type-product","3":"status-publish","4":"has-post-thumbnail","6":"product_cat-two-way-radio-accessories","7":"product_cat-batteries-and-chargers","8":"product_cat-vertex-standard-yaesu","10":"first","11":"instock","12":"shipping-taxable","13":"purchasable","14":"product-type-simple"},"_links":{"self":[{"href":"https:\/\/raytalkcomms.com\/de\/wp-json\/wp\/v2\/product\/6451","targetHints":{"allow":["GET"]}}],"collection":[{"href":"https:\/\/raytalkcomms.com\/de\/wp-json\/wp\/v2\/product"}],"about":[{"href":"https:\/\/raytalkcomms.com\/de\/wp-json\/wp\/v2\/types\/product"}],"wp:featuredmedia":[{"embeddable":true,"href":"https:\/\/raytalkcomms.com\/de\/wp-json\/wp\/v2\/media\/6453"}],"wp:attachment":[{"href":"https:\/\/raytalkcomms.com\/de\/wp-json\/wp\/v2\/media?parent=6451"}],"wp:term":[{"taxonomy":"product_brand","embeddable":true,"href":"https:\/\/raytalkcomms.com\/de\/wp-json\/wp\/v2\/product_brand?post=6451"},{"taxonomy":"product_cat","embeddable":true,"href":"https:\/\/raytalkcomms.com\/de\/wp-json\/wp\/v2\/product_cat?post=6451"},{"taxonomy":"product_tag","embeddable":true,"href":"https:\/\/raytalkcomms.com\/de\/wp-json\/wp\/v2\/product_tag?post=6451"}],"curies":[{"name":"wp","href":"https:\/\/api.w.org\/{rel}","templated":true}]}}