{"id":6375,"date":"2025-12-30T08:59:20","date_gmt":"2025-12-30T08:59:20","guid":{"rendered":"https:\/\/raytalkcomms.com\/?post_type=product&#038;p=6375"},"modified":"2025-12-30T09:05:28","modified_gmt":"2025-12-30T09:05:28","slug":"rpb-fnbv103l-rpb-fnbv104l-high-capacity-vertex-li-ion-batteries","status":"publish","type":"product","link":"https:\/\/raytalkcomms.com\/de\/produkt\/rpb-fnbv103l-rpb-fnbv104l-high-capacity-vertex-li-ion-batteries\/","title":{"rendered":"RPB-FNBV103L RPB-FNBV104L Vertex Li-Ionen-Batterien mit hoher Kapazit\u00e4t"},"content":{"rendered":"<h3>Merkmale:<\/h3>\n<ul>\n<li>Der Akku mit hoher Kapazit\u00e4t bietet eine l\u00e4ngere Sprechzeit und eine stabile Stromversorgung f\u00fcr anspruchsvolle Vertex-Funkanwendungen.<\/li>\n<li>Vollst\u00e4ndig kompatibel mit den Vertex VX350-, VX351- und VX354-Funkger\u00e4ten f\u00fcr nahtlosen Einbau und Betrieb.<\/li>\n<li>Die zuverl\u00e4ssige Li-Ionen-Chemie sorgt f\u00fcr eine gleichm\u00e4\u00dfige Entladung, verbesserte Effizienz und eine lange Lebensdauer.<\/li>\n<li>Die robuste Konstruktion unterst\u00fctzt den t\u00e4glichen professionellen Einsatz in Sicherheits-, Logistik- und Industrieumgebungen.<\/li>\n<li>Verringert die Ausfallzeiten durch l\u00e4ngere Betriebszeiten zwischen den Ladevorg\u00e4ngen und verbessert so die Gesamtproduktivit\u00e4t des Teams.<\/li>\n<\/ul>","protected":false},"excerpt":{"rendered":"<p>Die RPB-FNBV103L und RPB-FNBV104L sind Li-Ionen-Ersatzakkus mit hoher Kapazit\u00e4t, die f\u00fcr Vertex-Funkger\u00e4te entwickelt wurden. Diese Akkus wurden f\u00fcr die Modelle VX350, VX351 und VX354 entwickelt und liefern stabile, lang anhaltende Energie f\u00fcr Teams, die auf h\u00e4ufige Funkkommunikation angewiesen sind.<\/p>\n<p>Dieser Hochleistungsakku ist in den Kapazit\u00e4ten 1380mAh und 2000mAh erh\u00e4ltlich und verwendet hochwertige Zellen von Sanyo oder Samsung, die Kapazit\u00e4ten von bis zu 2200mAh oder 2600mAh liefern.<\/p>\n<p>Das Design mit hoher Kapazit\u00e4t erm\u00f6glicht l\u00e4ngere Gespr\u00e4chs- und Standby-Zeiten und reduziert die Notwendigkeit des st\u00e4ndigen Aufladens w\u00e4hrend anspruchsvoller Schichten. Die zuverl\u00e4ssige Li-Ionen-Chemie sorgt f\u00fcr eine konstante Entladeleistung, verbesserte Effizienz und verl\u00e4ssliche Haltbarkeit f\u00fcr den t\u00e4glichen professionellen Einsatz.<\/p>\n<p>Diese Batterien sind ideal f\u00fcr Sicherheits-, Bau-, Logistik- und andere Umgebungen mit hoher Beanspruchung und sorgen daf\u00fcr, dass Ihre Vertex-Funkger\u00e4te immer mit Strom versorgt werden und einsatzbereit sind, wenn die Kommunikation am wichtigsten ist.<\/p>","protected":false},"featured_media":6386,"template":"","meta":[],"product_brand":[],"product_cat":[214,219,323],"product_tag":[],"class_list":{"0":"post-6375","1":"product","2":"type-product","3":"status-publish","4":"has-post-thumbnail","6":"product_cat-two-way-radio-accessories","7":"product_cat-batteries-and-chargers","8":"product_cat-vertex-standard-yaesu","10":"first","11":"instock","12":"shipping-taxable","13":"purchasable","14":"product-type-simple"},"_links":{"self":[{"href":"https:\/\/raytalkcomms.com\/de\/wp-json\/wp\/v2\/product\/6375","targetHints":{"allow":["GET"]}}],"collection":[{"href":"https:\/\/raytalkcomms.com\/de\/wp-json\/wp\/v2\/product"}],"about":[{"href":"https:\/\/raytalkcomms.com\/de\/wp-json\/wp\/v2\/types\/product"}],"wp:featuredmedia":[{"embeddable":true,"href":"https:\/\/raytalkcomms.com\/de\/wp-json\/wp\/v2\/media\/6386"}],"wp:attachment":[{"href":"https:\/\/raytalkcomms.com\/de\/wp-json\/wp\/v2\/media?parent=6375"}],"wp:term":[{"taxonomy":"product_brand","embeddable":true,"href":"https:\/\/raytalkcomms.com\/de\/wp-json\/wp\/v2\/product_brand?post=6375"},{"taxonomy":"product_cat","embeddable":true,"href":"https:\/\/raytalkcomms.com\/de\/wp-json\/wp\/v2\/product_cat?post=6375"},{"taxonomy":"product_tag","embeddable":true,"href":"https:\/\/raytalkcomms.com\/de\/wp-json\/wp\/v2\/product_tag?post=6375"}],"curies":[{"name":"wp","href":"https:\/\/api.w.org\/{rel}","templated":true}]}}