{"id":6371,"date":"2025-12-30T08:16:48","date_gmt":"2025-12-30T08:16:48","guid":{"rendered":"https:\/\/raytalkcomms.com\/?post_type=product&#038;p=6371"},"modified":"2025-12-30T08:16:49","modified_gmt":"2025-12-30T08:16:49","slug":"rpb-fnbv95li-rpb-fnbv96li-li-ion-batteries-for-vertex-motorola-vx350-vx351-vx354","status":"publish","type":"product","link":"https:\/\/raytalkcomms.com\/de\/produkt\/rpb-fnbv95li-rpb-fnbv96li-li-ion-batteries-for-vertex-motorola-vx350-vx351-vx354\/","title":{"rendered":"RPB-FNBV95Li RPB-FNBV96Li Lithium-Ionen-Batterien f\u00fcr Vertex\/ Motorola VX350 VX351 VX354"},"content":{"rendered":"<h3>Merkmale:<\/h3>\n<ul>\n<li>Kompatibel mit Vertex Standard VX350, VX351 und VX354 Walkie-Talkies.<\/li>\n<li>Der 7,4-V-Ausgang sorgt f\u00fcr eine stabile Sendeleistung und eine klarere Sprachkommunikation.<\/li>\n<li>Die hohe Kapazit\u00e4t von 2300 mAh unterst\u00fctzt die kontinuierliche Nutzung von Hochfrequenzfunk.<\/li>\n<li>Ersetzt die Vertex Standard \/ Yaesu OEM Teilenummer FNBV95Li und FNBV96Li Batterien<\/li>\n<li>Die Lithium-Ionen-Chemie erm\u00f6glicht l\u00e4ngere Ladezyklen und eine konstante Leistung.<\/li>\n<li>Die langlebige Konstruktion entspricht oder \u00fcbertrifft die Qualit\u00e4t der Originalbatterien FNBV95Li und FNBV96Li.<\/li>\n<li>Zuverl\u00e4ssige Stromversorgungsl\u00f6sung, auf die sich professionelle, industrielle und \u00f6ffentliche Sicherheitsteams verlassen.<\/li>\n<\/ul>","protected":false},"excerpt":{"rendered":"<p>Die RPB-FNBV95Li RPB-FNBV96Li sind leistungsstarke Li-Ionen-Akkus f\u00fcr Vertex\/Motorola-Funkger\u00e4te, einschlie\u00dflich VX350, VX351 und VX354. Der 7,4-V-Akku liefert eine stabilere Sendeleistung f\u00fcr eine klarere und zuverl\u00e4ssigere Sprachkommunikation.<br \/>\nMit einer hohen Kapazit\u00e4t von 2300 mAh bietet dieser Akku eine gleichm\u00e4\u00dfige und kontinuierliche Stromversorgung und ist damit ideal f\u00fcr Teams, die auf h\u00e4ufige, ununterbrochene Funknutzung angewiesen sind.<br \/>\nDie auf Langlebigkeit ausgelegten Lithium-Ionen-Akkus entsprechen oder \u00fcbertreffen sogar die Leistung und Qualit\u00e4t der originalen Vertex Standard \/ Motorola FNBV95Li und FNBV96Li Akkupacks. Die Lithium-Ionen-Chemie unterst\u00fctzt l\u00e4ngere Lade- und Entladezyklen und gew\u00e4hrleistet so eine zuverl\u00e4ssige Stromversorgung f\u00fcr den intensiven t\u00e4glichen Betrieb.<\/p>","protected":false},"featured_media":6372,"template":"","meta":[],"product_brand":[],"product_cat":[214,219,323],"product_tag":[],"class_list":{"0":"post-6371","1":"product","2":"type-product","3":"status-publish","4":"has-post-thumbnail","6":"product_cat-two-way-radio-accessories","7":"product_cat-batteries-and-chargers","8":"product_cat-vertex-standard-yaesu","10":"first","11":"instock","12":"shipping-taxable","13":"purchasable","14":"product-type-simple"},"_links":{"self":[{"href":"https:\/\/raytalkcomms.com\/de\/wp-json\/wp\/v2\/product\/6371","targetHints":{"allow":["GET"]}}],"collection":[{"href":"https:\/\/raytalkcomms.com\/de\/wp-json\/wp\/v2\/product"}],"about":[{"href":"https:\/\/raytalkcomms.com\/de\/wp-json\/wp\/v2\/types\/product"}],"wp:featuredmedia":[{"embeddable":true,"href":"https:\/\/raytalkcomms.com\/de\/wp-json\/wp\/v2\/media\/6372"}],"wp:attachment":[{"href":"https:\/\/raytalkcomms.com\/de\/wp-json\/wp\/v2\/media?parent=6371"}],"wp:term":[{"taxonomy":"product_brand","embeddable":true,"href":"https:\/\/raytalkcomms.com\/de\/wp-json\/wp\/v2\/product_brand?post=6371"},{"taxonomy":"product_cat","embeddable":true,"href":"https:\/\/raytalkcomms.com\/de\/wp-json\/wp\/v2\/product_cat?post=6371"},{"taxonomy":"product_tag","embeddable":true,"href":"https:\/\/raytalkcomms.com\/de\/wp-json\/wp\/v2\/product_tag?post=6371"}],"curies":[{"name":"wp","href":"https:\/\/api.w.org\/{rel}","templated":true}]}}