{"id":6337,"date":"2025-12-29T09:56:15","date_gmt":"2025-12-29T09:56:15","guid":{"rendered":"https:\/\/raytalkcomms.com\/?post_type=product&#038;p=6337"},"modified":"2026-01-16T06:59:11","modified_gmt":"2026-01-16T06:59:11","slug":"rt-uc603-6-bank-multiple-charger","status":"publish","type":"product","link":"https:\/\/raytalkcomms.com\/de\/produkt\/rt-uc603-6-bank-multiple-charger\/","title":{"rendered":"RT-UC603 6-Bank-Mehrfach-Ladeger\u00e4t"},"content":{"rendered":"<h3>Merkmale:<\/h3>\n<ul>\n<li>6-Bank-Mehrfach-Ladeger\u00e4t zum gleichzeitigen Laden von bis zu sechs Ger\u00e4ten<\/li>\n<li>Kompatibel mit Funkger\u00e4ten und Batterien von Motorola, Kenwood, Vertex, ICOM, Hytera und anderen Marken<\/li>\n<li>Kompatible Akkutypen: Ni-MH-Akkus und Li-Ion-Akkus<\/li>\n<li>Intelligentes Ladesystem analysiert den Zustand der Batterie und schaltet automatisch ab, wenn sie vollst\u00e4ndig geladen ist<\/li>\n<li>LED-Anzeige f\u00fcr eindeutigen Ladestatus<\/li>\n<li>Unterst\u00fctzt freistehende, wandmontierte oder Desktop-Installation<\/li>\n<li>\u00dcber 30 Steckplatztypen verf\u00fcgbar, mit anpassbaren Steckpl\u00e4tzen f\u00fcr spezielle Radiomodelle<\/li>\n<li>Ein Multi-Bank-Ladeger\u00e4t ersetzt mehrere einzelne Ladeger\u00e4te, ideal f\u00fcr Flotten und Unternehmen<\/li>\n<\/ul>","protected":false},"excerpt":{"rendered":"<p>Das RT-UC603 6-Bank-Mehrfachladeger\u00e4t ist eine leistungsstarke und intelligente Ladel\u00f6sung f\u00fcr professionelle Funkger\u00e4tebenutzer. Dieses Produkt ist so konzipiert, dass es automatisch bis zu sechs Ger\u00e4te gleichzeitig aufl\u00e4dt. Das 6-Bank-Mehrfach-Ladeger\u00e4t ist freistehend, kann an der Wand montiert oder auf einem Tisch verwendet werden und bietet eine flexible Installation f\u00fcr verschiedene Arbeitsumgebungen.<\/p>\n<p>Das 6-Bank-Mehrfach-Ladeger\u00e4t ist intelligent und analysiert den Zustand jeder Batterie und l\u00e4dt sie entsprechend auf, wobei es automatisch stoppt, wenn sie voll ist. Dies sch\u00fctzt die Batterie vor \u00dcberladung und erh\u00e4lt ihre Gesundheit und Langlebigkeit.<\/p>\n<p>Wir haben mehr als 30 Arten von Steckpl\u00e4tzen, die an viele verschiedene Arten von Funkger\u00e4tbatterien angepasst sind, darunter Motorola, Kenwood, Vertex, ICOM, Hytera und andere Marken. Wir k\u00f6nnen sogar die Steckpl\u00e4tze anpassen, die Sie ben\u00f6tigen, wenn Ihre Modelle speziell sind. Mit diesem 6-Bank-Mehrfachladeger\u00e4t entspricht ein Ger\u00e4t mehreren Einzelladeger\u00e4ten, was die Kosten senkt und das Lademanagement vereinfacht.<\/p>","protected":false},"featured_media":6341,"template":"","meta":[],"product_brand":[],"product_cat":[214,219,330],"product_tag":[],"class_list":{"0":"post-6337","1":"product","2":"type-product","3":"status-publish","4":"has-post-thumbnail","6":"product_cat-two-way-radio-accessories","7":"product_cat-batteries-and-chargers","8":"product_cat-chargers","10":"first","11":"instock","12":"shipping-taxable","13":"purchasable","14":"product-type-simple"},"_links":{"self":[{"href":"https:\/\/raytalkcomms.com\/de\/wp-json\/wp\/v2\/product\/6337","targetHints":{"allow":["GET"]}}],"collection":[{"href":"https:\/\/raytalkcomms.com\/de\/wp-json\/wp\/v2\/product"}],"about":[{"href":"https:\/\/raytalkcomms.com\/de\/wp-json\/wp\/v2\/types\/product"}],"wp:featuredmedia":[{"embeddable":true,"href":"https:\/\/raytalkcomms.com\/de\/wp-json\/wp\/v2\/media\/6341"}],"wp:attachment":[{"href":"https:\/\/raytalkcomms.com\/de\/wp-json\/wp\/v2\/media?parent=6337"}],"wp:term":[{"taxonomy":"product_brand","embeddable":true,"href":"https:\/\/raytalkcomms.com\/de\/wp-json\/wp\/v2\/product_brand?post=6337"},{"taxonomy":"product_cat","embeddable":true,"href":"https:\/\/raytalkcomms.com\/de\/wp-json\/wp\/v2\/product_cat?post=6337"},{"taxonomy":"product_tag","embeddable":true,"href":"https:\/\/raytalkcomms.com\/de\/wp-json\/wp\/v2\/product_tag?post=6337"}],"curies":[{"name":"wp","href":"https:\/\/api.w.org\/{rel}","templated":true}]}}