{"id":6301,"date":"2025-12-26T13:22:53","date_gmt":"2025-12-26T13:22:53","guid":{"rendered":"https:\/\/raytalkcomms.com\/?post_type=product&#038;p=6301"},"modified":"2025-12-30T02:59:20","modified_gmt":"2025-12-30T02:59:20","slug":"rpb-bc-192-single-desktop-charger-pot-for-icom-bp-264-ni-mh-battery","status":"publish","type":"product","link":"https:\/\/raytalkcomms.com\/de\/produkt\/rpb-bc-192-single-desktop-charger-pot-for-icom-bp-264-ni-mh-battery\/","title":{"rendered":"RPB-BC-192 Einzelne Tischladeschale f\u00fcr Icom BP-264 Ni-Mh-Akku"},"content":{"rendered":"<h3>Merkmale:<\/h3>\n<ul>\n<li>Einzelne Tischladeschale f\u00fcr Icom-Funkger\u00e4te<\/li>\n<li>Kompatible Funkger\u00e4tmodelle: IC-F27SR, IC-F3011, F4011, IC-F3102D, F3103D, F4102D, IC-G80, IC-T70A, IC-T70E, F4103D, IC-F3002, F4002, F3003, F4003, IC-F3001, F4001, F4003<\/li>\n<li>Kompatibler Akku: Ni-Mh BP-264<\/li>\n<li>Sichere und effiziente Ladeleistung<\/li>\n<li>Ideal f\u00fcr den beruflichen und privaten Gebrauch<\/li>\n<\/ul>","protected":false},"excerpt":{"rendered":"<p>Der RPB-BC-192 Single Desktop Charger Pot ist eine zuverl\u00e4ssige Ladel\u00f6sung f\u00fcr Icom Funkger\u00e4te mit BP-264 Ni-Mh-Akkus. Diese Ladeschale wurde f\u00fcr eine Vielzahl von Icom Funkger\u00e4tmodellen entwickelt, darunter IC-F27SR, IC-F3011, F4011, IC-F3102D, F3103D, F4102D, IC-G80, IC-T70A, IC-T70E, F4103D, IC-F3002, F4002, F3003, F4003, IC-F3001, F4001 und F4003, und erm\u00f6glicht ein sicheres und effizientes Laden. Es ist ideal f\u00fcr den professionellen oder privaten Gebrauch und gew\u00e4hrleistet eine lang anhaltende Akkuleistung.<\/p>\n<p>Zus\u00e4tzlich bieten wir eine Vielzahl von <a href=\"https:\/\/online.fliphtml5.com\/sdcle\/atfh\/#p=136\">Ladeger\u00e4te f\u00fcr Icom-Funkakkus<\/a>, und gew\u00e4hrleistet eine stabile Ladung sowohl f\u00fcr Original- als auch f\u00fcr Ersatzbatterien.<\/p>","protected":false},"featured_media":6302,"template":"","meta":[],"product_brand":[],"product_cat":[214,219,330],"product_tag":[],"class_list":{"0":"post-6301","1":"product","2":"type-product","3":"status-publish","4":"has-post-thumbnail","6":"product_cat-two-way-radio-accessories","7":"product_cat-batteries-and-chargers","8":"product_cat-chargers","10":"first","11":"instock","12":"shipping-taxable","13":"purchasable","14":"product-type-simple"},"_links":{"self":[{"href":"https:\/\/raytalkcomms.com\/de\/wp-json\/wp\/v2\/product\/6301","targetHints":{"allow":["GET"]}}],"collection":[{"href":"https:\/\/raytalkcomms.com\/de\/wp-json\/wp\/v2\/product"}],"about":[{"href":"https:\/\/raytalkcomms.com\/de\/wp-json\/wp\/v2\/types\/product"}],"wp:featuredmedia":[{"embeddable":true,"href":"https:\/\/raytalkcomms.com\/de\/wp-json\/wp\/v2\/media\/6302"}],"wp:attachment":[{"href":"https:\/\/raytalkcomms.com\/de\/wp-json\/wp\/v2\/media?parent=6301"}],"wp:term":[{"taxonomy":"product_brand","embeddable":true,"href":"https:\/\/raytalkcomms.com\/de\/wp-json\/wp\/v2\/product_brand?post=6301"},{"taxonomy":"product_cat","embeddable":true,"href":"https:\/\/raytalkcomms.com\/de\/wp-json\/wp\/v2\/product_cat?post=6301"},{"taxonomy":"product_tag","embeddable":true,"href":"https:\/\/raytalkcomms.com\/de\/wp-json\/wp\/v2\/product_tag?post=6301"}],"curies":[{"name":"wp","href":"https:\/\/api.w.org\/{rel}","templated":true}]}}