{"id":6299,"date":"2025-12-26T13:15:56","date_gmt":"2025-12-26T13:15:56","guid":{"rendered":"https:\/\/raytalkcomms.com\/?post_type=product&#038;p=6299"},"modified":"2025-12-30T03:00:38","modified_gmt":"2025-12-30T03:00:38","slug":"rpb-ch10l27-intelligent-single-charger-for-hytera-hp-series-radios","status":"publish","type":"product","link":"https:\/\/raytalkcomms.com\/de\/produkt\/rpb-ch10l27-intelligent-single-charger-for-hytera-hp-series-radios\/","title":{"rendered":"RPB-CH10L27 Intelligentes Einzelladeger\u00e4t f\u00fcr Hytera-Funkger\u00e4te der HP-Serie"},"content":{"rendered":"<h3>Merkmale:<\/h3>\n<ul>\n<li>Intelligentes Einzelladeger\u00e4t f\u00fcr Hytera-Funkger\u00e4te der HP-Serie<\/li>\n<li>Kompatible Radiomodelle: HP600, HP680, HP605, HP685, HP602, HP682<\/li>\n<li>Kompatible Akku-Modelle: BP2002, BP3002, BP2403, BP3003<\/li>\n<li>LED-Anzeige f\u00fcr eindeutigen Ladestatus<\/li>\n<li>Effizientes und sicheres Laden f\u00fcr den professionellen Einsatz<\/li>\n<\/ul>","protected":false},"excerpt":{"rendered":"<p>Das intelligente Einzelladeger\u00e4t RPB-CH10L27 ist eine intelligente und zuverl\u00e4ssige Ladel\u00f6sung f\u00fcr Hytera-Funkger\u00e4te der HP-Serie. Ausgestattet mit einer LED-Anzeige zeigt es deutlich den Ladestatus an und erm\u00f6glicht so eine bessere Verwaltung von Ladeger\u00e4ten und Strom. Es ist kompatibel mit den Funkger\u00e4ten HP600, HP680, HP605, HP685, HP602 und HP682 und unterst\u00fctzt die Hytera-Akkus BP2002, BP3002, BP2403 und BP3003. Es ist ideal f\u00fcr den professionellen Einsatz und gew\u00e4hrleistet ein sicheres, effizientes und problemloses Aufladen.<\/p>\n<p>Zus\u00e4tzlich bieten wir eine Vielzahl von <a href=\"https:\/\/online.fliphtml5.com\/sdcle\/atfh\/#p=145\">Ladeger\u00e4te f\u00fcr Hytera-Funkakkus<\/a>, und gew\u00e4hrleistet eine stabile Ladung sowohl f\u00fcr Original- als auch f\u00fcr Ersatzbatterien.<\/p>","protected":false},"featured_media":6300,"template":"","meta":[],"product_brand":[],"product_cat":[214,219,330],"product_tag":[],"class_list":{"0":"post-6299","1":"product","2":"type-product","3":"status-publish","4":"has-post-thumbnail","6":"product_cat-two-way-radio-accessories","7":"product_cat-batteries-and-chargers","8":"product_cat-chargers","10":"first","11":"instock","12":"shipping-taxable","13":"purchasable","14":"product-type-simple"},"_links":{"self":[{"href":"https:\/\/raytalkcomms.com\/de\/wp-json\/wp\/v2\/product\/6299","targetHints":{"allow":["GET"]}}],"collection":[{"href":"https:\/\/raytalkcomms.com\/de\/wp-json\/wp\/v2\/product"}],"about":[{"href":"https:\/\/raytalkcomms.com\/de\/wp-json\/wp\/v2\/types\/product"}],"wp:featuredmedia":[{"embeddable":true,"href":"https:\/\/raytalkcomms.com\/de\/wp-json\/wp\/v2\/media\/6300"}],"wp:attachment":[{"href":"https:\/\/raytalkcomms.com\/de\/wp-json\/wp\/v2\/media?parent=6299"}],"wp:term":[{"taxonomy":"product_brand","embeddable":true,"href":"https:\/\/raytalkcomms.com\/de\/wp-json\/wp\/v2\/product_brand?post=6299"},{"taxonomy":"product_cat","embeddable":true,"href":"https:\/\/raytalkcomms.com\/de\/wp-json\/wp\/v2\/product_cat?post=6299"},{"taxonomy":"product_tag","embeddable":true,"href":"https:\/\/raytalkcomms.com\/de\/wp-json\/wp\/v2\/product_tag?post=6299"}],"curies":[{"name":"wp","href":"https:\/\/api.w.org\/{rel}","templated":true}]}}