{"id":6287,"date":"2025-12-26T12:56:08","date_gmt":"2025-12-26T12:56:08","guid":{"rendered":"https:\/\/raytalkcomms.com\/?post_type=product&#038;p=6287"},"modified":"2025-12-30T03:03:13","modified_gmt":"2025-12-30T03:03:13","slug":"rpb-pmpn4527a-single-desktop-charger-for-motorola-r7-and-r5-radios","status":"publish","type":"product","link":"https:\/\/raytalkcomms.com\/de\/produkt\/rpb-pmpn4527a-single-desktop-charger-for-motorola-r7-and-r5-radios\/","title":{"rendered":"RPB-PMPN4527A Einzelne Tischladestation f\u00fcr Motorola R7- und R5-Funkger\u00e4te"},"content":{"rendered":"<h3>Merkmale:<\/h3>\n<ul>\n<li>Einzelladeger\u00e4t f\u00fcr Motorola R7- und R5-Funkger\u00e4te sowie f\u00fcr Funkger\u00e4te der DP-Serie wie DP2400e, DP2600e, DP3400 und andere<\/li>\n<li>Kompatibel mit DP2400\/2400e, DP2600\/2600e, DP3400, DP3401, DP3600<\/li>\n<li>Unterst\u00fctzt die intelligente IMPRES-Ladetechnologie<\/li>\n<li>Optimiert die Lebensdauer der Batterie und die Ladeeffizienz<\/li>\n<li>Langlebiges Design f\u00fcr den professionellen Einsatz<\/li>\n<\/ul>","protected":false},"excerpt":{"rendered":"<p>Das RPB-PMPN4527A Single Desktop Charger ist eine IMPRES-Ladel\u00f6sung, die f\u00fcr Motorola-Funkger\u00e4te der Serien R7 und R5 entwickelt wurde. Es ist vollst\u00e4ndig kompatibel mit Motorola DP2400, DP2400e, DP2600, DP2600e, DP3400, DP3401 und DP3600 Funkger\u00e4ten. Gleichzeitig kann es auch die Akkus von R5-Funkger\u00e4ten aufladen. Dieses Desktop-Ladeger\u00e4t mit einer Ladebuchse unterst\u00fctzt die IMPRES-Technologie, um die Akkuleistung zu optimieren, die Lebensdauer der Akkus zu verl\u00e4ngern und ein zuverl\u00e4ssiges Laden zu gew\u00e4hrleisten. Es wurde nach US-Standards gebaut und ist ideal f\u00fcr professionelle und unternehmenskritische Kommunikationsumgebungen.<\/p>\n<p>Dar\u00fcber hinaus bieten wir eine breite Palette von <a href=\"https:\/\/online.fliphtml5.com\/sdcle\/atfh\/#p=140\">Ladeger\u00e4te f\u00fcr Motorola-Funkger\u00e4te<\/a>, und erm\u00f6glicht eine zuverl\u00e4ssige Aufladung von Original- und Ersatzbatterien.<\/p>","protected":false},"featured_media":6291,"template":"","meta":[],"product_brand":[],"product_cat":[219,330,214],"product_tag":[],"class_list":{"0":"post-6287","1":"product","2":"type-product","3":"status-publish","4":"has-post-thumbnail","6":"product_cat-batteries-and-chargers","7":"product_cat-chargers","8":"product_cat-two-way-radio-accessories","10":"first","11":"instock","12":"shipping-taxable","13":"purchasable","14":"product-type-simple"},"_links":{"self":[{"href":"https:\/\/raytalkcomms.com\/de\/wp-json\/wp\/v2\/product\/6287","targetHints":{"allow":["GET"]}}],"collection":[{"href":"https:\/\/raytalkcomms.com\/de\/wp-json\/wp\/v2\/product"}],"about":[{"href":"https:\/\/raytalkcomms.com\/de\/wp-json\/wp\/v2\/types\/product"}],"wp:featuredmedia":[{"embeddable":true,"href":"https:\/\/raytalkcomms.com\/de\/wp-json\/wp\/v2\/media\/6291"}],"wp:attachment":[{"href":"https:\/\/raytalkcomms.com\/de\/wp-json\/wp\/v2\/media?parent=6287"}],"wp:term":[{"taxonomy":"product_brand","embeddable":true,"href":"https:\/\/raytalkcomms.com\/de\/wp-json\/wp\/v2\/product_brand?post=6287"},{"taxonomy":"product_cat","embeddable":true,"href":"https:\/\/raytalkcomms.com\/de\/wp-json\/wp\/v2\/product_cat?post=6287"},{"taxonomy":"product_tag","embeddable":true,"href":"https:\/\/raytalkcomms.com\/de\/wp-json\/wp\/v2\/product_tag?post=6287"}],"curies":[{"name":"wp","href":"https:\/\/api.w.org\/{rel}","templated":true}]}}