{"id":6267,"date":"2025-12-26T09:37:59","date_gmt":"2025-12-26T09:37:59","guid":{"rendered":"https:\/\/raytalkcomms.com\/?post_type=product&#038;p=6267"},"modified":"2025-12-26T09:37:59","modified_gmt":"2025-12-26T09:37:59","slug":"rpb-kb56c-li-ion-walkie-talkie-battery-for-kirisun-radio","status":"publish","type":"product","link":"https:\/\/raytalkcomms.com\/de\/produkt\/rpb-kb56c-li-ion-walkie-talkie-battery-for-kirisun-radio\/","title":{"rendered":"RPB-KB56C Li-ion Walkie Talkie Akku f\u00fcr Kirisun Funkger\u00e4te"},"content":{"rendered":"<h3>Merkmale:<\/h3>\n<ul>\n<li>Hochwertiger Walkie Talkie-Akku mit 1700mAh f\u00fcr lange Nutzung und zuverl\u00e4ssige Leistung.<\/li>\n<li>Die Li-Ionen-Chemie gew\u00e4hrleistet eine stabile und lang anhaltende Stromversorgung f\u00fcr Kirisun-Funkger\u00e4te.<\/li>\n<li>Kompatibel mit Kirisun PT560 Modellen f\u00fcr eine nahtlose Integration.<\/li>\n<li>Robustes und langlebiges Design, gebaut f\u00fcr den langfristigen Einsatz in anspruchsvollen Umgebungen.<\/li>\n<li>Gepr\u00fcft auf Qualit\u00e4t und Leistung, um eine zuverl\u00e4ssige Kommunikation zu gew\u00e4hrleisten.<\/li>\n<\/ul>","protected":false},"excerpt":{"rendered":"<p>RPB-KB56C ist ein robuster, langlebiger Walkie Talkie-Akku, der perfekt mit Kirisun-Funkger\u00e4ten, einschlie\u00dflich des PT560, kompatibel ist. Er bietet eine hohe Kapazit\u00e4t von 1700mAh und verf\u00fcgt \u00fcber eine Li-Ionen-Chemie, die eine lang anhaltende, stabile Leistung f\u00fcr eine l\u00e4ngere Nutzung bietet. Dieser wiederaufladbare Akku ist ideal f\u00fcr Kirisun-Funkger\u00e4te und wird f\u00fcr Gro\u00dfeink\u00e4ufe dringend empfohlen. Die Leistung und Qualit\u00e4t entspricht oder \u00fcbertrifft die des Originalakkus von Kirisun. RPB-KB56C gew\u00e4hrleistet eine zuverl\u00e4ssige Stromversorgung f\u00fcr die Funkkommunikation, unterst\u00fctzt durch strenge Produkttests, um die Qualit\u00e4t zu garantieren.<\/p>","protected":false},"featured_media":6265,"template":"","meta":[],"product_brand":[],"product_cat":[214,219,325],"product_tag":[],"class_list":{"0":"post-6267","1":"product","2":"type-product","3":"status-publish","4":"has-post-thumbnail","6":"product_cat-two-way-radio-accessories","7":"product_cat-batteries-and-chargers","8":"product_cat-kirisun","10":"first","11":"instock","12":"shipping-taxable","13":"purchasable","14":"product-type-simple"},"_links":{"self":[{"href":"https:\/\/raytalkcomms.com\/de\/wp-json\/wp\/v2\/product\/6267","targetHints":{"allow":["GET"]}}],"collection":[{"href":"https:\/\/raytalkcomms.com\/de\/wp-json\/wp\/v2\/product"}],"about":[{"href":"https:\/\/raytalkcomms.com\/de\/wp-json\/wp\/v2\/types\/product"}],"wp:featuredmedia":[{"embeddable":true,"href":"https:\/\/raytalkcomms.com\/de\/wp-json\/wp\/v2\/media\/6265"}],"wp:attachment":[{"href":"https:\/\/raytalkcomms.com\/de\/wp-json\/wp\/v2\/media?parent=6267"}],"wp:term":[{"taxonomy":"product_brand","embeddable":true,"href":"https:\/\/raytalkcomms.com\/de\/wp-json\/wp\/v2\/product_brand?post=6267"},{"taxonomy":"product_cat","embeddable":true,"href":"https:\/\/raytalkcomms.com\/de\/wp-json\/wp\/v2\/product_cat?post=6267"},{"taxonomy":"product_tag","embeddable":true,"href":"https:\/\/raytalkcomms.com\/de\/wp-json\/wp\/v2\/product_tag?post=6267"}],"curies":[{"name":"wp","href":"https:\/\/api.w.org\/{rel}","templated":true}]}}