{"id":6258,"date":"2025-12-26T09:30:20","date_gmt":"2025-12-26T09:30:20","guid":{"rendered":"https:\/\/raytalkcomms.com\/?post_type=product&#038;p=6258"},"modified":"2025-12-26T09:30:21","modified_gmt":"2025-12-26T09:30:21","slug":"rpb-kb77b-li-ion-walkie-talkie-battery-for-kirisun-radio","status":"publish","type":"product","link":"https:\/\/raytalkcomms.com\/de\/produkt\/rpb-kb77b-li-ion-walkie-talkie-battery-for-kirisun-radio\/","title":{"rendered":"RPB-KB77b Li-ion Walkie Talkie Akku f\u00fcr Kirisun Funkger\u00e4te"},"content":{"rendered":"<h3>Merkmale:<\/h3>\n<ul>\n<li>Hochwertiger Walkie Talkie-Akku mit 2000 mAh f\u00fcr lange Nutzung und zuverl\u00e4ssige Leistung.<\/li>\n<li>Die Li-Ionen-Chemie gew\u00e4hrleistet eine stabile und lang anhaltende Stromversorgung f\u00fcr Kirisun-Funkger\u00e4te.<\/li>\n<li>Kompatibel mit Kirisun PD770-Modellen f\u00fcr nahtlose Integration.<\/li>\n<li>Robustes und langlebiges Design, gebaut f\u00fcr den langfristigen Einsatz in anspruchsvollen Umgebungen.<\/li>\n<li>Gepr\u00fcft auf Qualit\u00e4t und Leistung, um eine zuverl\u00e4ssige Kommunikation zu gew\u00e4hrleisten.<\/li>\n<\/ul>","protected":false},"excerpt":{"rendered":"<p>RPB-KB75A ist ein robuster, langlebiger Walkie Talkie-Akku, der perfekt mit Kirisun-Funkger\u00e4ten, einschlie\u00dflich des PD770, kompatibel ist. Er bietet eine hohe Kapazit\u00e4t von 2000mAh und verf\u00fcgt \u00fcber eine Li-Ionen-Chemie, die eine lang anhaltende, stabile Leistung f\u00fcr eine l\u00e4ngere Nutzung bietet. Dieser wiederaufladbare Akku ist ideal f\u00fcr Kirisun-Funkger\u00e4te und wird f\u00fcr Gro\u00dfeink\u00e4ufe dringend empfohlen. Seine Leistung und Qualit\u00e4t entsprechen der des Originalakkus von Kirisun oder \u00fcbertreffen diese sogar. Die RPB-KB77b gew\u00e4hrleistet eine zuverl\u00e4ssige Stromversorgung f\u00fcr Funkger\u00e4te, unterst\u00fctzt durch strenge Produkttests, um Qualit\u00e4t zu garantieren.<\/p>","protected":false},"featured_media":6260,"template":"","meta":[],"product_brand":[],"product_cat":[214,219,325],"product_tag":[],"class_list":{"0":"post-6258","1":"product","2":"type-product","3":"status-publish","4":"has-post-thumbnail","6":"product_cat-two-way-radio-accessories","7":"product_cat-batteries-and-chargers","8":"product_cat-kirisun","10":"first","11":"instock","12":"shipping-taxable","13":"purchasable","14":"product-type-simple"},"_links":{"self":[{"href":"https:\/\/raytalkcomms.com\/de\/wp-json\/wp\/v2\/product\/6258","targetHints":{"allow":["GET"]}}],"collection":[{"href":"https:\/\/raytalkcomms.com\/de\/wp-json\/wp\/v2\/product"}],"about":[{"href":"https:\/\/raytalkcomms.com\/de\/wp-json\/wp\/v2\/types\/product"}],"wp:featuredmedia":[{"embeddable":true,"href":"https:\/\/raytalkcomms.com\/de\/wp-json\/wp\/v2\/media\/6260"}],"wp:attachment":[{"href":"https:\/\/raytalkcomms.com\/de\/wp-json\/wp\/v2\/media?parent=6258"}],"wp:term":[{"taxonomy":"product_brand","embeddable":true,"href":"https:\/\/raytalkcomms.com\/de\/wp-json\/wp\/v2\/product_brand?post=6258"},{"taxonomy":"product_cat","embeddable":true,"href":"https:\/\/raytalkcomms.com\/de\/wp-json\/wp\/v2\/product_cat?post=6258"},{"taxonomy":"product_tag","embeddable":true,"href":"https:\/\/raytalkcomms.com\/de\/wp-json\/wp\/v2\/product_tag?post=6258"}],"curies":[{"name":"wp","href":"https:\/\/api.w.org\/{rel}","templated":true}]}}