{"id":6251,"date":"2025-12-26T09:21:06","date_gmt":"2025-12-26T09:21:06","guid":{"rendered":"https:\/\/raytalkcomms.com\/?post_type=product&#038;p=6251"},"modified":"2025-12-26T09:21:06","modified_gmt":"2025-12-26T09:21:06","slug":"rpb-kb990-li-ion-walkie-talkie-battery-for-kirisun-radio","status":"publish","type":"product","link":"https:\/\/raytalkcomms.com\/de\/produkt\/rpb-kb990-li-ion-walkie-talkie-battery-for-kirisun-radio\/","title":{"rendered":"RPB-KB990 Li-ion Walkie Talkie Akku f\u00fcr Kirisun Funkger\u00e4te"},"content":{"rendered":"<h3>Merkmale:<\/h3>\n<ul>\n<li>Hochkapazitiver Walkie Talkie-Akku mit 2000 mAh f\u00fcr l\u00e4ngere Nutzung und zuverl\u00e4ssige Leistung.<\/li>\n<li>Die Li-Ionen-Chemie gew\u00e4hrleistet eine stabile und lang anhaltende Stromversorgung f\u00fcr Kirisun-Funkger\u00e4te.<\/li>\n<li>Kompatibel mit Kirisun DP990 Modellen f\u00fcr eine nahtlose Integration.<\/li>\n<li>Robustes und langlebiges Design, gebaut f\u00fcr den langfristigen Einsatz in anspruchsvollen Umgebungen.<\/li>\n<li>Gepr\u00fcft auf Qualit\u00e4t und Leistung, um eine zuverl\u00e4ssige Kommunikation zu gew\u00e4hrleisten.<\/li>\n<\/ul>","protected":false},"excerpt":{"rendered":"<p>RPB-KB990 ist ein robuster, langlebiger Walkie Talkie-Akku, der perfekt mit Kirisun-Funkger\u00e4ten, einschlie\u00dflich dem DP990, kompatibel ist. Er bietet eine hohe Kapazit\u00e4t von 2000mAh und verf\u00fcgt \u00fcber eine Li-Ionen-Chemie, die eine lang anhaltende, stabile Leistung f\u00fcr eine lange Nutzung bietet. Dieser wiederaufladbare Akku ist ideal f\u00fcr Kirisun-Funkger\u00e4te und wird f\u00fcr Gro\u00dfeink\u00e4ufe dringend empfohlen. Die Leistung und Qualit\u00e4t entspricht der des Originalakkus von Kirisun oder \u00fcbertrifft diese sogar. Die RPB-KB990 gew\u00e4hrleistet eine zuverl\u00e4ssige Stromversorgung f\u00fcr die Funkkommunikation, unterst\u00fctzt durch strenge Produkttests, um die Qualit\u00e4t zu garantieren.<\/p>","protected":false},"featured_media":6250,"template":"","meta":[],"product_brand":[],"product_cat":[214,219,325],"product_tag":[],"class_list":{"0":"post-6251","1":"product","2":"type-product","3":"status-publish","4":"has-post-thumbnail","6":"product_cat-two-way-radio-accessories","7":"product_cat-batteries-and-chargers","8":"product_cat-kirisun","10":"first","11":"instock","12":"shipping-taxable","13":"purchasable","14":"product-type-simple"},"_links":{"self":[{"href":"https:\/\/raytalkcomms.com\/de\/wp-json\/wp\/v2\/product\/6251","targetHints":{"allow":["GET"]}}],"collection":[{"href":"https:\/\/raytalkcomms.com\/de\/wp-json\/wp\/v2\/product"}],"about":[{"href":"https:\/\/raytalkcomms.com\/de\/wp-json\/wp\/v2\/types\/product"}],"wp:featuredmedia":[{"embeddable":true,"href":"https:\/\/raytalkcomms.com\/de\/wp-json\/wp\/v2\/media\/6250"}],"wp:attachment":[{"href":"https:\/\/raytalkcomms.com\/de\/wp-json\/wp\/v2\/media?parent=6251"}],"wp:term":[{"taxonomy":"product_brand","embeddable":true,"href":"https:\/\/raytalkcomms.com\/de\/wp-json\/wp\/v2\/product_brand?post=6251"},{"taxonomy":"product_cat","embeddable":true,"href":"https:\/\/raytalkcomms.com\/de\/wp-json\/wp\/v2\/product_cat?post=6251"},{"taxonomy":"product_tag","embeddable":true,"href":"https:\/\/raytalkcomms.com\/de\/wp-json\/wp\/v2\/product_tag?post=6251"}],"curies":[{"name":"wp","href":"https:\/\/api.w.org\/{rel}","templated":true}]}}