{"id":6203,"date":"2025-12-25T11:28:35","date_gmt":"2025-12-25T11:28:35","guid":{"rendered":"https:\/\/raytalkcomms.com\/?post_type=product&#038;p=6203"},"modified":"2025-12-25T11:28:36","modified_gmt":"2025-12-25T11:28:36","slug":"rpb-srp2000-sepura-li-ion-walkie-talkie-battery-for-sepura-radio","status":"publish","type":"product","link":"https:\/\/raytalkcomms.com\/de\/produkt\/rpb-srp2000-sepura-li-ion-walkie-talkie-battery-for-sepura-radio\/","title":{"rendered":"RPB-SRP2000 Sepura Li-ion Walkie Talkie Akku f\u00fcr Sepura Funkger\u00e4te"},"content":{"rendered":"<h3>Merkmale:<\/h3>\n<ul>\n<li>Hohe Kapazit\u00e4t von 1800mAh und 19600mAh f\u00fcr lange Nutzung und zuverl\u00e4ssige Leistung.<\/li>\n<li>Die LI-ION-Chemie gew\u00e4hrleistet eine stabile und lang anhaltende Stromversorgung f\u00fcr Sepura Funkger\u00e4te Walkie Talkie Batterie.<\/li>\n<li>Kompatibel mit RPB-SRP2000 SRP2000\/SRP3000\/SRP3500\/SRP3800 Modellen f\u00fcr eine nahtlose Integration.<\/li>\n<li>Robustes und langlebiges Design, gebaut f\u00fcr den langfristigen Einsatz in anspruchsvollen Umgebungen.<\/li>\n<li>Gepr\u00fcft auf Qualit\u00e4t und Leistung, um eine zuverl\u00e4ssige Kommunikation zu gew\u00e4hrleisten.<\/li>\n<\/ul>","protected":false},"excerpt":{"rendered":"<p>RPB-SRP2000 ist ein robuster Akku, langlebig Walkie Talkie Akku, perfekt kompatibel mit Sepura Funkger\u00e4te, einschlie\u00dflich derSRP2000\/SRP3000\/SRP3500\/SRP3800. Sie bietet eine hohe Kapazit\u00e4t von 1800mAh und 19600mAh mit Li-Ionen-Chemie, die eine lang anhaltende, stabile Leistung f\u00fcr einen l\u00e4ngeren Gebrauch bietet. Diese wiederaufladbare Batterie ist ideal f\u00fcr Tait-Funkger\u00e4te und wird f\u00fcr Gro\u00dfeink\u00e4ufe dringend empfohlen. Ihre Leistung und Qualit\u00e4t entspricht der der Originalbatterie von Tait oder \u00fcbertrifft diese sogar. Die RPB-SRP2000 gew\u00e4hrleistet eine zuverl\u00e4ssige Stromversorgung f\u00fcr die Funkkommunikation, unterst\u00fctzt durch strenge Produkttests, um Qualit\u00e4t zu garantieren.<\/p>","protected":false},"featured_media":6202,"template":"","meta":[],"product_brand":[],"product_cat":[214,219,328],"product_tag":[],"class_list":{"0":"post-6203","1":"product","2":"type-product","3":"status-publish","4":"has-post-thumbnail","6":"product_cat-two-way-radio-accessories","7":"product_cat-batteries-and-chargers","8":"product_cat-sepura","10":"first","11":"instock","12":"shipping-taxable","13":"purchasable","14":"product-type-simple"},"_links":{"self":[{"href":"https:\/\/raytalkcomms.com\/de\/wp-json\/wp\/v2\/product\/6203","targetHints":{"allow":["GET"]}}],"collection":[{"href":"https:\/\/raytalkcomms.com\/de\/wp-json\/wp\/v2\/product"}],"about":[{"href":"https:\/\/raytalkcomms.com\/de\/wp-json\/wp\/v2\/types\/product"}],"wp:featuredmedia":[{"embeddable":true,"href":"https:\/\/raytalkcomms.com\/de\/wp-json\/wp\/v2\/media\/6202"}],"wp:attachment":[{"href":"https:\/\/raytalkcomms.com\/de\/wp-json\/wp\/v2\/media?parent=6203"}],"wp:term":[{"taxonomy":"product_brand","embeddable":true,"href":"https:\/\/raytalkcomms.com\/de\/wp-json\/wp\/v2\/product_brand?post=6203"},{"taxonomy":"product_cat","embeddable":true,"href":"https:\/\/raytalkcomms.com\/de\/wp-json\/wp\/v2\/product_cat?post=6203"},{"taxonomy":"product_tag","embeddable":true,"href":"https:\/\/raytalkcomms.com\/de\/wp-json\/wp\/v2\/product_tag?post=6203"}],"curies":[{"name":"wp","href":"https:\/\/api.w.org\/{rel}","templated":true}]}}