{"id":6165,"date":"2025-12-25T06:31:42","date_gmt":"2025-12-25T06:31:42","guid":{"rendered":"https:\/\/raytalkcomms.com\/?post_type=product&#038;p=6165"},"modified":"2025-12-26T06:47:50","modified_gmt":"2025-12-26T06:47:50","slug":"qd-m8-xlr-5pin-to-motorola-single-pin-adapter-cable","status":"publish","type":"product","link":"https:\/\/raytalkcomms.com\/de\/produkt\/qd-m8-xlr-5pin-to-motorola-single-pin-adapter-cable\/","title":{"rendered":"QD-M8 XLR 5Pin auf Motorola Single Pin Adapterkabel"},"content":{"rendered":"<h3>Merkmale:<\/h3>\n<ul>\n<li>Schnelltrennbare 5-polige XLR-Buchse zu einem einpoligen Motorola-Stecker mit Sicherungsschraube<\/li>\n<li>Anschluss von Headsets mit Ger\u00e4uschunterdr\u00fcckung und 5-poliger XLR-Buchse an ein Motorola-Funkger\u00e4t<\/li>\n<li>Klare und zuverl\u00e4ssige Audio\u00fcbertragung f\u00fcr Teams, die in schwierigen Umgebungen arbeiten.<\/li>\n<li>Erh\u00e4ltlich in kundenspezifischen L\u00e4ngen, um Unordnung zu vermeiden und optimale Flexibilit\u00e4t bei der Einrichtung zu bieten.<\/li>\n<\/ul>","protected":false},"excerpt":{"rendered":"<p>Das QD-M8 ist ein robustes Ersatzadapterkabel. Adapterkabel mit einer XLR5pin-Buchse an einem Ende und einem einpoligen Motorola-Stecker mit Verriegelungsschraube am anderen Ende f\u00fcr nahtlose Zubeh\u00f6rkompatibilit\u00e4t. Es wurde entwickelt, um Ihr Headset, Ihre H\u00f6rmuschel oder anderes Funkzubeh\u00f6r mit einer breiten Palette von Motorola-Walkie-Talkies zu verbinden.<br \/>\nZu den kompatiblen Motorola-Funkmodellen geh\u00f6ren Tetra MTH500, MTH650, MTH800, MTH850 und MTP850.<br \/>\nDas auf Langlebigkeit ausgelegte QD-M8-Adapterkabel gew\u00e4hrleistet eine zuverl\u00e4ssige, hochwertige Kommunikation in anspruchsvollen Umgebungen. Es eignet sich perfekt f\u00fcr Profis in den Bereichen Sicherheit, Veranstaltungen und Industrie und sorgt daf\u00fcr, dass Ihr drahtloses Zubeh\u00f6r voll funktionsf\u00e4hig und einsatzbereit bleibt.<\/p>","protected":false},"featured_media":6136,"template":"","meta":[],"product_brand":[],"product_cat":[209,269],"product_tag":[],"class_list":{"0":"post-6165","1":"product","2":"type-product","3":"status-publish","4":"has-post-thumbnail","6":"product_cat-racing","7":"product_cat-cable","9":"first","10":"instock","11":"shipping-taxable","12":"purchasable","13":"product-type-simple"},"_links":{"self":[{"href":"https:\/\/raytalkcomms.com\/de\/wp-json\/wp\/v2\/product\/6165","targetHints":{"allow":["GET"]}}],"collection":[{"href":"https:\/\/raytalkcomms.com\/de\/wp-json\/wp\/v2\/product"}],"about":[{"href":"https:\/\/raytalkcomms.com\/de\/wp-json\/wp\/v2\/types\/product"}],"wp:featuredmedia":[{"embeddable":true,"href":"https:\/\/raytalkcomms.com\/de\/wp-json\/wp\/v2\/media\/6136"}],"wp:attachment":[{"href":"https:\/\/raytalkcomms.com\/de\/wp-json\/wp\/v2\/media?parent=6165"}],"wp:term":[{"taxonomy":"product_brand","embeddable":true,"href":"https:\/\/raytalkcomms.com\/de\/wp-json\/wp\/v2\/product_brand?post=6165"},{"taxonomy":"product_cat","embeddable":true,"href":"https:\/\/raytalkcomms.com\/de\/wp-json\/wp\/v2\/product_cat?post=6165"},{"taxonomy":"product_tag","embeddable":true,"href":"https:\/\/raytalkcomms.com\/de\/wp-json\/wp\/v2\/product_tag?post=6165"}],"curies":[{"name":"wp","href":"https:\/\/api.w.org\/{rel}","templated":true}]}}