{"id":6134,"date":"2025-12-24T12:56:51","date_gmt":"2025-12-24T12:56:51","guid":{"rendered":"https:\/\/raytalkcomms.com\/?post_type=product&#038;p=6134"},"modified":"2025-12-31T03:30:01","modified_gmt":"2025-12-31T03:30:01","slug":"em-3449-radio-ear-piece-with-usb-c-connector","status":"publish","type":"product","link":"https:\/\/raytalkcomms.com\/de\/produkt\/em-3449-radio-ear-piece-with-usb-c-connector\/","title":{"rendered":"EM-3449 Funkkopfh\u00f6rer mit USB-C-Anschluss"},"content":{"rendered":"<h3>Merkmale:<\/h3>\n<ul>\n<li>Verstellbare Ohrschlaufe mit C-Ring-Haken aus weichem Gummi<\/li>\n<li>Lautsprecher mit hoher Leistung<\/li>\n<li>PTT-Taste aus weichem Silikon PTT#49<\/li>\n<li>Kevlar-verst\u00e4rkte Kabel<\/li>\n<li>USB-C-Stecker<\/li>\n<\/ul>\n<h3>Vorteile:<\/h3>\n<p>Durch die Wahl der EM-3449 Funkger\u00e4te-Ohrh\u00f6rer erhalten Profis zuverl\u00e4ssiges Zubeh\u00f6r nicht nur f\u00fcr Motorola TLK 100, sondern auch f\u00fcr andere f\u00fchrende Push-to-Talk over Cellular Ger\u00e4te wie Sonim, Icom und Telox.<br \/>\nDadurch wird sichergestellt, dass die Teams in den Bereichen Strafverfolgung, Hotel- und Gastst\u00e4ttengewerbe, Kasinosicherheit, Nachtclubs und Produktionsst\u00e4tten mit klarem, zuverl\u00e4ssigem Ton verbunden bleiben.<br \/>\nDar\u00fcber hinaus bieten wir ein umfassendes Sortiment an PTT over Cellular (POC)-Funkzubeh\u00f6r, mit dem Unternehmen ein vollst\u00e4ndiges und professionelles Kommunikationssystem aufbauen k\u00f6nnen.<br \/>\nProfessionelle Nutzer und Beschaffungsteams sollten sich vor der Bestellung vergewissern, dass ihr PoC-Funkger\u00e4t oder Telefonmodell und die verwendete Push-to-Talk-App perfekt kompatibel sind.<\/p>\n<p>&nbsp;<\/p>\n<h3>Die Wahl des perfekten POC-Ohrh\u00f6rers ist sehr einfach!<\/h3>\n<p>Bitte geben Sie uns folgende Informationen, unser professionelles Team wird innerhalb von 24 Stunden eine L\u00f6sung f\u00fcr Sie finden.<br \/>\nBitte sagen Sie es uns:<\/p>\n<ol>\n<li>Marke und Modell Ihres Ger\u00e4ts (z. B. Samsung XCover Pro, Sonim XP10, Hytera PNC560, Caltta E700, Rugged phone usw.)<\/li>\n<li>Die von Ihnen verwendete POC-App\/Plattform (z. B. Zello, Teams, Eschat, Wave PTT, Real PTT, Tassta, AerieTalk, Hytera HyTalk, PeakPTT usw.)<\/li>\n<\/ol>\n<p><img fetchpriority=\"high\" decoding=\"async\" class=\"aligncenter wp-image-6129 size-full\" src=\"https:\/\/raytalkcomms.com\/wp-content\/uploads\/2025\/12\/\u84dd\u7259logo_\u753b\u677f-1_\u753b\u677f-1.jpg\" alt=\"Push-to-Talk over Cellular devices brands and PoC applications\" width=\"1920\" height=\"1080\" srcset=\"https:\/\/raytalkcomms.com\/wp-content\/uploads\/2025\/12\/\u84dd\u7259logo_\u753b\u677f-1_\u753b\u677f-1.jpg 1920w, https:\/\/raytalkcomms.com\/wp-content\/uploads\/2025\/12\/\u84dd\u7259logo_\u753b\u677f-1_\u753b\u677f-1-300x169.jpg 300w, https:\/\/raytalkcomms.com\/wp-content\/uploads\/2025\/12\/\u84dd\u7259logo_\u753b\u677f-1_\u753b\u677f-1-1024x576.jpg 1024w, https:\/\/raytalkcomms.com\/wp-content\/uploads\/2025\/12\/\u84dd\u7259logo_\u753b\u677f-1_\u753b\u677f-1-768x432.jpg 768w, https:\/\/raytalkcomms.com\/wp-content\/uploads\/2025\/12\/\u84dd\u7259logo_\u753b\u677f-1_\u753b\u677f-1-1536x864.jpg 1536w, https:\/\/raytalkcomms.com\/wp-content\/uploads\/2025\/12\/\u84dd\u7259logo_\u753b\u677f-1_\u753b\u677f-1-1000x563.jpg 1000w\" sizes=\"(max-width: 1920px) 100vw, 1920px\" \/><\/p>","protected":false},"excerpt":{"rendered":"<p>Dieser zuverl\u00e4ssige Funk-Ohrh\u00f6rer EM-3449 verf\u00fcgt \u00fcber unseren neuen E-34-Ohrb\u00fcgel, der den ganzen Tag \u00fcber einen festen und bequemen Sitz gew\u00e4hrleistet.<br \/>\nMit der schlanken Push-to-talk-Taste k\u00f6nnen Sie schnell und nat\u00fcrlich reagieren. Dies erm\u00f6glicht es Profis, Push-to-Talk schneller und intuitiver zu aktivieren, um sofortige Kommunikation und Teamkoordination unter Druck zu gew\u00e4hrleisten. Es ist perfekt f\u00fcr hektische Schichten im Sicherheitsbereich, im Einzelhandel, bei Veranstaltungen und im gewerblichen Einsatz.<br \/>\nMit einem USB-C-Anschluss l\u00e4sst sich das EM-3449 Zwei-Wege-Funkger\u00e4t schnell an PoC-Ger\u00e4te anschlie\u00dfen, ohne dass separate Adapter ben\u00f6tigt werden - ideal f\u00fcr Motorola, Hytera, Inrico und andere Push-to-Talk-over-Cellular-Endger\u00e4te. Er ist leicht und gut ausbalanciert, so dass er bei l\u00e4ngeren Eins\u00e4tzen den ganzen Tag \u00fcber bequem getragen werden kann.<\/p>","protected":false},"featured_media":6133,"template":"","meta":[],"product_brand":[],"product_cat":[213,250],"product_tag":[],"class_list":{"0":"post-6134","1":"product","2":"type-product","3":"status-publish","4":"has-post-thumbnail","6":"product_cat-poc","7":"product_cat-earphone","9":"first","10":"instock","11":"shipping-taxable","12":"purchasable","13":"product-type-simple"},"_links":{"self":[{"href":"https:\/\/raytalkcomms.com\/de\/wp-json\/wp\/v2\/product\/6134","targetHints":{"allow":["GET"]}}],"collection":[{"href":"https:\/\/raytalkcomms.com\/de\/wp-json\/wp\/v2\/product"}],"about":[{"href":"https:\/\/raytalkcomms.com\/de\/wp-json\/wp\/v2\/types\/product"}],"wp:featuredmedia":[{"embeddable":true,"href":"https:\/\/raytalkcomms.com\/de\/wp-json\/wp\/v2\/media\/6133"}],"wp:attachment":[{"href":"https:\/\/raytalkcomms.com\/de\/wp-json\/wp\/v2\/media?parent=6134"}],"wp:term":[{"taxonomy":"product_brand","embeddable":true,"href":"https:\/\/raytalkcomms.com\/de\/wp-json\/wp\/v2\/product_brand?post=6134"},{"taxonomy":"product_cat","embeddable":true,"href":"https:\/\/raytalkcomms.com\/de\/wp-json\/wp\/v2\/product_cat?post=6134"},{"taxonomy":"product_tag","embeddable":true,"href":"https:\/\/raytalkcomms.com\/de\/wp-json\/wp\/v2\/product_tag?post=6134"}],"curies":[{"name":"wp","href":"https:\/\/api.w.org\/{rel}","templated":true}]}}