{"id":6106,"date":"2025-12-24T09:39:28","date_gmt":"2025-12-24T09:39:28","guid":{"rendered":"https:\/\/raytalkcomms.com\/?post_type=product&#038;p=6106"},"modified":"2025-12-24T09:39:29","modified_gmt":"2025-12-24T09:39:29","slug":"rpb-bln5i-eads-cassidian-li-ion-walkie-talkie-battery-for-eads-cassidian-radio","status":"publish","type":"product","link":"https:\/\/raytalkcomms.com\/de\/produkt\/rpb-bln5i-eads-cassidian-li-ion-walkie-talkie-battery-for-eads-cassidian-radio\/","title":{"rendered":"RPB-BLN5i Eads\/Cassidian Li-ion Walkie Talkie Akku f\u00fcr Eads\/Cassidian Funkger\u00e4te"},"content":{"rendered":"<h3>Merkmale:<\/h3>\n<ul>\n<li>Hohe Kapazit\u00e4t von Sanyo 1900mah 2500mah f\u00fcr lange Nutzung und zuverl\u00e4ssige Leistung.<\/li>\n<li>Die Li-Ionen-Chemie gew\u00e4hrleistet eine stabile und lang anhaltende Stromversorgung f\u00fcr Eads\/Cassidian-Funkger\u00e4te.<\/li>\n<li>Kompatibel mit Eads\/Cassidian THR9\/TH9 Modellen f\u00fcr eine nahtlose Integration.<\/li>\n<li>Robustes und langlebiges Design, gebaut f\u00fcr den langfristigen Einsatz in anspruchsvollen Umgebungen.<\/li>\n<li>Gepr\u00fcft auf Qualit\u00e4t und Leistung, um eine zuverl\u00e4ssige Kommunikation zu gew\u00e4hrleisten.<\/li>\n<\/ul>","protected":false},"excerpt":{"rendered":"<p>RPB-BLN5i ist ein robuster, langlebiger Walkie Talkie-Akku, der perfekt mit Eads\/Cassidian-Funkger\u00e4ten, einschlie\u00dflich dem THR9\/TH9, kompatibel ist. Er bietet eine hohe Kapazit\u00e4t von Sanyo 1900mah 2500mah mit Li-Ionen-Chemie, die eine lang anhaltende, stabile Leistung f\u00fcr eine lange Nutzung bietet. Diese wiederaufladbare Batterie ist ideal f\u00fcr Eads\/Cassidian-Funkger\u00e4te und wird f\u00fcr Gro\u00dfeink\u00e4ufe dringend empfohlen. Sie bietet eine Leistung und Qualit\u00e4t, die der Originalbatterie von Eads\/Cassidian entspricht oder diese sogar \u00fcbertrifft. Die RPB-BLN5i gew\u00e4hrleistet eine zuverl\u00e4ssige Stromversorgung f\u00fcr die Funkkommunikation und wird durch strenge Produkttests unterst\u00fctzt, um die Qualit\u00e4t zu garantieren.<\/p>","protected":false},"featured_media":6096,"template":"","meta":[],"product_brand":[],"product_cat":[214,219,326],"product_tag":[],"class_list":{"0":"post-6106","1":"product","2":"type-product","3":"status-publish","4":"has-post-thumbnail","6":"product_cat-two-way-radio-accessories","7":"product_cat-batteries-and-chargers","8":"product_cat-eads-cassidian","10":"first","11":"instock","12":"shipping-taxable","13":"purchasable","14":"product-type-simple"},"_links":{"self":[{"href":"https:\/\/raytalkcomms.com\/de\/wp-json\/wp\/v2\/product\/6106","targetHints":{"allow":["GET"]}}],"collection":[{"href":"https:\/\/raytalkcomms.com\/de\/wp-json\/wp\/v2\/product"}],"about":[{"href":"https:\/\/raytalkcomms.com\/de\/wp-json\/wp\/v2\/types\/product"}],"wp:featuredmedia":[{"embeddable":true,"href":"https:\/\/raytalkcomms.com\/de\/wp-json\/wp\/v2\/media\/6096"}],"wp:attachment":[{"href":"https:\/\/raytalkcomms.com\/de\/wp-json\/wp\/v2\/media?parent=6106"}],"wp:term":[{"taxonomy":"product_brand","embeddable":true,"href":"https:\/\/raytalkcomms.com\/de\/wp-json\/wp\/v2\/product_brand?post=6106"},{"taxonomy":"product_cat","embeddable":true,"href":"https:\/\/raytalkcomms.com\/de\/wp-json\/wp\/v2\/product_cat?post=6106"},{"taxonomy":"product_tag","embeddable":true,"href":"https:\/\/raytalkcomms.com\/de\/wp-json\/wp\/v2\/product_tag?post=6106"}],"curies":[{"name":"wp","href":"https:\/\/api.w.org\/{rel}","templated":true}]}}