{"id":6083,"date":"2025-12-24T06:06:15","date_gmt":"2025-12-24T06:06:15","guid":{"rendered":"https:\/\/raytalkcomms.com\/?post_type=product&#038;p=6083"},"modified":"2025-12-24T06:07:15","modified_gmt":"2025-12-24T06:07:15","slug":"rpb-fnb133-7-4v-battery-for-vertex-standard-evx-series-radios","status":"publish","type":"product","link":"https:\/\/raytalkcomms.com\/de\/produkt\/rpb-fnb133-7-4v-battery-for-vertex-standard-evx-series-radios\/","title":{"rendered":"RPB-FNB133 7.4V Batterie f\u00fcr Vertex Standard EVX Serie Funkger\u00e4te"},"content":{"rendered":"<h3>Merkmale:<\/h3>\n<ul>\n<li>Kompatibel mit Vertex Standard EVX531, EVX534 und EVX539 Walkie-Talkies.<\/li>\n<li>Der 7,4-V-Ausgang sorgt f\u00fcr eine stabile Sendeleistung und eine klarere Sprachkommunikation.<\/li>\n<li>Die hohe Kapazit\u00e4t von 1400 mAh unterst\u00fctzt die kontinuierliche Nutzung von Hochfrequenz-Funkger\u00e4ten.<\/li>\n<li>Ersetzt die Vertex Standard \/ Yaesu OEM Teilenummer FNB-V133Li Batterien<\/li>\n<li>Die Lithium-Ionen-Chemie erm\u00f6glicht l\u00e4ngere Ladezyklen und eine konstante Leistung.<\/li>\n<li>Die langlebige Konstruktion entspricht oder \u00fcbertrifft die Qualit\u00e4t des Original-Akkus FNB-V133Li.<\/li>\n<li>Zuverl\u00e4ssige Stromversorgungsl\u00f6sung, auf die sich professionelle, industrielle und \u00f6ffentliche Sicherheitsteams verlassen.<\/li>\n<\/ul>","protected":false},"excerpt":{"rendered":"<p>Der RPB-FNB133 ist ein leistungsstarker Lithium-Ionen-Ersatzakku mit 7,4 V, der f\u00fcr die Vertex Standard-Walkie-Talkies, einschlie\u00dflich EVX531, EVX534 und EVX539, entwickelt wurde. Der 7,4-V-Akku liefert eine stabilere Sendeleistung f\u00fcr eine klarere und zuverl\u00e4ssigere Sprachkommunikation.<\/p>\n<p>Mit einer hohen Kapazit\u00e4t von 1400 mAh bietet dieser 7,4-V-Akku eine konstante und kontinuierliche Stromversorgung und ist damit ideal f\u00fcr Teams, die auf h\u00e4ufigen, ununterbrochenen Funkbetrieb angewiesen sind.<\/p>\n<p>Der auf Langlebigkeit ausgelegte Akku RPB-FNB133 7,4 V entspricht oder \u00fcbertrifft die Leistung und Qualit\u00e4t des Original-Akkus Vertex Standard \/ Motorola FNB133. Seine Lithium-Ionen-Chemie unterst\u00fctzt l\u00e4ngere Lade- und Entladezyklen und gew\u00e4hrleistet so eine zuverl\u00e4ssige Stromversorgung f\u00fcr den intensiven t\u00e4glichen Betrieb.<\/p>\n<p>RayTalk bietet eine breite Palette von Ersatzbatterien f\u00fcr Funkger\u00e4te an. Unternehmen, Beh\u00f6rden und Fachleute der \u00f6ffentlichen Sicherheit vertrauen auf die bew\u00e4hrte Zuverl\u00e4ssigkeit dieser Batterien.<\/p>","protected":false},"featured_media":6081,"template":"","meta":[],"product_brand":[],"product_cat":[214,219,323],"product_tag":[],"class_list":{"0":"post-6083","1":"product","2":"type-product","3":"status-publish","4":"has-post-thumbnail","6":"product_cat-two-way-radio-accessories","7":"product_cat-batteries-and-chargers","8":"product_cat-vertex-standard-yaesu","10":"first","11":"instock","12":"shipping-taxable","13":"purchasable","14":"product-type-simple"},"_links":{"self":[{"href":"https:\/\/raytalkcomms.com\/de\/wp-json\/wp\/v2\/product\/6083","targetHints":{"allow":["GET"]}}],"collection":[{"href":"https:\/\/raytalkcomms.com\/de\/wp-json\/wp\/v2\/product"}],"about":[{"href":"https:\/\/raytalkcomms.com\/de\/wp-json\/wp\/v2\/types\/product"}],"wp:featuredmedia":[{"embeddable":true,"href":"https:\/\/raytalkcomms.com\/de\/wp-json\/wp\/v2\/media\/6081"}],"wp:attachment":[{"href":"https:\/\/raytalkcomms.com\/de\/wp-json\/wp\/v2\/media?parent=6083"}],"wp:term":[{"taxonomy":"product_brand","embeddable":true,"href":"https:\/\/raytalkcomms.com\/de\/wp-json\/wp\/v2\/product_brand?post=6083"},{"taxonomy":"product_cat","embeddable":true,"href":"https:\/\/raytalkcomms.com\/de\/wp-json\/wp\/v2\/product_cat?post=6083"},{"taxonomy":"product_tag","embeddable":true,"href":"https:\/\/raytalkcomms.com\/de\/wp-json\/wp\/v2\/product_tag?post=6083"}],"curies":[{"name":"wp","href":"https:\/\/api.w.org\/{rel}","templated":true}]}}