{"id":6067,"date":"2025-12-23T12:40:06","date_gmt":"2025-12-23T12:40:06","guid":{"rendered":"https:\/\/raytalkcomms.com\/?post_type=product&#038;p=6067"},"modified":"2025-12-23T12:40:07","modified_gmt":"2025-12-23T12:40:07","slug":"rpb-bl1806-hyt-1800mah-battery-for-pt580h-radio","status":"publish","type":"product","link":"https:\/\/raytalkcomms.com\/de\/produkt\/rpb-bl1806-hyt-1800mah-battery-for-pt580h-radio\/","title":{"rendered":"RPB-BL1806 HYT 1800mAh Akku f\u00fcr PT580H Funkger\u00e4t"},"content":{"rendered":"<h3>Merkmale:<\/h3>\n<ul>\n<li>Hochwertiger Hytera-Ersatzakku f\u00fcr Hytera (HYT)-Funkger\u00e4te, einschlie\u00dflich PT580H-Funkger\u00e4t.<\/li>\n<li>Erh\u00e4ltlich mit einer Kapazit\u00e4t von 1800 mAh f\u00fcr eine l\u00e4ngere Akkulaufzeit.<\/li>\n<li>Die Li-Ionen-Chemie sorgt f\u00fcr lang anhaltende Energie mit zuverl\u00e4ssiger, kontinuierlicher Entladung.<\/li>\n<li>Vollst\u00e4ndig kompatibel mit Hytera-Funkger\u00e4ten, um eine reibungslose Leistung zu gew\u00e4hrleisten.<\/li>\n<li>Hergestellt in ISO 9001-zertifizierten Einrichtungen f\u00fcr hohe Sicherheits- und Qualit\u00e4tsstandards.<\/li>\n<li>Entwickelt, um die OEM-Standards f\u00fcr Form, Passform und Funktion zu erf\u00fcllen.<\/li>\n<li>Gebaut f\u00fcr zuverl\u00e4ssige, lang anhaltende Leistung in anspruchsvollen Umgebungen.<\/li>\n<li>Gepr\u00fcft auf Haltbarkeit und gleichbleibende Leistung w\u00e4hrend der gesamten Produktion.<\/li>\n<\/ul>","protected":false},"excerpt":{"rendered":"<p>Der RPB-BL1806 ist ein hochwertiger, wiederaufladbarer 1800mAh-Akku f\u00fcr Hytera (HYT)-Funkger\u00e4te (PT580H-Funkger\u00e4t), der mit einer Kapazit\u00e4t von 1800mAh erh\u00e4ltlich ist.<br \/>\nDieser hochwertige 3200-mAh-Ersatzakku bietet au\u00dfergew\u00f6hnliche Zuverl\u00e4ssigkeit und Langlebigkeit und gew\u00e4hrleistet eine lang anhaltende Leistung. Er ist vollst\u00e4ndig kompatibel mit der Originalausr\u00fcstung von Hytera und bietet eine perfekte Passform f\u00fcr einen reibungslosen Betrieb.<br \/>\nDie Lithium-Ionen-Chemie sorgt f\u00fcr eine zuverl\u00e4ssige Stromversorgung der Hytera-Funkger\u00e4te im anspruchsvollen t\u00e4glichen Einsatz.<br \/>\nJede Batterie wird in unseren drei hocheffizienten, nach ISO 9001 zertifizierten Produktionsst\u00e4tten hergestellt und strengstens auf die Einhaltung von Sicherheits- und Leistungsstandards gepr\u00fcft, um eine zuverl\u00e4ssige Stromversorgung f\u00fcr Ihren Kommunikationsbedarf zu gew\u00e4hrleisten.<\/p>","protected":false},"featured_media":6048,"template":"","meta":[],"product_brand":[],"product_cat":[214,219,272],"product_tag":[],"class_list":{"0":"post-6067","1":"product","2":"type-product","3":"status-publish","4":"has-post-thumbnail","6":"product_cat-two-way-radio-accessories","7":"product_cat-batteries-and-chargers","8":"product_cat-hytera","10":"first","11":"instock","12":"shipping-taxable","13":"purchasable","14":"product-type-simple"},"_links":{"self":[{"href":"https:\/\/raytalkcomms.com\/de\/wp-json\/wp\/v2\/product\/6067","targetHints":{"allow":["GET"]}}],"collection":[{"href":"https:\/\/raytalkcomms.com\/de\/wp-json\/wp\/v2\/product"}],"about":[{"href":"https:\/\/raytalkcomms.com\/de\/wp-json\/wp\/v2\/types\/product"}],"wp:featuredmedia":[{"embeddable":true,"href":"https:\/\/raytalkcomms.com\/de\/wp-json\/wp\/v2\/media\/6048"}],"wp:attachment":[{"href":"https:\/\/raytalkcomms.com\/de\/wp-json\/wp\/v2\/media?parent=6067"}],"wp:term":[{"taxonomy":"product_brand","embeddable":true,"href":"https:\/\/raytalkcomms.com\/de\/wp-json\/wp\/v2\/product_brand?post=6067"},{"taxonomy":"product_cat","embeddable":true,"href":"https:\/\/raytalkcomms.com\/de\/wp-json\/wp\/v2\/product_cat?post=6067"},{"taxonomy":"product_tag","embeddable":true,"href":"https:\/\/raytalkcomms.com\/de\/wp-json\/wp\/v2\/product_tag?post=6067"}],"curies":[{"name":"wp","href":"https:\/\/api.w.org\/{rel}","templated":true}]}}