{"id":5996,"date":"2025-12-23T09:24:19","date_gmt":"2025-12-23T09:24:19","guid":{"rendered":"https:\/\/raytalkcomms.com\/?post_type=product&#038;p=5996"},"modified":"2025-12-23T09:26:02","modified_gmt":"2025-12-23T09:26:02","slug":"rpb-sbr-28li-li-ion-walkie-talkie-battery-for-standard-horizon-radio","status":"publish","type":"product","link":"https:\/\/raytalkcomms.com\/de\/produkt\/rpb-sbr-28li-li-ion-walkie-talkie-battery-for-standard-horizon-radio\/","title":{"rendered":"RPB-SBR-28Li Li-ion Walkie Talkie Akku f\u00fcr Standard Horizon Funkger\u00e4te"},"content":{"rendered":"<h3>Merkmale:<\/h3>\n<ul>\n<li>Kompatibel mit Standard Horizon Funkger\u00e4ten Walkie Talkie Batterie, einschlie\u00dflich Kenwood FT-25R FT-65R Radio.<\/li>\n<li>LI-ION-Zellen mit hoher Kapazit\u00e4t erm\u00f6glichen einen l\u00e4ngeren Einsatz im Schichtbetrieb und lange Arbeitszyklen.<\/li>\n<li>Leistungsstarke LI-ION-Batterien<\/li>\n<li>Erm\u00f6glicht bis zu lange Betriebsstunden im Dauerbetrieb.<\/li>\n<li>Original RayTalk-Ersatzakkus sind eine kosteng\u00fcnstige Alternative zu OEM\/ODM-Akkus.<\/li>\n<li>Entwickelt f\u00fcr unternehmenskritische Anwendungen mit stabiler Leistung unter hoher Beanspruchung.<\/li>\n<\/ul>","protected":false},"excerpt":{"rendered":"<p>Die Standard Horizon RPB-SBR-28Li ist die Ersatzbatterie f\u00fcr Walkie Talkies der Standard Horizon FT-25R FT-65R Serie f\u00fcr UKW-Seefunkger\u00e4te.<br \/>\nEs liefert selbst bei starker Beanspruchung lang anhaltende Energie, ohne dass ein Aufladen erforderlich ist.<br \/>\nStandard Horizon SBR-29LI Akku 26000 mAh und Sanyo 2600mah f\u00fcr Standard Horizon FT-25R FT-65R Marine Handfunkger\u00e4te.<br \/>\nRayTalk bietet eine zuverl\u00e4ssige Kenwood-Funkger\u00e4tebatterie, die f\u00fcr eine gleichbleibende Stromversorgung verschiedener Kommunikationssysteme und -ger\u00e4te ausgelegt ist.<\/p>","protected":false},"featured_media":5999,"template":"","meta":[],"product_brand":[],"product_cat":[214,219,324],"product_tag":[],"class_list":{"0":"post-5996","1":"product","2":"type-product","3":"status-publish","4":"has-post-thumbnail","6":"product_cat-two-way-radio-accessories","7":"product_cat-batteries-and-chargers","8":"product_cat-standard-horizon","10":"first","11":"instock","12":"shipping-taxable","13":"purchasable","14":"product-type-simple"},"_links":{"self":[{"href":"https:\/\/raytalkcomms.com\/de\/wp-json\/wp\/v2\/product\/5996","targetHints":{"allow":["GET"]}}],"collection":[{"href":"https:\/\/raytalkcomms.com\/de\/wp-json\/wp\/v2\/product"}],"about":[{"href":"https:\/\/raytalkcomms.com\/de\/wp-json\/wp\/v2\/types\/product"}],"wp:featuredmedia":[{"embeddable":true,"href":"https:\/\/raytalkcomms.com\/de\/wp-json\/wp\/v2\/media\/5999"}],"wp:attachment":[{"href":"https:\/\/raytalkcomms.com\/de\/wp-json\/wp\/v2\/media?parent=5996"}],"wp:term":[{"taxonomy":"product_brand","embeddable":true,"href":"https:\/\/raytalkcomms.com\/de\/wp-json\/wp\/v2\/product_brand?post=5996"},{"taxonomy":"product_cat","embeddable":true,"href":"https:\/\/raytalkcomms.com\/de\/wp-json\/wp\/v2\/product_cat?post=5996"},{"taxonomy":"product_tag","embeddable":true,"href":"https:\/\/raytalkcomms.com\/de\/wp-json\/wp\/v2\/product_tag?post=5996"}],"curies":[{"name":"wp","href":"https:\/\/api.w.org\/{rel}","templated":true}]}}