{"id":5965,"date":"2025-12-22T11:25:48","date_gmt":"2025-12-22T11:25:48","guid":{"rendered":"https:\/\/raytalkcomms.com\/?post_type=product&#038;p=5965"},"modified":"2025-12-22T11:25:48","modified_gmt":"2025-12-22T11:25:48","slug":"rpb-knb46l-rechargeable-battery-for-kenwood-radios","status":"publish","type":"product","link":"https:\/\/raytalkcomms.com\/de\/produkt\/rpb-knb46l-rechargeable-battery-for-kenwood-radios\/","title":{"rendered":"RPB-KNB46L Wiederaufladbare Batterie f\u00fcr Kenwood Radios"},"content":{"rendered":"<h3>Merkmale:<\/h3>\n<ul>\n<li>Compatible with Kenwood radios Rechargeable Battery, including Kenwood TK-3230 radio.<\/li>\n<li>LI-ION-Zellen mit hoher Kapazit\u00e4t erm\u00f6glichen einen l\u00e4ngeren Einsatz im Schichtbetrieb und lange Arbeitszyklen.<\/li>\n<li>Leistungsstarke LI-ION-Batterien<\/li>\n<li>Erm\u00f6glicht bis zu lange Betriebsstunden im Dauerbetrieb.<\/li>\n<li>Original RayTalk-Ersatzakkus sind eine kosteng\u00fcnstige Alternative zu OEM\/ODM-Akkus.<\/li>\n<li>Entwickelt f\u00fcr unternehmenskritische Anwendungen mit stabiler Leistung unter hoher Beanspruchung.<\/li>\n<\/ul>","protected":false},"excerpt":{"rendered":"<p>This is a professional, high-quality Rechargeable Battery for a Kenwood radio. This RayTalk rechargeable battery is designed for Kenwood TK-3230 radio<br \/>\nEs liefert selbst bei starker Beanspruchung lang anhaltende Energie, ohne dass ein Aufladen erforderlich ist.<br \/>\nThe Kenwood battery capacity is 2000mah ; other capacities can be customized upon request by contacting our team.<br \/>\nHergestellt mit LI-ION-Zellen, bietet es zuverl\u00e4ssige, kosteng\u00fcnstige Energie f\u00fcr das Kenwood Walkie-Talkie im anspruchsvollen t\u00e4glichen Gebrauch.<br \/>\nRayTalk bietet eine zuverl\u00e4ssige Kenwood-Funkger\u00e4tebatterie, die f\u00fcr eine gleichbleibende Stromversorgung verschiedener Kommunikationssysteme und -ger\u00e4te ausgelegt ist.<\/p>","protected":false},"featured_media":5964,"template":"","meta":[],"product_brand":[],"product_cat":[214,219,274],"product_tag":[],"class_list":{"0":"post-5965","1":"product","2":"type-product","3":"status-publish","4":"has-post-thumbnail","6":"product_cat-two-way-radio-accessories","7":"product_cat-batteries-and-chargers","8":"product_cat-kenwood","10":"first","11":"instock","12":"shipping-taxable","13":"purchasable","14":"product-type-simple"},"_links":{"self":[{"href":"https:\/\/raytalkcomms.com\/de\/wp-json\/wp\/v2\/product\/5965","targetHints":{"allow":["GET"]}}],"collection":[{"href":"https:\/\/raytalkcomms.com\/de\/wp-json\/wp\/v2\/product"}],"about":[{"href":"https:\/\/raytalkcomms.com\/de\/wp-json\/wp\/v2\/types\/product"}],"wp:featuredmedia":[{"embeddable":true,"href":"https:\/\/raytalkcomms.com\/de\/wp-json\/wp\/v2\/media\/5964"}],"wp:attachment":[{"href":"https:\/\/raytalkcomms.com\/de\/wp-json\/wp\/v2\/media?parent=5965"}],"wp:term":[{"taxonomy":"product_brand","embeddable":true,"href":"https:\/\/raytalkcomms.com\/de\/wp-json\/wp\/v2\/product_brand?post=5965"},{"taxonomy":"product_cat","embeddable":true,"href":"https:\/\/raytalkcomms.com\/de\/wp-json\/wp\/v2\/product_cat?post=5965"},{"taxonomy":"product_tag","embeddable":true,"href":"https:\/\/raytalkcomms.com\/de\/wp-json\/wp\/v2\/product_tag?post=5965"}],"curies":[{"name":"wp","href":"https:\/\/api.w.org\/{rel}","templated":true}]}}