{"id":5951,"date":"2025-12-22T08:17:45","date_gmt":"2025-12-22T08:17:45","guid":{"rendered":"https:\/\/raytalkcomms.com\/?post_type=product&#038;p=5951"},"modified":"2025-12-22T08:22:06","modified_gmt":"2025-12-22T08:22:06","slug":"rpb-nntn9858-rpb-ntn9815-replacement-ni-mh-battery-for-motorola-xts2500-xts1500-pr1500","status":"publish","type":"product","link":"https:\/\/raytalkcomms.com\/de\/produkt\/rpb-nntn9858-rpb-ntn9815-replacement-ni-mh-battery-for-motorola-xts2500-xts1500-pr1500\/","title":{"rendered":"RPB-NNTN9858 RPB-NTN9815 Ersatz-NI-MH-Akku f\u00fcr Motorola XTS2500 XTS1500 PR1500"},"content":{"rendered":"<h3>Merkmale:<\/h3>\n<ul>\n<li>Kompatibel mit Motorola-Funkger\u00e4ten, einschlie\u00dflich XTS2500, XTS1500 und PR1500.<\/li>\n<li>Leistungsstarke NI-MH-Chemie<\/li>\n<li>Widerstandsf\u00e4higer gegen extreme Hitze und K\u00e4lte.<\/li>\n<li>Geringeres Risiko des thermischen Durchgehens f\u00fcr einen sichereren Betrieb.<\/li>\n<li>Niedrige Batteriekosten und eine ausgereifte Produktion machen ihn ideal f\u00fcr gro\u00dfe Flotten (Sicherheitsdienste, Hotels, Lagerh\u00e4user, Fabriken).<\/li>\n<li>Lange Zykluslebensdauer, geeignet f\u00fcr h\u00e4ufiges Laden und Entladen.<\/li>\n<li>Langlebiges Design, das den Anforderungen im Freien und in rauen Umgebungen gerecht wird.<\/li>\n<li>Cadmiumfreie Konstruktion f\u00fcr eine umweltfreundlichere Batterie.<br \/>\nErm\u00f6glicht bis zu lange Betriebsstunden im Dauerbetrieb.<\/li>\n<\/ul>","protected":false},"excerpt":{"rendered":"<p>Dies ist ein zuverl\u00e4ssiger, qualitativ hochwertiger NI-MH-Akku f\u00fcr ein Motorola-Funkger\u00e4t. Die RayTalk Ersatzbatterien RPB-NNTN9858 und RPB-NTN9815 sind f\u00fcr Motorola-Funkger\u00e4te, einschlie\u00dflich XTS2500, XTS1500 und PR1500, geeignet.<br \/>\nDie Akkukapazit\u00e4t des Walkie Talkie NI-MH betr\u00e4gt 1800 mAh, 2000 mAh, 2200 mAh oder 2500 mAh; andere Kapazit\u00e4ten k\u00f6nnen auf Anfrage von unserem Team angepasst werden.<br \/>\nDer Akku mit hoher Kapazit\u00e4t besteht aus einer hochwertigen Ni-MH-Chemie, die eine hervorragende Best\u00e4ndigkeit gegen extreme Hitze und K\u00e4lte bietet. Dieser Ni-MH-Akku f\u00fcr Walkie-Talkies ist so konzipiert, dass er raue Handhabung, St\u00fcrze und langes Laden in rauen Umgebungen \u00fcbersteht.<br \/>\nMit seiner langen Zykluslebensdauer ist dieser Ni-MH-Ersatzakku ideal f\u00fcr h\u00e4ufiges Laden und Entladen. Er eignet sich besonders gut f\u00fcr Anwendungen mit hoher Beanspruchung, z. B. im Sicherheitsbereich, auf Baustellen, in Lagerh\u00e4usern und Industrieanlagen.<br \/>\nEs liefert zuverl\u00e4ssige und kosteneffiziente Energie f\u00fcr Motorola-Walkie-Talkies und sorgt daf\u00fcr, dass Ihre wichtigen Aufgaben jederzeit reibungslos ablaufen.<\/p>","protected":false},"featured_media":5947,"template":"","meta":[],"product_brand":[],"product_cat":[214,219,271],"product_tag":[],"class_list":{"0":"post-5951","1":"product","2":"type-product","3":"status-publish","4":"has-post-thumbnail","6":"product_cat-two-way-radio-accessories","7":"product_cat-batteries-and-chargers","8":"product_cat-motorola","10":"first","11":"instock","12":"shipping-taxable","13":"purchasable","14":"product-type-simple"},"_links":{"self":[{"href":"https:\/\/raytalkcomms.com\/de\/wp-json\/wp\/v2\/product\/5951","targetHints":{"allow":["GET"]}}],"collection":[{"href":"https:\/\/raytalkcomms.com\/de\/wp-json\/wp\/v2\/product"}],"about":[{"href":"https:\/\/raytalkcomms.com\/de\/wp-json\/wp\/v2\/types\/product"}],"wp:featuredmedia":[{"embeddable":true,"href":"https:\/\/raytalkcomms.com\/de\/wp-json\/wp\/v2\/media\/5947"}],"wp:attachment":[{"href":"https:\/\/raytalkcomms.com\/de\/wp-json\/wp\/v2\/media?parent=5951"}],"wp:term":[{"taxonomy":"product_brand","embeddable":true,"href":"https:\/\/raytalkcomms.com\/de\/wp-json\/wp\/v2\/product_brand?post=5951"},{"taxonomy":"product_cat","embeddable":true,"href":"https:\/\/raytalkcomms.com\/de\/wp-json\/wp\/v2\/product_cat?post=5951"},{"taxonomy":"product_tag","embeddable":true,"href":"https:\/\/raytalkcomms.com\/de\/wp-json\/wp\/v2\/product_tag?post=5951"}],"curies":[{"name":"wp","href":"https:\/\/api.w.org\/{rel}","templated":true}]}}