{"id":5932,"date":"2025-12-22T03:15:46","date_gmt":"2025-12-22T03:15:46","guid":{"rendered":"https:\/\/raytalkcomms.com\/?post_type=product&#038;p=5932"},"modified":"2025-12-22T03:21:29","modified_gmt":"2025-12-22T03:21:29","slug":"rpb-nntn8128a-replacement-radio-battery-for-motorola-apx-2000-apx-3000-apx-4000","status":"publish","type":"product","link":"https:\/\/raytalkcomms.com\/de\/produkt\/rpb-nntn8128a-replacement-radio-battery-for-motorola-apx-2000-apx-3000-apx-4000\/","title":{"rendered":"RPB-NNTN8128A Ersatz-Funkakku f\u00fcr Motorola APX 2000, APX 3000 APX 4000"},"content":{"rendered":"<h3>Merkmale:<\/h3>\n<ul>\n<li>Compatible with Motorola radios, including APX 2000, APX 3000 and APX 4000 radios.<\/li>\n<li>Batterien mit hoher Kapazit\u00e4t erm\u00f6glichen einen l\u00e4ngeren Einsatz \u00fcber mehrere Schichten und lange Arbeitszyklen.<\/li>\n<li>Leistungsstarke Lithium-Ionen-Chemie<\/li>\n<li>Erm\u00f6glicht bis zu lange Betriebsstunden im Dauerbetrieb.<\/li>\n<li>Original RayTalk-Ersatzakkus sind eine kosteng\u00fcnstige Alternative zu OEM\/ODM-Akkus.<\/li>\n<li>Entwickelt f\u00fcr unternehmenskritische Anwendungen mit stabiler Leistung unter hoher Beanspruchung.<\/li>\n<\/ul>","protected":false},"excerpt":{"rendered":"<p>The RPB-NNTN8128A battery provided by RayTalk is a replacement radio battery designed for Motorola two-way radios. This is a professional, high-quality battery for Motorola radios. The RayTalk rechargeable battery is designed for Motorola two-way radios, including APX 2000, APX 3000 and APX 4000.<br \/>\nEs liefert lange Zeit Energie, ohne dass es aufgeladen werden muss, selbst bei starker Beanspruchung.<br \/>\nThe battery capacity is 2000 mAh. A premium high-capacity battery delivers more stable discharge and maintains consistent power output over time.<br \/>\nMit seiner Lithium-Ionen-Chemie bietet er zuverl\u00e4ssige, kosteng\u00fcnstige Energie f\u00fcr Motorola Funkger\u00e4te im anspruchsvollen t\u00e4glichen Einsatz.<br \/>\nRayTalk bietet zuverl\u00e4ssige Motorola-Funkbatterien an, die eine gleichbleibende Stromversorgung f\u00fcr verschiedene Kommunikationssysteme und -ger\u00e4te gew\u00e4hrleisten.<\/p>","protected":false},"featured_media":5929,"template":"","meta":[],"product_brand":[],"product_cat":[214,219,271],"product_tag":[],"class_list":{"0":"post-5932","1":"product","2":"type-product","3":"status-publish","4":"has-post-thumbnail","6":"product_cat-two-way-radio-accessories","7":"product_cat-batteries-and-chargers","8":"product_cat-motorola","10":"first","11":"instock","12":"shipping-taxable","13":"purchasable","14":"product-type-simple"},"_links":{"self":[{"href":"https:\/\/raytalkcomms.com\/de\/wp-json\/wp\/v2\/product\/5932","targetHints":{"allow":["GET"]}}],"collection":[{"href":"https:\/\/raytalkcomms.com\/de\/wp-json\/wp\/v2\/product"}],"about":[{"href":"https:\/\/raytalkcomms.com\/de\/wp-json\/wp\/v2\/types\/product"}],"wp:featuredmedia":[{"embeddable":true,"href":"https:\/\/raytalkcomms.com\/de\/wp-json\/wp\/v2\/media\/5929"}],"wp:attachment":[{"href":"https:\/\/raytalkcomms.com\/de\/wp-json\/wp\/v2\/media?parent=5932"}],"wp:term":[{"taxonomy":"product_brand","embeddable":true,"href":"https:\/\/raytalkcomms.com\/de\/wp-json\/wp\/v2\/product_brand?post=5932"},{"taxonomy":"product_cat","embeddable":true,"href":"https:\/\/raytalkcomms.com\/de\/wp-json\/wp\/v2\/product_cat?post=5932"},{"taxonomy":"product_tag","embeddable":true,"href":"https:\/\/raytalkcomms.com\/de\/wp-json\/wp\/v2\/product_tag?post=5932"}],"curies":[{"name":"wp","href":"https:\/\/api.w.org\/{rel}","templated":true}]}}