{"id":5876,"date":"2025-12-19T10:58:08","date_gmt":"2025-12-19T10:58:08","guid":{"rendered":"https:\/\/raytalkcomms.com\/?post_type=product&#038;p=5876"},"modified":"2025-12-19T10:58:09","modified_gmt":"2025-12-19T10:58:09","slug":"fully-duplex-light-weight-headset-with-dect-technology","status":"publish","type":"product","link":"https:\/\/raytalkcomms.com\/de\/produkt\/fully-duplex-light-weight-headset-with-dect-technology\/","title":{"rendered":"Leichtes Vollduplex-Headset mit DECT-Technologie"},"content":{"rendered":"<h3>Merkmale:<\/h3>\n<ul>\n<li>Push-to-talk, komfortable Kommunikation<\/li>\n<li>DECT-Technologie, zuverl\u00e4ssige drahtlose Verbindung<\/li>\n<li>Vollduplex-Kommunikation, gleichzeitiges Senden und Empfangen von Audio<\/li>\n<\/ul>","protected":false},"excerpt":{"rendered":"<p data-start=\"135\" data-end=\"445\">Erleben Sie kristallklare, qualitativ hochwertige Kommunikation mit unserem neuen leichten Vollduplex-Headset mit fortschrittlichen <strong data-start=\"258\" data-end=\"277\">DECT-Technologie<\/strong>. Dieses Ger\u00e4t wurde entwickelt, um die gleiche au\u00dfergew\u00f6hnliche Leistung und Langlebigkeit wie unser Vollduplex-Headset WD-30 zu bieten, und gew\u00e4hrleistet eine nahtlose drahtlose Kommunikation f\u00fcr Teams.<\/p>\n<p data-start=\"447\" data-end=\"649\">Es ist ideal f\u00fcr den Einzelhandel, das Gastgewerbe und das Gesundheitswesen und fungiert als drahtloses Push-to-Talk (PTT)-Kommunikationsger\u00e4t, das eine effiziente Koordination und Echtzeit-Zusammenarbeit innerhalb Ihres Teams erm\u00f6glicht.<\/p>\n<p data-start=\"651\" data-end=\"829\"><strong>Bitte beachten Sie, dass dieses Produkt bald auf den Markt kommt und noch nicht offiziell vorgestellt wurde. Wenn Sie daran interessiert sind, kontaktieren Sie uns fr\u00fchzeitig, um Anpassungsoptionen und Vorbestellungsdetails zu besprechen.<\/strong><\/p>","protected":false},"featured_media":5886,"template":"","meta":[],"product_brand":[],"product_cat":[211],"product_tag":[],"class_list":{"0":"post-5876","1":"product","2":"type-product","3":"status-publish","4":"has-post-thumbnail","6":"product_cat-full-duplex-communication","8":"first","9":"instock","10":"shipping-taxable","11":"product-type-simple"},"_links":{"self":[{"href":"https:\/\/raytalkcomms.com\/de\/wp-json\/wp\/v2\/product\/5876","targetHints":{"allow":["GET"]}}],"collection":[{"href":"https:\/\/raytalkcomms.com\/de\/wp-json\/wp\/v2\/product"}],"about":[{"href":"https:\/\/raytalkcomms.com\/de\/wp-json\/wp\/v2\/types\/product"}],"wp:featuredmedia":[{"embeddable":true,"href":"https:\/\/raytalkcomms.com\/de\/wp-json\/wp\/v2\/media\/5886"}],"wp:attachment":[{"href":"https:\/\/raytalkcomms.com\/de\/wp-json\/wp\/v2\/media?parent=5876"}],"wp:term":[{"taxonomy":"product_brand","embeddable":true,"href":"https:\/\/raytalkcomms.com\/de\/wp-json\/wp\/v2\/product_brand?post=5876"},{"taxonomy":"product_cat","embeddable":true,"href":"https:\/\/raytalkcomms.com\/de\/wp-json\/wp\/v2\/product_cat?post=5876"},{"taxonomy":"product_tag","embeddable":true,"href":"https:\/\/raytalkcomms.com\/de\/wp-json\/wp\/v2\/product_tag?post=5876"}],"curies":[{"name":"wp","href":"https:\/\/api.w.org\/{rel}","templated":true}]}}