{"id":5855,"date":"2025-12-19T04:10:56","date_gmt":"2025-12-19T04:10:56","guid":{"rendered":"https:\/\/raytalkcomms.com\/product\/%e4%ba%a7%e5%93%81\/"},"modified":"2025-12-19T09:24:51","modified_gmt":"2025-12-19T09:24:51","slug":"rpb-pmnn4416-ultra-high-capacity-battery-for-motorola","status":"publish","type":"product","link":"https:\/\/raytalkcomms.com\/de\/produkt\/rpb-pmnn4416-ultra-high-capacity-battery-for-motorola\/","title":{"rendered":"RPB-PMNN4416 Ultrahochleistungsakku f\u00fcr Motorola"},"content":{"rendered":"<h3>Merkmale:<\/h3>\n<ul>\n<li>Kompatibel mit Motorola-Funkger\u00e4ten, einschlie\u00dflich XIR P6620, XIR P6600 und DP2400-Funkger\u00e4ten.<\/li>\n<li>Batterien mit hoher Kapazit\u00e4t erm\u00f6glichen einen l\u00e4ngeren Einsatz \u00fcber mehrere Schichten und lange Arbeitszyklen.<\/li>\n<li>Leistungsstarke Lithium-Ionen-Chemie<\/li>\n<li>Erm\u00f6glicht bis zu lange Betriebsstunden im Dauerbetrieb.<\/li>\n<li>Original RayTalk-Ersatzakkus sind eine kosteng\u00fcnstige Alternative zu OEM\/ODM-Akkus.<\/li>\n<li>Entwickelt f\u00fcr unternehmenskritische Anwendungen mit stabiler Leistung unter hoher Beanspruchung.<\/li>\n<\/ul>","protected":false},"excerpt":{"rendered":"<p>Dies ist ein Akku mit sehr hoher Kapazit\u00e4t f\u00fcr Motorola-Funkger\u00e4te. Diese wiederaufladbare RayTalk-Batterie wurde f\u00fcr Motorola-Funkger\u00e4te entwickelt, einschlie\u00dflich XIR P6620, XIR P6600 und DP2400.<br \/>\nEs liefert lange Zeit Energie, ohne dass es aufgeladen werden muss, selbst bei starker Beanspruchung.<br \/>\nDie Batteriekapazit\u00e4t betr\u00e4gt 1800 mAh. Ein Premium-Akku mit hoher Kapazit\u00e4t sorgt f\u00fcr eine stabilere Entladung und eine gleichm\u00e4\u00dfige Leistungsabgabe \u00fcber einen l\u00e4ngeren Zeitraum.<br \/>\nMit seiner Lithium-Ionen-Chemie bietet er zuverl\u00e4ssige, kosteng\u00fcnstige Energie f\u00fcr Motorola Funkger\u00e4te im anspruchsvollen t\u00e4glichen Einsatz.<br \/>\nRayTalk bietet zuverl\u00e4ssige Motorola-Funkbatterien an, die eine gleichbleibende Stromversorgung f\u00fcr verschiedene Kommunikationssysteme und -ger\u00e4te gew\u00e4hrleisten.<\/p>\n<div id=\"gtx-trans\" style=\"position: absolute; left: 192px; top: 86px;\">\n<div class=\"gtx-trans-icon\"><\/div>\n<\/div>","protected":false},"featured_media":5853,"template":"","meta":[],"product_brand":[],"product_cat":[214,219,271],"product_tag":[],"class_list":{"0":"post-5855","1":"product","2":"type-product","3":"status-publish","4":"has-post-thumbnail","6":"product_cat-two-way-radio-accessories","7":"product_cat-batteries-and-chargers","8":"product_cat-motorola","10":"first","11":"instock","12":"shipping-taxable","13":"purchasable","14":"product-type-simple"},"_links":{"self":[{"href":"https:\/\/raytalkcomms.com\/de\/wp-json\/wp\/v2\/product\/5855","targetHints":{"allow":["GET"]}}],"collection":[{"href":"https:\/\/raytalkcomms.com\/de\/wp-json\/wp\/v2\/product"}],"about":[{"href":"https:\/\/raytalkcomms.com\/de\/wp-json\/wp\/v2\/types\/product"}],"wp:featuredmedia":[{"embeddable":true,"href":"https:\/\/raytalkcomms.com\/de\/wp-json\/wp\/v2\/media\/5853"}],"wp:attachment":[{"href":"https:\/\/raytalkcomms.com\/de\/wp-json\/wp\/v2\/media?parent=5855"}],"wp:term":[{"taxonomy":"product_brand","embeddable":true,"href":"https:\/\/raytalkcomms.com\/de\/wp-json\/wp\/v2\/product_brand?post=5855"},{"taxonomy":"product_cat","embeddable":true,"href":"https:\/\/raytalkcomms.com\/de\/wp-json\/wp\/v2\/product_cat?post=5855"},{"taxonomy":"product_tag","embeddable":true,"href":"https:\/\/raytalkcomms.com\/de\/wp-json\/wp\/v2\/product_tag?post=5855"}],"curies":[{"name":"wp","href":"https:\/\/api.w.org\/{rel}","templated":true}]}}