{"id":5841,"date":"2025-12-18T10:45:19","date_gmt":"2025-12-18T10:45:19","guid":{"rendered":"https:\/\/raytalkcomms.com\/?post_type=product&#038;p=5841"},"modified":"2025-12-18T11:37:38","modified_gmt":"2025-12-18T11:37:38","slug":"rpb-knb32n-rpb-knb54n-rechargeable-battery-for-kenwood-radios","status":"publish","type":"product","link":"https:\/\/raytalkcomms.com\/de\/produkt\/rpb-knb32n-rpb-knb54n-rechargeable-battery-for-kenwood-radios\/","title":{"rendered":"RPB-KNB32N RPB-KNB54N Wiederaufladbare Batterie f\u00fcr Kenwood Radios"},"content":{"rendered":"<h3>Merkmale:<\/h3>\n<ul>\n<li>Kompatibel mit Kenwood Radios Akku, einschlie\u00dflich Kenwood TK-3185\/2180\/3180\/5210 Radio.<\/li>\n<li>NI-MH-Zellen mit hoher Kapazit\u00e4t erm\u00f6glichen einen l\u00e4ngeren Einsatz im Schichtbetrieb und lange Arbeitszyklen.<\/li>\n<li>High-performance NI-MH batteries<\/li>\n<li>Erm\u00f6glicht bis zu lange Betriebsstunden im Dauerbetrieb.<\/li>\n<li>Original RayTalk-Ersatzakkus sind eine kosteng\u00fcnstige Alternative zu OEM\/ODM-Akkus.<\/li>\n<li>Entwickelt f\u00fcr unternehmenskritische Anwendungen mit stabiler Leistung unter hoher Beanspruchung.<\/li>\n<\/ul>\n<p><img fetchpriority=\"high\" decoding=\"async\" class=\"wp-image-5833 aligncenter\" src=\"https:\/\/raytalkcomms.com\/wp-content\/uploads\/2025\/12\/about-us-1-300x78.jpg\" alt=\"\" width=\"1392\" height=\"362\" srcset=\"https:\/\/raytalkcomms.com\/wp-content\/uploads\/2025\/12\/about-us-1-300x78.jpg 300w, https:\/\/raytalkcomms.com\/wp-content\/uploads\/2025\/12\/about-us-1-1024x267.jpg 1024w, https:\/\/raytalkcomms.com\/wp-content\/uploads\/2025\/12\/about-us-1-768x200.jpg 768w, https:\/\/raytalkcomms.com\/wp-content\/uploads\/2025\/12\/about-us-1-1536x400.jpg 1536w, https:\/\/raytalkcomms.com\/wp-content\/uploads\/2025\/12\/about-us-1-1000x260.jpg 1000w, https:\/\/raytalkcomms.com\/wp-content\/uploads\/2025\/12\/about-us-1.jpg 1920w\" sizes=\"(max-width: 1392px) 100vw, 1392px\" \/><\/p>","protected":false},"excerpt":{"rendered":"<p>This is a professional, high-quality replacement battery for a Kenwood radio Rechargeable Battery. This RayTalk rechargeable battery is designed for Kenwood TK-3185\/2180\/3180\/5210 radio<br \/>\nEs liefert selbst bei starker Beanspruchung lang anhaltende Energie, ohne dass ein Aufladen erforderlich ist.<br \/>\nThe Kenwood battery capacity is 1800mah 2100mah 2500mah; other capacities can be customized upon request by contacting our team.<br \/>\nMade with NI-MH cells, it offers reliable, cost-effective power for the Kenwood walkie-talkie in demanding daily use.<br \/>\nRayTalk bietet eine zuverl\u00e4ssige Kenwood-Funkger\u00e4tebatterie, die f\u00fcr eine gleichbleibende Stromversorgung verschiedener Kommunikationssysteme und -ger\u00e4te ausgelegt ist.<\/p>","protected":false},"featured_media":5844,"template":"","meta":[],"product_brand":[],"product_cat":[214,219,274],"product_tag":[],"class_list":{"0":"post-5841","1":"product","2":"type-product","3":"status-publish","4":"has-post-thumbnail","6":"product_cat-two-way-radio-accessories","7":"product_cat-batteries-and-chargers","8":"product_cat-kenwood","10":"first","11":"instock","12":"shipping-taxable","13":"purchasable","14":"product-type-simple"},"_links":{"self":[{"href":"https:\/\/raytalkcomms.com\/de\/wp-json\/wp\/v2\/product\/5841","targetHints":{"allow":["GET"]}}],"collection":[{"href":"https:\/\/raytalkcomms.com\/de\/wp-json\/wp\/v2\/product"}],"about":[{"href":"https:\/\/raytalkcomms.com\/de\/wp-json\/wp\/v2\/types\/product"}],"wp:featuredmedia":[{"embeddable":true,"href":"https:\/\/raytalkcomms.com\/de\/wp-json\/wp\/v2\/media\/5844"}],"wp:attachment":[{"href":"https:\/\/raytalkcomms.com\/de\/wp-json\/wp\/v2\/media?parent=5841"}],"wp:term":[{"taxonomy":"product_brand","embeddable":true,"href":"https:\/\/raytalkcomms.com\/de\/wp-json\/wp\/v2\/product_brand?post=5841"},{"taxonomy":"product_cat","embeddable":true,"href":"https:\/\/raytalkcomms.com\/de\/wp-json\/wp\/v2\/product_cat?post=5841"},{"taxonomy":"product_tag","embeddable":true,"href":"https:\/\/raytalkcomms.com\/de\/wp-json\/wp\/v2\/product_tag?post=5841"}],"curies":[{"name":"wp","href":"https:\/\/api.w.org\/{rel}","templated":true}]}}