{"id":5822,"date":"2025-12-17T09:12:47","date_gmt":"2025-12-17T09:12:47","guid":{"rendered":"https:\/\/raytalkcomms.com\/?post_type=product&#038;p=5822"},"modified":"2025-12-17T09:18:02","modified_gmt":"2025-12-17T09:18:02","slug":"rpb-knb47l-rechargeable-battery-for-kenwood-radios","status":"publish","type":"product","link":"https:\/\/raytalkcomms.com\/de\/produkt\/rpb-knb47l-rechargeable-battery-for-kenwood-radios\/","title":{"rendered":"RPB-KNB47L Wiederaufladbare Batterie f\u00fcr Kenwood Radios"},"content":{"rendered":"<h3>Merkmale:<\/h3>\n<ul>\n<li>Compatible with Kenwood radios Rechargeable Battery, including Kenwood NX-200\/300 digital radio.<\/li>\n<li>Li-Ionen-Zellen mit hoher Kapazit\u00e4t erm\u00f6glichen einen l\u00e4ngeren Einsatz im Schichtbetrieb und lange Arbeitszyklen.<\/li>\n<li>Leistungsstarke Li-Ionen-Batterien<\/li>\n<li>Erm\u00f6glicht bis zu lange Betriebsstunden im Dauerbetrieb.<\/li>\n<li>Original RayTalk-Ersatzakkus sind eine kosteng\u00fcnstige Alternative zu OEM\/ODM-Akkus.<\/li>\n<li>Entwickelt f\u00fcr unternehmenskritische Anwendungen mit stabiler Leistung unter hoher Beanspruchung.<\/li>\n<\/ul>","protected":false},"excerpt":{"rendered":"<p>This is a professional, high-quality replacement battery for a Kenwood radio Rechargeable Battery. This RayTalk rechargeable battery is designed for Kenwood NX-200\/300 digital radio<br \/>\nEs liefert selbst bei starker Beanspruchung lang anhaltende Energie, ohne dass ein Aufladen erforderlich ist.<br \/>\nThe Kenwood battery capacity is 1800mah 1950mah 2200mah; other capacities can be customized upon request by contacting our team.<br \/>\nHergestellt mit Li-Ionen-Zellen, bietet es zuverl\u00e4ssige, kosteng\u00fcnstige Energie f\u00fcr das Kenwood Walkie-Talkie im anspruchsvollen t\u00e4glichen Einsatz.<br \/>\nRayTalk bietet eine zuverl\u00e4ssige Kenwood-Funkger\u00e4tebatterie, die f\u00fcr eine gleichbleibende Stromversorgung verschiedener Kommunikationssysteme und -ger\u00e4te ausgelegt ist.<\/p>","protected":false},"featured_media":5826,"template":"","meta":[],"product_brand":[],"product_cat":[214,219,274],"product_tag":[],"class_list":{"0":"post-5822","1":"product","2":"type-product","3":"status-publish","4":"has-post-thumbnail","6":"product_cat-two-way-radio-accessories","7":"product_cat-batteries-and-chargers","8":"product_cat-kenwood","10":"first","11":"instock","12":"shipping-taxable","13":"purchasable","14":"product-type-simple"},"_links":{"self":[{"href":"https:\/\/raytalkcomms.com\/de\/wp-json\/wp\/v2\/product\/5822","targetHints":{"allow":["GET"]}}],"collection":[{"href":"https:\/\/raytalkcomms.com\/de\/wp-json\/wp\/v2\/product"}],"about":[{"href":"https:\/\/raytalkcomms.com\/de\/wp-json\/wp\/v2\/types\/product"}],"wp:featuredmedia":[{"embeddable":true,"href":"https:\/\/raytalkcomms.com\/de\/wp-json\/wp\/v2\/media\/5826"}],"wp:attachment":[{"href":"https:\/\/raytalkcomms.com\/de\/wp-json\/wp\/v2\/media?parent=5822"}],"wp:term":[{"taxonomy":"product_brand","embeddable":true,"href":"https:\/\/raytalkcomms.com\/de\/wp-json\/wp\/v2\/product_brand?post=5822"},{"taxonomy":"product_cat","embeddable":true,"href":"https:\/\/raytalkcomms.com\/de\/wp-json\/wp\/v2\/product_cat?post=5822"},{"taxonomy":"product_tag","embeddable":true,"href":"https:\/\/raytalkcomms.com\/de\/wp-json\/wp\/v2\/product_tag?post=5822"}],"curies":[{"name":"wp","href":"https:\/\/api.w.org\/{rel}","templated":true}]}}