{"id":5815,"date":"2025-12-17T08:50:59","date_gmt":"2025-12-17T08:50:59","guid":{"rendered":"https:\/\/raytalkcomms.com\/?post_type=product&#038;p=5815"},"modified":"2025-12-17T09:21:00","modified_gmt":"2025-12-17T09:21:00","slug":"rpb-knb35l-rechargeable-battery-for-kenwood-radios","status":"publish","type":"product","link":"https:\/\/raytalkcomms.com\/de\/produkt\/rpb-knb35l-rechargeable-battery-for-kenwood-radios\/","title":{"rendered":"RPB-KNB35L Wiederaufladbare Batterie f\u00fcr Kenwood Radios"},"content":{"rendered":"<h3>Merkmale:<\/h3>\n<ul>\n<li>Compatible with kenwood radios Rechargeable Battery, including the TK-385 TK2140 3140\/3160\/3148\/3178\/NX220\/320<\/li>\n<li>LI-ION-Zellen mit hoher Kapazit\u00e4t erm\u00f6glichen einen l\u00e4ngeren Einsatz im Schichtbetrieb und lange Arbeitszyklen.<\/li>\n<li>Leistungsstarke LI-ION-Batterien<\/li>\n<li>Erm\u00f6glicht bis zu lange Betriebsstunden im Dauerbetrieb.<\/li>\n<li>Original RayTalk-Ersatzakkus sind eine kosteng\u00fcnstige Alternative zu OEM\/ODM-Akkus.<\/li>\n<li>Entwickelt f\u00fcr unternehmenskritische Anwendungen mit stabiler Leistung unter hoher Beanspruchung.<\/li>\n<\/ul>","protected":false},"excerpt":{"rendered":"<p>This is a professional, high-quality Rechargeable Battery for an kenwood radio. This RayTalk rechargeable battery is designed for Kenwood, including the TK-385 TK2140 3140\/3160\/3148\/3178\/NX220\/320<br \/>\nEs liefert selbst bei starker Beanspruchung lang anhaltende Energie, ohne dass ein Aufladen erforderlich ist.<br \/>\nThe battery capacity is 1380mAh and 2200mAL and 1800mal . Made with LI-ION cells, it offers reliable, cost-effective power for the Icom walkie talkies in demanding daily use.<br \/>\nRayTalk bietet einen zuverl\u00e4ssigen Icom-Funkakku an, der f\u00fcr eine gleichbleibende Stromversorgung verschiedener Kommunikationssysteme und -ger\u00e4te ausgelegt ist.<\/p>","protected":false},"featured_media":5827,"template":"","meta":[],"product_brand":[],"product_cat":[214,219,274],"product_tag":[],"class_list":{"0":"post-5815","1":"product","2":"type-product","3":"status-publish","4":"has-post-thumbnail","6":"product_cat-two-way-radio-accessories","7":"product_cat-batteries-and-chargers","8":"product_cat-kenwood","10":"first","11":"instock","12":"shipping-taxable","13":"purchasable","14":"product-type-simple"},"_links":{"self":[{"href":"https:\/\/raytalkcomms.com\/de\/wp-json\/wp\/v2\/product\/5815","targetHints":{"allow":["GET"]}}],"collection":[{"href":"https:\/\/raytalkcomms.com\/de\/wp-json\/wp\/v2\/product"}],"about":[{"href":"https:\/\/raytalkcomms.com\/de\/wp-json\/wp\/v2\/types\/product"}],"wp:featuredmedia":[{"embeddable":true,"href":"https:\/\/raytalkcomms.com\/de\/wp-json\/wp\/v2\/media\/5827"}],"wp:attachment":[{"href":"https:\/\/raytalkcomms.com\/de\/wp-json\/wp\/v2\/media?parent=5815"}],"wp:term":[{"taxonomy":"product_brand","embeddable":true,"href":"https:\/\/raytalkcomms.com\/de\/wp-json\/wp\/v2\/product_brand?post=5815"},{"taxonomy":"product_cat","embeddable":true,"href":"https:\/\/raytalkcomms.com\/de\/wp-json\/wp\/v2\/product_cat?post=5815"},{"taxonomy":"product_tag","embeddable":true,"href":"https:\/\/raytalkcomms.com\/de\/wp-json\/wp\/v2\/product_tag?post=5815"}],"curies":[{"name":"wp","href":"https:\/\/api.w.org\/{rel}","templated":true}]}}