{"id":5791,"date":"2025-12-16T11:09:47","date_gmt":"2025-12-16T11:09:47","guid":{"rendered":"https:\/\/raytalkcomms.com\/?post_type=product&#038;p=5791"},"modified":"2025-12-16T11:16:39","modified_gmt":"2025-12-16T11:16:39","slug":"rpb-knb17-rechargeable-battery-for-kenwood-radios","status":"publish","type":"product","link":"https:\/\/raytalkcomms.com\/de\/produkt\/rpb-knb17-rechargeable-battery-for-kenwood-radios\/","title":{"rendered":"RPB-KNB17 Wiederaufladbare Batterie f\u00fcr Kenwood Radios"},"content":{"rendered":"<h3>Merkmale:<\/h3>\n<ul>\n<li>Compatible with kenwood radios Rechargeable Battery, including the TK-385 TK280\/380\/481\/290\/390 TK-480<\/li>\n<li>NI-MH-Zellen mit hoher Kapazit\u00e4t erm\u00f6glichen einen l\u00e4ngeren Einsatz im Schichtbetrieb und lange Arbeitszyklen.<\/li>\n<li>High-performance NI-MH batteries<\/li>\n<li>Erm\u00f6glicht bis zu lange Betriebsstunden im Dauerbetrieb.<\/li>\n<li>Original RayTalk-Ersatzakkus sind eine kosteng\u00fcnstige Alternative zu OEM\/ODM-Akkus.<\/li>\n<li>Entwickelt f\u00fcr unternehmenskritische Anwendungen mit stabiler Leistung unter hoher Beanspruchung.<\/li>\n<\/ul>","protected":false},"excerpt":{"rendered":"<p>This is a professional, high-quality Rechargeable Battery for an kenwood radio. This RayTalk rechargeable battery is designed for Kenwood, including the TK-385 TK280\/380\/481\/290\/390 TK-480<br \/>\nEs liefert selbst bei starker Beanspruchung lang anhaltende Energie, ohne dass ein Aufladen erforderlich ist.<br \/>\nThe battery capacity is 1300mAh and 1500mAL and 1800mal . Made with NI-MH cells, it offers reliable, cost-effective power for the Icom walkie talkies in demanding daily use.<br \/>\nRayTalk bietet einen zuverl\u00e4ssigen Icom-Funkakku an, der f\u00fcr eine gleichbleibende Stromversorgung verschiedener Kommunikationssysteme und -ger\u00e4te ausgelegt ist.<\/p>","protected":false},"featured_media":5795,"template":"","meta":[],"product_brand":[],"product_cat":[214,274],"product_tag":[],"class_list":{"0":"post-5791","1":"product","2":"type-product","3":"status-publish","4":"has-post-thumbnail","6":"product_cat-two-way-radio-accessories","7":"product_cat-kenwood","9":"first","10":"instock","11":"shipping-taxable","12":"purchasable","13":"product-type-simple"},"_links":{"self":[{"href":"https:\/\/raytalkcomms.com\/de\/wp-json\/wp\/v2\/product\/5791","targetHints":{"allow":["GET"]}}],"collection":[{"href":"https:\/\/raytalkcomms.com\/de\/wp-json\/wp\/v2\/product"}],"about":[{"href":"https:\/\/raytalkcomms.com\/de\/wp-json\/wp\/v2\/types\/product"}],"wp:featuredmedia":[{"embeddable":true,"href":"https:\/\/raytalkcomms.com\/de\/wp-json\/wp\/v2\/media\/5795"}],"wp:attachment":[{"href":"https:\/\/raytalkcomms.com\/de\/wp-json\/wp\/v2\/media?parent=5791"}],"wp:term":[{"taxonomy":"product_brand","embeddable":true,"href":"https:\/\/raytalkcomms.com\/de\/wp-json\/wp\/v2\/product_brand?post=5791"},{"taxonomy":"product_cat","embeddable":true,"href":"https:\/\/raytalkcomms.com\/de\/wp-json\/wp\/v2\/product_cat?post=5791"},{"taxonomy":"product_tag","embeddable":true,"href":"https:\/\/raytalkcomms.com\/de\/wp-json\/wp\/v2\/product_tag?post=5791"}],"curies":[{"name":"wp","href":"https:\/\/api.w.org\/{rel}","templated":true}]}}