{"id":5782,"date":"2025-12-16T10:48:26","date_gmt":"2025-12-16T10:48:26","guid":{"rendered":"https:\/\/raytalkcomms.com\/?post_type=product&#038;p=5782"},"modified":"2025-12-16T10:48:26","modified_gmt":"2025-12-16T10:48:26","slug":"rpb-knb14-rechargeable-battery-for-kenwood-battery-radios","status":"publish","type":"product","link":"https:\/\/raytalkcomms.com\/de\/produkt\/rpb-knb14-rechargeable-battery-for-kenwood-battery-radios\/","title":{"rendered":"RPB-KNB14 Wiederaufladbare Batterie f\u00fcr Kenwood Batterie-Radios"},"content":{"rendered":"<h3>Merkmale:<\/h3>\n<ul>\n<li>Kompatibel mit Kenwood-Funkger\u00e4ten, einschlie\u00dflich TK2107\/TK3107 TK2100\/TK3100 TK3101\/TK-278 TK378\/TK-278G TK378G\/TK388 TK\/388G TK260\/360\/270\/370\/272\/372.<\/li>\n<li>Li-Ionen- oder NI-MH-Zellen mit hoher Kapazit\u00e4t erm\u00f6glichen einen l\u00e4ngeren Einsatz im Schichtbetrieb und lange Arbeitszyklen.<\/li>\n<li>Leistungsstarker Li-Ion- oder NI-MH-Akku von Kenwood.<\/li>\n<li>Erm\u00f6glicht bis zu lange Betriebsstunden im Dauerbetrieb.<\/li>\n<li>Original RayTalk-Ersatzakkus sind eine kosteng\u00fcnstige Alternative zu OEM\/ODM-Akkus.<\/li>\n<li>Entwickelt f\u00fcr unternehmenskritische Anwendungen mit stabiler Leistung unter hoher Beanspruchung.<\/li>\n<\/ul>","protected":false},"excerpt":{"rendered":"<p>Dies ist ein professioneller, hochwertiger Ersatzakku f\u00fcr ein Icom-Funkger\u00e4t. Diese wiederaufladbare Kenwood-Batterie von RayTalk ist f\u00fcr Kenwood, einschlie\u00dflich TK2107\/TK3107 TK2100\/TK3100 TK3101\/TK-278 TK378\/TK-278G TK378G\/TK388 TK\/388G TK260\/360\/270\/370\/272\/372 konzipiert.<br \/>\nEs liefert selbst bei starker Beanspruchung lang anhaltende Energie, ohne dass ein Aufladen erforderlich ist.<br \/>\nDie Batteriekapazit\u00e4t betr\u00e4gt 600mAh und 900mAL und 1800mal. Hergestellt mit Li-Ion\/NI-MH-Zellen, bietet er zuverl\u00e4ssige, kosteng\u00fcnstige Energie f\u00fcr die Kenwood Walkie-Talkies im anspruchsvollen t\u00e4glichen Gebrauch.<br \/>\nRayTalk bietet einen zuverl\u00e4ssigen Icom-Funkakku an, der f\u00fcr eine gleichbleibende Stromversorgung verschiedener Kommunikationssysteme und -ger\u00e4te ausgelegt ist.<\/p>","protected":false},"featured_media":5781,"template":"","meta":[],"product_brand":[],"product_cat":[214,219,274],"product_tag":[],"class_list":{"0":"post-5782","1":"product","2":"type-product","3":"status-publish","4":"has-post-thumbnail","6":"product_cat-two-way-radio-accessories","7":"product_cat-batteries-and-chargers","8":"product_cat-kenwood","10":"first","11":"instock","12":"shipping-taxable","13":"purchasable","14":"product-type-simple"},"_links":{"self":[{"href":"https:\/\/raytalkcomms.com\/de\/wp-json\/wp\/v2\/product\/5782","targetHints":{"allow":["GET"]}}],"collection":[{"href":"https:\/\/raytalkcomms.com\/de\/wp-json\/wp\/v2\/product"}],"about":[{"href":"https:\/\/raytalkcomms.com\/de\/wp-json\/wp\/v2\/types\/product"}],"wp:featuredmedia":[{"embeddable":true,"href":"https:\/\/raytalkcomms.com\/de\/wp-json\/wp\/v2\/media\/5781"}],"wp:attachment":[{"href":"https:\/\/raytalkcomms.com\/de\/wp-json\/wp\/v2\/media?parent=5782"}],"wp:term":[{"taxonomy":"product_brand","embeddable":true,"href":"https:\/\/raytalkcomms.com\/de\/wp-json\/wp\/v2\/product_brand?post=5782"},{"taxonomy":"product_cat","embeddable":true,"href":"https:\/\/raytalkcomms.com\/de\/wp-json\/wp\/v2\/product_cat?post=5782"},{"taxonomy":"product_tag","embeddable":true,"href":"https:\/\/raytalkcomms.com\/de\/wp-json\/wp\/v2\/product_tag?post=5782"}],"curies":[{"name":"wp","href":"https:\/\/api.w.org\/{rel}","templated":true}]}}