{"id":5599,"date":"2025-12-10T12:33:51","date_gmt":"2025-12-10T12:33:51","guid":{"rendered":"https:\/\/raytalkcomms.com\/?post_type=product&#038;p=5599"},"modified":"2025-12-23T03:18:48","modified_gmt":"2025-12-23T03:18:48","slug":"bt-01-bluetooth-receiver-ptt-lapel-mic","status":"publish","type":"product","link":"https:\/\/raytalkcomms.com\/de\/produkt\/bt-01-bluetooth-receiver-ptt-lapel-mic\/","title":{"rendered":"BT-01 Bluetooth-Empf\u00e4nger PTT-Ansteckmikrofon"},"content":{"rendered":"<h3>Merkmale:<\/h3>\n<ul>\n<li>Bluetooth 5.0-Version f\u00fcr eine stabile und schnelle drahtlose Verbindung.<\/li>\n<li>Bluetooth- und BLE-Kopplungsmodi f\u00fcr vielseitige kabellose Konnektivit\u00e4t.<\/li>\n<li>Kopplung mit Walkie-Talkies \u00fcber Bluetooth-Adapter und BT-PTT1 f\u00fcr Freisprechkommunikation.<\/li>\n<li>Unterst\u00fctzt PoC-Funkger\u00e4te und Anwendungen wie Zello, ESChat und Tassta f\u00fcr breite Kompatibilit\u00e4t.<\/li>\n<li>Externe 3,5-mm-Audiobuchse f\u00fcr den Anschluss weiterer Audioger\u00e4te.<\/li>\n<li>Einfach zu bedienende Bedienelemente mit Lautst\u00e4rke-, PTT- und Einschalttasten.<\/li>\n<li>USB-Ladeanschluss mit Anzeigeleuchten f\u00fcr einfaches Energiemanagement.<\/li>\n<li>Die Reichweite betr\u00e4gt bis zu 30 Meter und erm\u00f6glicht eine zuverl\u00e4ssige Kommunikation in gro\u00dfen Bereichen.<\/li>\n<\/ul>","protected":false},"excerpt":{"rendered":"<p>Das Bluetooth-Empf\u00e4nger-PTT-Ansteckmikrofon BT-01 wurde f\u00fcr Teams entwickelt, die in gro\u00dfen Bereichen arbeiten und bietet flexible Kommunikationsl\u00f6sungen. Es unterst\u00fctzt sowohl Bluetooth- als auch BLE-Kopplungsmodi und erm\u00f6glicht eine nahtlose Verbindung mit Walkie-Talkies \u00fcber Bluetooth-Adapter und Bluetooth-PTTs (BT-PTT1). Dar\u00fcber hinaus kann es mit PoC-Funkger\u00e4ten und Apps wie Zello, ESChat und Tassta gekoppelt werden, wenn es mit dem BT-PTT1 verwendet wird. Ausgestattet mit einer externen 3,5-mm-Audiobuchse, einem USB-Ladeanschluss und einfach zu bedienenden Steuerelementen gew\u00e4hrleistet dieses Ger\u00e4t eine effiziente Kommunikation f\u00fcr mobile Teams in gro\u00dfen Arbeitsbereichen.<\/p>\n<p>Der Bluetooth-Empf\u00e4nger BT-01 ist zwar kompakt, bietet aber eine leistungsstarke kabellose Bluetooth-Leistung, die ihn bei Eventmanagern, Transport- und Lagerteams sehr beliebt macht.<\/p>","protected":false},"featured_media":5980,"template":"","meta":[],"product_brand":[],"product_cat":[212,247],"product_tag":[],"class_list":{"0":"post-5599","1":"product","2":"type-product","3":"status-publish","4":"has-post-thumbnail","6":"product_cat-bluetooth","7":"product_cat-receiver","9":"first","10":"instock","11":"shipping-taxable","12":"purchasable","13":"product-type-simple"},"_links":{"self":[{"href":"https:\/\/raytalkcomms.com\/de\/wp-json\/wp\/v2\/product\/5599","targetHints":{"allow":["GET"]}}],"collection":[{"href":"https:\/\/raytalkcomms.com\/de\/wp-json\/wp\/v2\/product"}],"about":[{"href":"https:\/\/raytalkcomms.com\/de\/wp-json\/wp\/v2\/types\/product"}],"wp:featuredmedia":[{"embeddable":true,"href":"https:\/\/raytalkcomms.com\/de\/wp-json\/wp\/v2\/media\/5980"}],"wp:attachment":[{"href":"https:\/\/raytalkcomms.com\/de\/wp-json\/wp\/v2\/media?parent=5599"}],"wp:term":[{"taxonomy":"product_brand","embeddable":true,"href":"https:\/\/raytalkcomms.com\/de\/wp-json\/wp\/v2\/product_brand?post=5599"},{"taxonomy":"product_cat","embeddable":true,"href":"https:\/\/raytalkcomms.com\/de\/wp-json\/wp\/v2\/product_cat?post=5599"},{"taxonomy":"product_tag","embeddable":true,"href":"https:\/\/raytalkcomms.com\/de\/wp-json\/wp\/v2\/product_tag?post=5599"}],"curies":[{"name":"wp","href":"https:\/\/api.w.org\/{rel}","templated":true}]}}