{"id":5557,"date":"2025-12-09T12:11:09","date_gmt":"2025-12-09T12:11:09","guid":{"rendered":"https:\/\/raytalkcomms.com\/?post_type=product&#038;p=5557"},"modified":"2025-12-31T10:26:28","modified_gmt":"2025-12-31T10:26:28","slug":"rsm-350-bt-bluetooth-speaker-mic","status":"publish","type":"product","link":"https:\/\/raytalkcomms.com\/de\/produkt\/rsm-350-bt-bluetooth-speaker-mic\/","title":{"rendered":"RSM-350-BT Bluetooth-Lautsprechermikrofon"},"content":{"rendered":"<h3>Merkmale:<\/h3>\n<ul>\n<li>Kompaktes und robustes Lautsprechermikrofon mit Lautst\u00e4rkeregler und Push-to-Talk-Taste (PTT).<\/li>\n<li>ENC-Mikrofon mit Rauschunterdr\u00fcckung f\u00fcr eine klarere Kommunikation in lauten Umgebungen.<\/li>\n<li>USB-C-Ladeanschluss und 3,5-mm-Audioanschluss f\u00fcr vielseitige Konnektivit\u00e4t mit kabellosen und kabelgebundenen Sendern.<\/li>\n<li>Die Wasserdichtigkeitsklasse IP67 gew\u00e4hrleistet eine lange Lebensdauer in nassen, rauen Umgebungen.<\/li>\n<li>Bluetooth V5.2.<\/li>\n<li>1200 mAh Lithium-Akku<\/li>\n<li>Unterst\u00fctzt BLE (POC) und Bluetooth f\u00fcr eine einfache Integration mit Walkie-Talkie-PTTOC-Anwendungen.<\/li>\n<li>Kompatibel mit Zello, Eschat, Tassta APP.<\/li>\n<li>Betriebstemperatur: -20\u00b0C bis 60\u00b0C.<\/li>\n<\/ul>\n<p><strong><em>Nachfolgend sind die bisher unterst\u00fctzten POC-Anwendungen aufgef\u00fchrt, weitere App-Integrationen sind in der Entwicklung.<\/em><\/strong><\/p>\n<p><img fetchpriority=\"high\" decoding=\"async\" class=\"wp-image-6685 size-full aligncenter\" src=\"https:\/\/raytalkcomms.com\/wp-content\/uploads\/2025\/12\/POC-02-02.jpg\" alt=\"Push-to-Talk over Cellular applications\" width=\"1000\" height=\"563\" srcset=\"https:\/\/raytalkcomms.com\/wp-content\/uploads\/2025\/12\/POC-02-02.jpg 1000w, https:\/\/raytalkcomms.com\/wp-content\/uploads\/2025\/12\/POC-02-02-300x169.jpg 300w, https:\/\/raytalkcomms.com\/wp-content\/uploads\/2025\/12\/POC-02-02-768x432.jpg 768w\" sizes=\"(max-width: 1000px) 100vw, 1000px\" \/><\/p>","protected":false},"excerpt":{"rendered":"<p>Das Bluetooth-Lautsprechermikrofon RSM-350-BT wurde f\u00fcr schnelllebige, mobile Umgebungen entwickelt, in denen Mitarbeiter unterwegs schnell kommunizieren m\u00fcssen. Dieses Bluetooth-Lautsprechermikrofon eignet sich perfekt f\u00fcr Lagerarbeiter, Fahrpersonal und Veranstaltungsteams. Es bietet eine klare Audiowiedergabe und ist nach IP67 wasserdicht, sodass es auch unter nassen Bedingungen zuverl\u00e4ssig funktioniert. Ausgestattet mit ENC-Rauschunterdr\u00fcckung, bietet es eine bessere Sprachverst\u00e4ndlichkeit in lauten Umgebungen. Es unterst\u00fctzt Bluetooth (BT) und POC (BLE) f\u00fcr die nahtlose Integration mit Walkie-Talkie-PoC-Apps wie Zello, Eschat und TASSTA und ist damit ideal f\u00fcr die Echtzeitkommunikation. Mit einem USB-C-Ladeanschluss und einer 3,5-mm-Audiobuchse tr\u00e4gt dieses vielseitige Mikrofon zu mehr Effizienz und Koordination bei.<\/p>","protected":false},"featured_media":5551,"template":"","meta":[],"product_brand":[],"product_cat":[212,247,213,251],"product_tag":[],"class_list":{"0":"post-5557","1":"product","2":"type-product","3":"status-publish","4":"has-post-thumbnail","6":"product_cat-bluetooth","7":"product_cat-receiver","8":"product_cat-poc","9":"product_cat-speaker-microphone-poc","11":"first","12":"instock","13":"shipping-taxable","14":"purchasable","15":"product-type-simple"},"_links":{"self":[{"href":"https:\/\/raytalkcomms.com\/de\/wp-json\/wp\/v2\/product\/5557","targetHints":{"allow":["GET"]}}],"collection":[{"href":"https:\/\/raytalkcomms.com\/de\/wp-json\/wp\/v2\/product"}],"about":[{"href":"https:\/\/raytalkcomms.com\/de\/wp-json\/wp\/v2\/types\/product"}],"wp:featuredmedia":[{"embeddable":true,"href":"https:\/\/raytalkcomms.com\/de\/wp-json\/wp\/v2\/media\/5551"}],"wp:attachment":[{"href":"https:\/\/raytalkcomms.com\/de\/wp-json\/wp\/v2\/media?parent=5557"}],"wp:term":[{"taxonomy":"product_brand","embeddable":true,"href":"https:\/\/raytalkcomms.com\/de\/wp-json\/wp\/v2\/product_brand?post=5557"},{"taxonomy":"product_cat","embeddable":true,"href":"https:\/\/raytalkcomms.com\/de\/wp-json\/wp\/v2\/product_cat?post=5557"},{"taxonomy":"product_tag","embeddable":true,"href":"https:\/\/raytalkcomms.com\/de\/wp-json\/wp\/v2\/product_tag?post=5557"}],"curies":[{"name":"wp","href":"https:\/\/api.w.org\/{rel}","templated":true}]}}