{"id":5549,"date":"2025-12-09T11:09:31","date_gmt":"2025-12-09T11:09:31","guid":{"rendered":"https:\/\/raytalkcomms.com\/?post_type=product&#038;p=5549"},"modified":"2025-12-11T08:59:38","modified_gmt":"2025-12-11T08:59:38","slug":"rpb-bp284-rpb-bp303-rechargeable-battery-for-icom-series-radios","status":"publish","type":"product","link":"https:\/\/raytalkcomms.com\/de\/produkt\/rpb-bp284-rpb-bp303-rechargeable-battery-for-icom-series-radios\/","title":{"rendered":"RPB-BP284 RPB-BP303 Wiederaufladbare Batterie f\u00fcr Funkger\u00e4te der ICOM-Serie"},"content":{"rendered":"<h3>Merkmale:<\/h3>\n<ul>\n<li>Professionelle wiederaufladbare Batterie f\u00fcr Icom-Funkger\u00e4te.<\/li>\n<li>Leistung und Qualit\u00e4t entsprechen dem Originalakku von Icom und \u00fcbertreffen ihn oft sogar.<\/li>\n<li>Der Polymer-Akku mit hoher Kapazit\u00e4t (3300 mAH) liefert stabile Energie f\u00fcr lange Schichten.<\/li>\n<li>LI-ION-Zellen sorgen f\u00fcr ein geringes Gewicht, so dass sie leicht zu transportieren und als Reserve zu verwenden sind.<\/li>\n<li>Kompatibel mit mehreren Icom-Funkger\u00e4tmodellen, einschlie\u00dflich IC-F3400D IC-F4400D IC-F7010 IC-F7020<\/li>\n<li>Zuverl\u00e4ssige Stromquelle f\u00fcr Bau-, Industrie-, Outdoor- und Veranstaltungsteams.<\/li>\n<li>Sorgt daf\u00fcr, dass die Funkger\u00e4te immer mit Strom versorgt sind, wodurch verpasste Anrufe reduziert und die Teamkoordination verbessert werden.<\/li>\n<\/ul>","protected":false},"excerpt":{"rendered":"<p>RPB-BP284 RPB-BP303 ist ein professioneller, leistungsstarker Akku f\u00fcr Icom Funkger\u00e4te. Seine Leistung und Qualit\u00e4t entsprechen und \u00fcbertreffen oft den Original-Icom-Akku.<br \/>\nMit einer Kapazit\u00e4t von 3300 mAH bietet dieser Akku mit hoher Kapazit\u00e4t eine stabile Leistung und eine starke Entladeleistung f\u00fcr lange Schichten. Er sorgt daf\u00fcr, dass Funkteams ohne st\u00e4ndiges Nachladen sicher miteinander sprechen k\u00f6nnen.<br \/>\nDer mit LI-ION-Zellen ausgestattete Akku ist leicht und l\u00e4sst sich als Haupt- oder Backup-Stromquelle problemlos mitnehmen - ideal f\u00fcr Teams, die im Freien oder unterwegs arbeiten.<\/p>","protected":false},"featured_media":5548,"template":"","meta":[],"product_brand":[],"product_cat":[214,219,273],"product_tag":[],"class_list":{"0":"post-5549","1":"product","2":"type-product","3":"status-publish","4":"has-post-thumbnail","6":"product_cat-two-way-radio-accessories","7":"product_cat-batteries-and-chargers","8":"product_cat-icom","10":"first","11":"instock","12":"shipping-taxable","13":"purchasable","14":"product-type-simple"},"_links":{"self":[{"href":"https:\/\/raytalkcomms.com\/de\/wp-json\/wp\/v2\/product\/5549","targetHints":{"allow":["GET"]}}],"collection":[{"href":"https:\/\/raytalkcomms.com\/de\/wp-json\/wp\/v2\/product"}],"about":[{"href":"https:\/\/raytalkcomms.com\/de\/wp-json\/wp\/v2\/types\/product"}],"wp:featuredmedia":[{"embeddable":true,"href":"https:\/\/raytalkcomms.com\/de\/wp-json\/wp\/v2\/media\/5548"}],"wp:attachment":[{"href":"https:\/\/raytalkcomms.com\/de\/wp-json\/wp\/v2\/media?parent=5549"}],"wp:term":[{"taxonomy":"product_brand","embeddable":true,"href":"https:\/\/raytalkcomms.com\/de\/wp-json\/wp\/v2\/product_brand?post=5549"},{"taxonomy":"product_cat","embeddable":true,"href":"https:\/\/raytalkcomms.com\/de\/wp-json\/wp\/v2\/product_cat?post=5549"},{"taxonomy":"product_tag","embeddable":true,"href":"https:\/\/raytalkcomms.com\/de\/wp-json\/wp\/v2\/product_tag?post=5549"}],"curies":[{"name":"wp","href":"https:\/\/api.w.org\/{rel}","templated":true}]}}