{"id":5481,"date":"2025-12-08T10:18:24","date_gmt":"2025-12-08T10:18:24","guid":{"rendered":"https:\/\/raytalkcomms.com\/?post_type=product&#038;p=5481"},"modified":"2026-05-15T07:04:37","modified_gmt":"2026-05-15T07:04:37","slug":"rpb-bj2000-rechargeable-battery-for-icom-ic-f14-24-ic-f16-f3161d","status":"publish","type":"product","link":"https:\/\/raytalkcomms.com\/de\/produkt\/rpb-bj2000-rechargeable-battery-for-icom-ic-f14-24-ic-f16-f3161d\/","title":{"rendered":"RPB-BJ2000 RPB-BP231 RPB-BP232 Type-C Option Rechargeable Battery for ICOM IC-F14\/24 IC-F16 F3161D"},"content":{"rendered":"<h3>Merkmale:<\/h3>\n<ul>\n<li>Professionelle wiederaufladbare Batterie f\u00fcr Icom-Funkger\u00e4te.<\/li>\n<li>Leistung und Qualit\u00e4t entsprechen dem Originalakku von Icom und \u00fcbertreffen ihn oft sogar.<\/li>\n<li>Die Akkus mit einer Kapazit\u00e4t von 1300 mAh, 2200 mAh von sanyo und 2600 mAh von samsung liefern stabile Energie f\u00fcr lange Schichten.<\/li>\n<li>LI-ION-Zellen sorgen f\u00fcr ein geringes Gewicht, so dass sie leicht zu transportieren und als Reserve zu verwenden sind.<\/li>\n<li>Kompatibel mit mehreren Icom-Funkmodellen, einschlie\u00dflich IC-F14\/24 IC-F16\/26 IC-FF33\/43 F3161D<\/li>\n<li>Zuverl\u00e4ssige Stromquelle f\u00fcr Bau-, Industrie-, Outdoor- und Veranstaltungsteams.<\/li>\n<li>Sorgt daf\u00fcr, dass die Funkger\u00e4te immer mit Strom versorgt sind, wodurch verpasste Anrufe reduziert und die Teamkoordination verbessert werden.<\/li>\n<\/ul>","protected":false},"excerpt":{"rendered":"<p>RPB-BJ2000 RPB-BP231 RPB-BP232 Type-C Option ist ein professioneller, leistungsstarker Akku f\u00fcr Icom Funkger\u00e4te. Seine Leistung und Qualit\u00e4t entsprechen dem Originalakku von Icom und \u00fcbertreffen ihn oft sogar.<br \/>\nMit einer Kapazit\u00e4t von 1300mAh und sanyo 2200mAh und samsung 2600mAh bietet dieser Hochleistungsakku eine stabile Leistung und eine starke Entladeleistung f\u00fcr lange Schichten. Er sorgt daf\u00fcr, dass Funkteams ohne st\u00e4ndiges Nachladen sicher miteinander reden k\u00f6nnen.<br \/>\nDer mit LI-ION-Zellen ausgestattete Akku ist leicht und l\u00e4sst sich als Haupt- oder Backup-Stromquelle problemlos mitnehmen - ideal f\u00fcr Teams, die im Freien oder unterwegs arbeiten.<\/p>","protected":false},"featured_media":5520,"template":"","meta":[],"product_brand":[],"product_cat":[214,219,273],"product_tag":[],"class_list":{"0":"post-5481","1":"product","2":"type-product","3":"status-publish","4":"has-post-thumbnail","6":"product_cat-two-way-radio-accessories","7":"product_cat-batteries-and-chargers","8":"product_cat-icom","10":"first","11":"instock","12":"shipping-taxable","13":"purchasable","14":"product-type-simple"},"_links":{"self":[{"href":"https:\/\/raytalkcomms.com\/de\/wp-json\/wp\/v2\/product\/5481","targetHints":{"allow":["GET"]}}],"collection":[{"href":"https:\/\/raytalkcomms.com\/de\/wp-json\/wp\/v2\/product"}],"about":[{"href":"https:\/\/raytalkcomms.com\/de\/wp-json\/wp\/v2\/types\/product"}],"wp:featuredmedia":[{"embeddable":true,"href":"https:\/\/raytalkcomms.com\/de\/wp-json\/wp\/v2\/media\/5520"}],"wp:attachment":[{"href":"https:\/\/raytalkcomms.com\/de\/wp-json\/wp\/v2\/media?parent=5481"}],"wp:term":[{"taxonomy":"product_brand","embeddable":true,"href":"https:\/\/raytalkcomms.com\/de\/wp-json\/wp\/v2\/product_brand?post=5481"},{"taxonomy":"product_cat","embeddable":true,"href":"https:\/\/raytalkcomms.com\/de\/wp-json\/wp\/v2\/product_cat?post=5481"},{"taxonomy":"product_tag","embeddable":true,"href":"https:\/\/raytalkcomms.com\/de\/wp-json\/wp\/v2\/product_tag?post=5481"}],"curies":[{"name":"wp","href":"https:\/\/api.w.org\/{rel}","templated":true}]}}