{"id":5434,"date":"2025-12-05T06:51:37","date_gmt":"2025-12-05T06:51:37","guid":{"rendered":"https:\/\/raytalkcomms.com\/?post_type=product&#038;p=5434"},"modified":"2025-12-26T07:19:47","modified_gmt":"2025-12-26T07:19:47","slug":"qdc-k1-kenwood-2-pin-coiled-cable-with-push-to-talk-button","status":"publish","type":"product","link":"https:\/\/raytalkcomms.com\/de\/produkt\/qdc-k1-kenwood-2-pin-coiled-cable-with-push-to-talk-button\/","title":{"rendered":"QDC-K1 Kenwood 2-poliges Spiralkabel mit Push-To-Talk-Taste"},"content":{"rendered":"<h3>Merkmale:<\/h3>\n<ul>\n<li>Gro\u00dfe runde PTT#50 f\u00fcr schnelle, einfache Bedienung auch mit Handschuhen oder gr\u00f6\u00dferen H\u00e4nden.<\/li>\n<li>Anschluss von Rennsport-Kommunikations-Headsets mit 5-poliger Schnellkupplung an das 2-polige Kenwood-Funkger\u00e4t<\/li>\n<li>Klare, zuverl\u00e4ssige Audiowiedergabe f\u00fcr Rennteams und Mitarbeiter an der Rennstrecke, die in lauten Umgebungen arbeiten.<\/li>\n<\/ul>","protected":false},"excerpt":{"rendered":"<p>Das QDC-K1 Kenwood 2-Pin Spiralkabel erm\u00f6glicht eine schnelle Verbindung zwischen 5-Pin-Zubeh\u00f6r und 2-Pin-Funkger\u00e4ten von Kenwood und sorgt f\u00fcr klaren, zuverl\u00e4ssigen Klang im t\u00e4glichen Gebrauch.<br \/>\nUnsere Rennsport-Kommunikations-Headsets und andere Hochleistungs-Headsets mit 5-poligen Schnellkupplungsbuchsen k\u00f6nnen mit diesem QD-K1-Ersatzkabel an jedes 2-polige Kenwood-Funkger\u00e4t angeschlossen werden. Damit ist es ideal f\u00fcr Teams, die in ger\u00e4uschintensiven Rennumgebungen und an der Rennstrecke arbeiten.<\/p>","protected":false},"featured_media":5433,"template":"","meta":[],"product_brand":[],"product_cat":[209,269],"product_tag":[],"class_list":{"0":"post-5434","1":"product","2":"type-product","3":"status-publish","4":"has-post-thumbnail","6":"product_cat-racing","7":"product_cat-cable","9":"first","10":"instock","11":"shipping-taxable","12":"purchasable","13":"product-type-simple"},"_links":{"self":[{"href":"https:\/\/raytalkcomms.com\/de\/wp-json\/wp\/v2\/product\/5434","targetHints":{"allow":["GET"]}}],"collection":[{"href":"https:\/\/raytalkcomms.com\/de\/wp-json\/wp\/v2\/product"}],"about":[{"href":"https:\/\/raytalkcomms.com\/de\/wp-json\/wp\/v2\/types\/product"}],"wp:featuredmedia":[{"embeddable":true,"href":"https:\/\/raytalkcomms.com\/de\/wp-json\/wp\/v2\/media\/5433"}],"wp:attachment":[{"href":"https:\/\/raytalkcomms.com\/de\/wp-json\/wp\/v2\/media?parent=5434"}],"wp:term":[{"taxonomy":"product_brand","embeddable":true,"href":"https:\/\/raytalkcomms.com\/de\/wp-json\/wp\/v2\/product_brand?post=5434"},{"taxonomy":"product_cat","embeddable":true,"href":"https:\/\/raytalkcomms.com\/de\/wp-json\/wp\/v2\/product_cat?post=5434"},{"taxonomy":"product_tag","embeddable":true,"href":"https:\/\/raytalkcomms.com\/de\/wp-json\/wp\/v2\/product_tag?post=5434"}],"curies":[{"name":"wp","href":"https:\/\/api.w.org\/{rel}","templated":true}]}}