{"id":5325,"date":"2025-12-03T07:04:30","date_gmt":"2025-12-03T07:04:30","guid":{"rendered":"https:\/\/raytalkcomms.com\/?post_type=product&#038;p=5325"},"modified":"2025-12-19T13:43:18","modified_gmt":"2025-12-19T13:43:18","slug":"ph-100m-anr-pilot-headsets-wtih-adjustable-metal-boom-arm","status":"publish","type":"product","link":"https:\/\/raytalkcomms.com\/de\/produkt\/ph-100m-anr-pilot-headsets-wtih-adjustable-metal-boom-arm\/","title":{"rendered":"PH-100M ANR-Piloten-Headsets mit verstellbarem Metall-Auslegerarm"},"content":{"rendered":"<h3>Merkmale:<\/h3>\n<ul>\n<li>Aktive Ger\u00e4uschunterdr\u00fcckung (NRR): 29 dB.<\/li>\n<li>Passive Ger\u00e4uschunterdr\u00fcckung (NRR): 23 dB.<\/li>\n<li>Kleine AA-Alkalibatteriebox mit G\u00fcrtelclip (Batterie nicht enthalten).<\/li>\n<li>Komfortables Ohrpolster, halb Gel, halb Schaumstoff.<\/li>\n<li>Standardm\u00e4\u00dfig mit S\/M-Schalter, mit zwei Lautst\u00e4rkereglern an den Ohrmuscheln.<\/li>\n<li>Elektretmikrofon mit Ger\u00e4uschunterdr\u00fcckung als Standard; ein dynamisches Mikrofon kann als Option gew\u00e4hlt werden.<\/li>\n<li>Gro\u00dfartige Audio-Lautsprecherleistung mit klarem Klang.<\/li>\n<li>Eine 3,5-mm-Audiobuchse f\u00fcr Musik ist optional.<\/li>\n<li>Vollst\u00e4ndig verstellbares Kopfband aus Federstahl.<\/li>\n<li>Ohrh\u00f6rer-Stecker: PJ-055(.25\u2033F6.3 Stecker).<\/li>\n<li>Mikrofonstecker: PJ-068(.206\u2033F5.2-Stecker).<\/li>\n<li>Gerades Kabel vom Headset zum geformten Stecker, 150CM.<\/li>\n<\/ul>\n<h3>Optionale Anpassungen:<\/h3>\n<ul>\n<li>W\u00e4hlen Sie je nach Bedarf zwischen einem flexiblen Auslegerarm und einem verstellbaren Metallauslegerarm.<\/li>\n<li>Erh\u00e4ltlich als dynamisches oder Elektret-Mikrofon f\u00fcr unterschiedliche Kommunikationsanforderungen.<\/li>\n<li>Farben: Schwarz, Blau, Gelb, Gr\u00fcn, Grau, Rosa, Rot.<\/li>\n<\/ul>\n<h3>Vorteile:<\/h3>\n<p>Die PH-100M ANR-Piloten-Headsets helfen Piloten und Betreibern, den L\u00e4rm im Cockpit zu reduzieren, die Erm\u00fcdung zu verringern und die Verst\u00e4ndlichkeit des Funkverkehrs zu verbessern, insbesondere an langen Tagen oder bei der Ausbildung. Standard-GA-Stecker erleichtern Pilotenwerkst\u00e4tten, Fluggesellschaften und Flugschulen die Integration in ihre Flotte, w\u00e4hrend die langlebige Konstruktion und austauschbare Teile zur Kontrolle der langfristigen Betriebskosten beitragen.<\/p>","protected":false},"excerpt":{"rendered":"<p>Die PH-100M ANR Piloten-Headsets mit verstellbarem Metallb\u00fcgel sind f\u00fcr den anspruchsvollen Einsatz in der allgemeinen Luftfahrt konzipiert. Zwei GA-St\u00f6psel und ein voll einstellbarer Kopfb\u00fcgel aus Federstahl sorgen f\u00fcr einen sicheren, vertrauten Sitz in den meisten Cockpits.<\/p>\n<p>Die aktive Ger\u00e4uschunterdr\u00fcckung (NRR 29 dB) in Kombination mit der passiven Ger\u00e4uschunterdr\u00fcckung (NRR 23 dB) reduziert Motor- und Luftstromger\u00e4usche f\u00fcr eine klarere Kommunikation und weniger Erm\u00fcdung. Die Stromversorgung erfolgt \u00fcber eine kompakte AA-Batteriebox mit G\u00fcrtelclip (Batterie nicht im Lieferumfang enthalten).<\/p>\n<p>Ein Elektretmikrofon mit Ger\u00e4uschunterdr\u00fcckung geh\u00f6rt zur Standardausstattung, ein dynamisches Mikrofon ist optional erh\u00e4ltlich. Mit dem S\/M-Schalter und den zwei Lautst\u00e4rkereglern an den Ohrmuscheln k\u00f6nnen die Piloten den Ton feinabstimmen, w\u00e4hrend die Hochleistungslautsprecher einen klaren, scharfen Klang liefern.<\/p>\n<p>Bequeme Ohrdichtungen aus halbem Gel und halbem Schaumstoff sowie ein 150 cm langes gerades Kabel mit PJ-055- und PJ-068-St\u00f6pseln gew\u00e4hrleisten eine ganzt\u00e4gige Nutzung.<\/p>\n<p>Die PH-100M ANR-Piloten-Headsets sind in einer breiten Palette von anpassbaren Farben erh\u00e4ltlich, die es den Bedienern erm\u00f6glichen, Rollen und Aufgaben auf einen Blick zu erkennen und die Identifizierung und Koordination bei komplexen Flughafeneins\u00e4tzen erheblich zu verbessern.<\/p>","protected":false},"featured_media":5324,"template":"","meta":[],"product_brand":[],"product_cat":[208,314,244],"product_tag":[],"class_list":{"0":"post-5325","1":"product","2":"type-product","3":"status-publish","4":"has-post-thumbnail","6":"product_cat-aviation","7":"product_cat-fixed-wing","8":"product_cat-active-noise-cancelling","10":"first","11":"instock","12":"shipping-taxable","13":"purchasable","14":"product-type-simple"},"_links":{"self":[{"href":"https:\/\/raytalkcomms.com\/de\/wp-json\/wp\/v2\/product\/5325","targetHints":{"allow":["GET"]}}],"collection":[{"href":"https:\/\/raytalkcomms.com\/de\/wp-json\/wp\/v2\/product"}],"about":[{"href":"https:\/\/raytalkcomms.com\/de\/wp-json\/wp\/v2\/types\/product"}],"wp:featuredmedia":[{"embeddable":true,"href":"https:\/\/raytalkcomms.com\/de\/wp-json\/wp\/v2\/media\/5324"}],"wp:attachment":[{"href":"https:\/\/raytalkcomms.com\/de\/wp-json\/wp\/v2\/media?parent=5325"}],"wp:term":[{"taxonomy":"product_brand","embeddable":true,"href":"https:\/\/raytalkcomms.com\/de\/wp-json\/wp\/v2\/product_brand?post=5325"},{"taxonomy":"product_cat","embeddable":true,"href":"https:\/\/raytalkcomms.com\/de\/wp-json\/wp\/v2\/product_cat?post=5325"},{"taxonomy":"product_tag","embeddable":true,"href":"https:\/\/raytalkcomms.com\/de\/wp-json\/wp\/v2\/product_tag?post=5325"}],"curies":[{"name":"wp","href":"https:\/\/api.w.org\/{rel}","templated":true}]}}