{"id":5319,"date":"2025-12-03T03:26:37","date_gmt":"2025-12-03T03:26:37","guid":{"rendered":"https:\/\/raytalkcomms.com\/?post_type=product&#038;p=5319"},"modified":"2025-12-19T13:04:07","modified_gmt":"2025-12-19T13:04:07","slug":"ph-410a-ultra-lightweight-pnr-headset-with-carbon-fiber","status":"publish","type":"product","link":"https:\/\/raytalkcomms.com\/de\/produkt\/ph-410a-ultra-lightweight-pnr-headset-with-carbon-fiber\/","title":{"rendered":"PH-410A Ultraleichtes PNR-Headset mit Kohlefaser"},"content":{"rendered":"<h3>Merkmale:<\/h3>\n<ul>\n<li>Das ultraleichte PNR-Headset wurde vom PH-400A aufger\u00fcstet, um die Ergonomie des Piloten zu verbessern.<\/li>\n<li>Komfortables Schaumstoffkopfpolster und weiche Kunstlederohrpolster f\u00fcr lange Fl\u00fcge.<\/li>\n<li>Verstellbares Kopfband aus Edelstahl f\u00fcr einen sicheren, individuellen Sitz.<\/li>\n<li>Passive Ger\u00e4uschunterdr\u00fcckung mit ger\u00e4uschunterdr\u00fcckendem Elektretmikrofon f\u00fcr klare Sprach\u00fcbertragung.<\/li>\n<li>Um 270\u00b0 drehbarer Mikrofonarm f\u00fcr die Verwendung auf der linken oder rechten Seite.<\/li>\n<li>Steuermodul mit einstellbarem Widerstand, Mono\/Stereo-Schalter und Lautst\u00e4rkeregler.<\/li>\n<li>3,5-mm-Audiobuchse f\u00fcr Tablets, Smartphones und andere Audioger\u00e4te.<\/li>\n<li>Standard-GA-Doppelstecker, kompatibel mit den meisten Flugzeugen der allgemeinen Luftfahrt.<\/li>\n<\/ul>\n<h3>Vorteile:<\/h3>\n<p>Das ultraleichte PNR-Headset PH-410A bietet Piloten und Bedienern eine komfortable und zuverl\u00e4ssige L\u00f6sung f\u00fcr den t\u00e4glichen Flugbetrieb. Sein ultraleichtes Design und die weichen Polster verringern die Erm\u00fcdung bei langen Fl\u00fcgen, w\u00e4hrend die passive Ger\u00e4uschunterdr\u00fcckung und das klare Mikrofon die Funkverst\u00e4ndlichkeit in belebten Cockpits verbessern. Standardm\u00e4\u00dfige GA-Doppelstecker vereinfachen die Integration in die Flotte verschiedener Flugzeuge und erleichtern Flugschulen, Aeroclubs und Fluggesellschaften die Ausr\u00fcstung und den Wechsel der Besatzungen. Mit einem Audioeingang f\u00fcr EFBs und Schulungsinhalte unterst\u00fctzt es au\u00dferdem moderne, vernetzte Cockpit-Workflows.<\/p>","protected":false},"excerpt":{"rendered":"<p>Das ultraleichte PNR-Headset PH-410A ist die verbesserte Version des <a href=\"https:\/\/raytalkcomms.com\/de\/produkt\/ph-400a-carbon-fiber-lightweight-aviation-headset-for-airline-pilots\/\">PH-400A<\/a>, Er wurde neu gestaltet, um den Gewohnheiten und Komfortbed\u00fcrfnissen der Piloten im Cockpit besser gerecht zu werden. Es verf\u00fcgt \u00fcber ein bequemes Schaumstoff-Kopfpolster, einen verstellbaren Kopfb\u00fcgel aus Edelstahl und weiche Kunstleder-Ohrpolster f\u00fcr lange Fl\u00fcge. Passive Ger\u00e4uschunterdr\u00fcckung und ein ger\u00e4uschunterdr\u00fcckendes Elektretmikrofon sorgen f\u00fcr eine klare Sprach\u00fcbertragung. Das Steuermodul bietet einen einstellbaren Widerstand, einen Mono\/Stereo-Schalter, einen Lautst\u00e4rkeregler und eine 3,5-mm-Audiobuchse f\u00fcr Tablets, Telefone und andere Audioger\u00e4te. Dank Standard-GA-Doppelsteckern ist es mit den meisten Flugzeugen kompatibel.<\/p>","protected":false},"featured_media":5320,"template":"","meta":[],"product_brand":[],"product_cat":[208,314,319],"product_tag":[],"class_list":{"0":"post-5319","1":"product","2":"type-product","3":"status-publish","4":"has-post-thumbnail","6":"product_cat-aviation","7":"product_cat-fixed-wing","8":"product_cat-passive-noise-reduction-fixed-wing","10":"first","11":"instock","12":"shipping-taxable","13":"purchasable","14":"product-type-simple"},"_links":{"self":[{"href":"https:\/\/raytalkcomms.com\/de\/wp-json\/wp\/v2\/product\/5319","targetHints":{"allow":["GET"]}}],"collection":[{"href":"https:\/\/raytalkcomms.com\/de\/wp-json\/wp\/v2\/product"}],"about":[{"href":"https:\/\/raytalkcomms.com\/de\/wp-json\/wp\/v2\/types\/product"}],"wp:featuredmedia":[{"embeddable":true,"href":"https:\/\/raytalkcomms.com\/de\/wp-json\/wp\/v2\/media\/5320"}],"wp:attachment":[{"href":"https:\/\/raytalkcomms.com\/de\/wp-json\/wp\/v2\/media?parent=5319"}],"wp:term":[{"taxonomy":"product_brand","embeddable":true,"href":"https:\/\/raytalkcomms.com\/de\/wp-json\/wp\/v2\/product_brand?post=5319"},{"taxonomy":"product_cat","embeddable":true,"href":"https:\/\/raytalkcomms.com\/de\/wp-json\/wp\/v2\/product_cat?post=5319"},{"taxonomy":"product_tag","embeddable":true,"href":"https:\/\/raytalkcomms.com\/de\/wp-json\/wp\/v2\/product_tag?post=5319"}],"curies":[{"name":"wp","href":"https:\/\/api.w.org\/{rel}","templated":true}]}}