{"id":5318,"date":"2025-12-03T02:52:50","date_gmt":"2025-12-03T02:52:50","guid":{"rendered":"https:\/\/raytalkcomms.com\/?post_type=product&#038;p=5318"},"modified":"2025-12-05T03:51:30","modified_gmt":"2025-12-05T03:51:30","slug":"rpb-nntn8020ac-lithium-ion-battery-for-motorola-mtp3100-mtp3150-mtp3250","status":"publish","type":"product","link":"https:\/\/raytalkcomms.com\/de\/produkt\/rpb-nntn8020ac-lithium-ion-battery-for-motorola-mtp3100-mtp3150-mtp3250\/","title":{"rendered":"RPB-NNTN8020AC Lithium-Ionen-Akku f\u00fcr Motorola MTP3100 MTP3150 MTP3250"},"content":{"rendered":"<h3>Merkmale:<\/h3>\n<ul>\n<li>Compatible with Motorola A10, A12, CP1100, CP1180, and EP15 commercial two-way radios.<\/li>\n<li>Batterien mit hoher Kapazit\u00e4t erm\u00f6glichen einen l\u00e4ngeren Einsatz \u00fcber mehrere Schichten und lange Arbeitszyklen.<\/li>\n<li>Leistungsstarke Lithium-Ionen-Chemie<\/li>\n<li>Erm\u00f6glicht bis zu lange Betriebsstunden im Dauerbetrieb.<\/li>\n<li>Original RayTalk-Ersatzakkus sind eine kosteng\u00fcnstige Alternative zu OEM\/ODM-Akkus.<\/li>\n<li>Entwickelt f\u00fcr unternehmenskritische Anwendungen mit stabiler Leistung unter hoher Beanspruchung.<\/li>\n<\/ul>\n<div id=\"gtx-trans\" style=\"position: absolute; left: -9px; top: 3.9125px;\">\n<div class=\"gtx-trans-icon\"><\/div>\n<\/div>","protected":false},"excerpt":{"rendered":"<p>This is a premium Lithium Ion battery for Motorola radios. This RayTalk rechargeable battery is designed for Motorola commercial two-way radios, including MTP3100, MTP3150 and MTP3250.<br \/>\nEs liefert lange Zeit Energie, ohne dass es aufgeladen werden muss, selbst bei starker Beanspruchung.<br \/>\nThe battery capacity is 1650 mAh. A high-capacity Lithium Ion battery delivers more stable discharge and maintains consistent power output over time.<br \/>\nMit seiner Lithium-Ionen-Chemie bietet er zuverl\u00e4ssige, kosteng\u00fcnstige Energie f\u00fcr Motorola Funkger\u00e4te im anspruchsvollen t\u00e4glichen Einsatz.<br \/>\nRayTalk bietet zuverl\u00e4ssige Motorola-Funkbatterien an, die eine konstante Stromversorgung f\u00fcr verschiedene Kommunikationssysteme und -ger\u00e4te gew\u00e4hrleisten.<\/p>","protected":false},"featured_media":5312,"template":"","meta":[],"product_brand":[],"product_cat":[214,219,271],"product_tag":[],"class_list":{"0":"post-5318","1":"product","2":"type-product","3":"status-publish","4":"has-post-thumbnail","6":"product_cat-two-way-radio-accessories","7":"product_cat-batteries-and-chargers","8":"product_cat-motorola","10":"first","11":"instock","12":"shipping-taxable","13":"purchasable","14":"product-type-simple"},"_links":{"self":[{"href":"https:\/\/raytalkcomms.com\/de\/wp-json\/wp\/v2\/product\/5318","targetHints":{"allow":["GET"]}}],"collection":[{"href":"https:\/\/raytalkcomms.com\/de\/wp-json\/wp\/v2\/product"}],"about":[{"href":"https:\/\/raytalkcomms.com\/de\/wp-json\/wp\/v2\/types\/product"}],"wp:featuredmedia":[{"embeddable":true,"href":"https:\/\/raytalkcomms.com\/de\/wp-json\/wp\/v2\/media\/5312"}],"wp:attachment":[{"href":"https:\/\/raytalkcomms.com\/de\/wp-json\/wp\/v2\/media?parent=5318"}],"wp:term":[{"taxonomy":"product_brand","embeddable":true,"href":"https:\/\/raytalkcomms.com\/de\/wp-json\/wp\/v2\/product_brand?post=5318"},{"taxonomy":"product_cat","embeddable":true,"href":"https:\/\/raytalkcomms.com\/de\/wp-json\/wp\/v2\/product_cat?post=5318"},{"taxonomy":"product_tag","embeddable":true,"href":"https:\/\/raytalkcomms.com\/de\/wp-json\/wp\/v2\/product_tag?post=5318"}],"curies":[{"name":"wp","href":"https:\/\/api.w.org\/{rel}","templated":true}]}}