{"id":5316,"date":"2025-12-03T02:46:20","date_gmt":"2025-12-03T02:46:20","guid":{"rendered":"https:\/\/raytalkcomms.com\/?post_type=product&#038;p=5316"},"modified":"2025-12-05T03:51:31","modified_gmt":"2025-12-05T03:51:31","slug":"rpb-rln6308b-high-quality-replacement-battery-for-motorola-a10-a12-cp1100-cp1180-ep150","status":"publish","type":"product","link":"https:\/\/raytalkcomms.com\/de\/produkt\/rpb-rln6308b-high-quality-replacement-battery-for-motorola-a10-a12-cp1100-cp1180-ep150\/","title":{"rendered":"RPB-RLN6308B Hochwertiger Ersatzakku f\u00fcr Motorola A10 A12 CP1100 CP1180 EP150"},"content":{"rendered":"<h3>Eigenschaften\uff1a<\/h3>\n<ul>\n<li>Kompatibel mit den tragbaren Funkger\u00e4ten Motorola A10, A12, CP1100, CP1180 und EP15.<\/li>\n<li>Batterien mit hoher Kapazit\u00e4t erm\u00f6glichen einen l\u00e4ngeren Einsatz \u00fcber mehrere Schichten und lange Arbeitszyklen.<\/li>\n<li>Leistungsstarke Lithium-Ionen-Chemie<\/li>\n<li>Erm\u00f6glicht bis zu lange Betriebsstunden im Dauerbetrieb.<\/li>\n<li>Original RayTalk-Ersatzakkus sind eine kosteng\u00fcnstige Alternative zu OEM\/ODM-Akkus.<\/li>\n<li>Entwickelt f\u00fcr unternehmenskritische Anwendungen mit stabiler Leistung unter hoher Beanspruchung.<\/li>\n<\/ul>","protected":false},"excerpt":{"rendered":"<p>Dies ist ein professioneller, qualitativ hochwertiger Ersatzakku f\u00fcr Motorola-Funkger\u00e4te. Diese wiederaufladbare RayTalk-Batterie ist f\u00fcr Motorola Business-Funkger\u00e4te, einschlie\u00dflich A10, A12, CP1100, CP1180 und EP150 konzipiert.<\/p>\n<p>Die hochwertige Ersatzbatterie liefert selbst bei starker Beanspruchung lange Zeit Energie, ohne dass sie aufgeladen werden muss.<\/p>\n<p>Die Akkukapazit\u00e4t betr\u00e4gt 2200 mAh, andere Kapazit\u00e4ten k\u00f6nnen auf Anfrage bei unserem Team angepasst werden.<\/p>\n<p>Mit Sanyo-Zellen erreicht die Kapazit\u00e4t 2200 mAh. Wir bieten auch eine beliebte und hochwertige Samsung-Zellenoption an, die eine noch h\u00f6here Kapazit\u00e4t von 2600 mAh liefert.<\/p>\n<p>Mit seiner Lithium-Ionen-Chemie bietet er zuverl\u00e4ssige, kosteng\u00fcnstige Energie f\u00fcr Motorola Funkger\u00e4te im anspruchsvollen t\u00e4glichen Einsatz.<\/p>\n<p>RayTalk bietet zuverl\u00e4ssige Motorola-Funkbatterien an, die eine konstante Stromversorgung f\u00fcr verschiedene Kommunikationssysteme und -ger\u00e4te gew\u00e4hrleisten.<\/p>","protected":false},"featured_media":5304,"template":"","meta":[],"product_brand":[],"product_cat":[214,219,271],"product_tag":[],"class_list":{"0":"post-5316","1":"product","2":"type-product","3":"status-publish","4":"has-post-thumbnail","6":"product_cat-two-way-radio-accessories","7":"product_cat-batteries-and-chargers","8":"product_cat-motorola","10":"first","11":"instock","12":"shipping-taxable","13":"purchasable","14":"product-type-simple"},"_links":{"self":[{"href":"https:\/\/raytalkcomms.com\/de\/wp-json\/wp\/v2\/product\/5316","targetHints":{"allow":["GET"]}}],"collection":[{"href":"https:\/\/raytalkcomms.com\/de\/wp-json\/wp\/v2\/product"}],"about":[{"href":"https:\/\/raytalkcomms.com\/de\/wp-json\/wp\/v2\/types\/product"}],"wp:featuredmedia":[{"embeddable":true,"href":"https:\/\/raytalkcomms.com\/de\/wp-json\/wp\/v2\/media\/5304"}],"wp:attachment":[{"href":"https:\/\/raytalkcomms.com\/de\/wp-json\/wp\/v2\/media?parent=5316"}],"wp:term":[{"taxonomy":"product_brand","embeddable":true,"href":"https:\/\/raytalkcomms.com\/de\/wp-json\/wp\/v2\/product_brand?post=5316"},{"taxonomy":"product_cat","embeddable":true,"href":"https:\/\/raytalkcomms.com\/de\/wp-json\/wp\/v2\/product_cat?post=5316"},{"taxonomy":"product_tag","embeddable":true,"href":"https:\/\/raytalkcomms.com\/de\/wp-json\/wp\/v2\/product_tag?post=5316"}],"curies":[{"name":"wp","href":"https:\/\/api.w.org\/{rel}","templated":true}]}}