{"id":5307,"date":"2025-12-05T03:32:05","date_gmt":"2025-12-05T03:32:05","guid":{"rendered":"https:\/\/raytalkcomms.com\/?post_type=product&#038;p=5307"},"modified":"2025-12-23T07:48:46","modified_gmt":"2025-12-23T07:48:46","slug":"rpb-bp2403-rechargeable-battery-for-hytera-hp-series-radios","status":"publish","type":"product","link":"https:\/\/raytalkcomms.com\/de\/produkt\/rpb-bp2403-rechargeable-battery-for-hytera-hp-series-radios\/","title":{"rendered":"RPB-BP2403 Wiederaufladbare Batterie f\u00fcr Hytera-Funkger\u00e4te der HP-Serie"},"content":{"rendered":"<h3>Merkmale:<\/h3>\n<ul>\n<li>Kompatibel mit Hytera-Funkger\u00e4ten, einschlie\u00dflich HP785\/HP788\/HP782\/HP706\/HP702\/HP700\/HP705.<\/li>\n<li>Li-Ionen-Zellen mit hoher Kapazit\u00e4t erm\u00f6glichen einen l\u00e4ngeren Einsatz im Schichtbetrieb und lange Arbeitszyklen.<\/li>\n<li>Leistungsstarke Li-Ionen-Batterien<\/li>\n<li>Erm\u00f6glicht bis zu lange Betriebsstunden im Dauerbetrieb.<\/li>\n<li>Original RayTalk-Ersatzakkus sind eine kosteng\u00fcnstige Alternative zu OEM\/ODM-Akkus.<\/li>\n<li>Entwickelt f\u00fcr unternehmenskritische Anwendungen mit stabiler Leistung unter hoher Beanspruchung.<\/li>\n<\/ul>","protected":false},"excerpt":{"rendered":"<p>Dies ist ein professioneller, hochwertiger Ersatzakku f\u00fcr ein Hytera-Funkger\u00e4t. Dieser RayTalk-Ersatzakku wurde f\u00fcr Hytera-Funkger\u00e4te entwickelt, einschlie\u00dflich HP785\/HP788\/HP782\/HP706\/HP702\/HP700\/HP705.<br \/>\nEs liefert selbst bei starker Beanspruchung lang anhaltende Energie, ohne dass ein Aufladen erforderlich ist.<br \/>\nDie Batteriekapazit\u00e4t betr\u00e4gt 2400 mAh. Dieser mit Li-Ionen-Chemie hergestellte Akku bietet eine h\u00f6here Energiedichte und eine l\u00e4ngere Laufzeit als Standard-Akkus.<br \/>\nEs bietet eine zuverl\u00e4ssige, kosteng\u00fcnstige Stromversorgung f\u00fcr die Hytera Walkie-Talkies im anspruchsvollen t\u00e4glichen Einsatz.<br \/>\nRayTalk bietet einen zuverl\u00e4ssigen Hytera-Funkakku an, der f\u00fcr eine gleichbleibende Stromversorgung verschiedener Kommunikationssysteme und -ger\u00e4te ausgelegt ist.<\/p>","protected":false},"featured_media":5425,"template":"","meta":[],"product_brand":[],"product_cat":[214,219,272],"product_tag":[],"class_list":{"0":"post-5307","1":"product","2":"type-product","3":"status-publish","4":"has-post-thumbnail","6":"product_cat-two-way-radio-accessories","7":"product_cat-batteries-and-chargers","8":"product_cat-hytera","10":"first","11":"instock","12":"shipping-taxable","13":"purchasable","14":"product-type-simple"},"_links":{"self":[{"href":"https:\/\/raytalkcomms.com\/de\/wp-json\/wp\/v2\/product\/5307","targetHints":{"allow":["GET"]}}],"collection":[{"href":"https:\/\/raytalkcomms.com\/de\/wp-json\/wp\/v2\/product"}],"about":[{"href":"https:\/\/raytalkcomms.com\/de\/wp-json\/wp\/v2\/types\/product"}],"wp:featuredmedia":[{"embeddable":true,"href":"https:\/\/raytalkcomms.com\/de\/wp-json\/wp\/v2\/media\/5425"}],"wp:attachment":[{"href":"https:\/\/raytalkcomms.com\/de\/wp-json\/wp\/v2\/media?parent=5307"}],"wp:term":[{"taxonomy":"product_brand","embeddable":true,"href":"https:\/\/raytalkcomms.com\/de\/wp-json\/wp\/v2\/product_brand?post=5307"},{"taxonomy":"product_cat","embeddable":true,"href":"https:\/\/raytalkcomms.com\/de\/wp-json\/wp\/v2\/product_cat?post=5307"},{"taxonomy":"product_tag","embeddable":true,"href":"https:\/\/raytalkcomms.com\/de\/wp-json\/wp\/v2\/product_tag?post=5307"}],"curies":[{"name":"wp","href":"https:\/\/api.w.org\/{rel}","templated":true}]}}