{"id":5253,"date":"2025-12-01T10:22:22","date_gmt":"2025-12-01T10:22:22","guid":{"rendered":"https:\/\/raytalkcomms.com\/?post_type=product&#038;p=5253"},"modified":"2025-12-05T03:51:31","modified_gmt":"2025-12-05T03:51:31","slug":"rpb-ntn7335-type-c-option-rpb-nntn7032b-high-capacity-battery-for-motorola-xts2500-pr1500","status":"publish","type":"product","link":"https:\/\/raytalkcomms.com\/de\/produkt\/rpb-ntn7335-type-c-option-rpb-nntn7032b-high-capacity-battery-for-motorola-xts2500-pr1500\/","title":{"rendered":"RPB-NTN7335 Typ-C Option RPB-NNTN7032B Akku mit hoher Kapazit\u00e4t f\u00fcr Motorola XTS2500 PR1500"},"content":{"rendered":"<h3>Merkmale:<\/h3>\n<ul>\n<li>Compatible with Motorola two way radios, including XTS2500 and PR1500.<\/li>\n<li>Die hohe Kapazit\u00e4t sorgt f\u00fcr l\u00e4ngere Schichten zwischen den Ladevorg\u00e4ngen, ideal f\u00fcr lange Arbeitszeiten.<\/li>\n<li>Leistungsstarke Li-Ionen-Chemie mit IMPRES<\/li>\n<li>Erm\u00f6glicht bis zu lange Betriebsstunden im Dauerbetrieb.<\/li>\n<li>Der Original-Ersatzakku von RayTalk bietet eine kosteng\u00fcnstige Alternative zu OEM\/ODM-Akkus.<\/li>\n<li>Langlebiges Design, das den Anforderungen im Freien und in rauen Umgebungen gerecht wird.<\/li>\n<\/ul>","protected":false},"excerpt":{"rendered":"<p>This is a high capacity battery pack for a Motorola two-way radio. The RayTalk replacement battery RPB-NTN7335 &amp; RPB-NNTN7032B is designed for Motorola radios, including XTS2500 and PR1500.<\/p>\n<p>The battery capacity is 2600 mAh, or 3200 mAh. It delivers long-lasting power without needing a recharge, even under heavy use.<\/p>\n<p>The high capacity battery is built with high-quality Li-ion chemistry and is compatible with Motorola\u2019s official smart battery system. It communicates with IMPRES chargers to deliver more stable, safer, and longer-lasting battery performance.<\/p>\n<p>Es liefert zuverl\u00e4ssige und kosteneffiziente Energie f\u00fcr Motorola-Walkie-Talkies und ist so gebaut, dass es extremer Hitze und K\u00e4lte standh\u00e4lt und dabei eine stabile Leistung beibeh\u00e4lt, so dass Ihre kritischen Aufgaben nie ausfallen.<\/p>\n<p>RayTalk bietet zuverl\u00e4ssige Funkger\u00e4tebatterien und Ladeger\u00e4te, die daf\u00fcr sorgen, dass Ihre Funkger\u00e4te nie leer werden, wenn Sie sie am meisten brauchen.<\/p>\n<div id=\"gtx-trans\" style=\"position: absolute; left: 102px; top: 95.2px;\">\n<div class=\"gtx-trans-icon\"><\/div>\n<\/div>","protected":false},"featured_media":5250,"template":"","meta":[],"product_brand":[],"product_cat":[214,219,271],"product_tag":[],"class_list":{"0":"post-5253","1":"product","2":"type-product","3":"status-publish","4":"has-post-thumbnail","6":"product_cat-two-way-radio-accessories","7":"product_cat-batteries-and-chargers","8":"product_cat-motorola","10":"first","11":"instock","12":"shipping-taxable","13":"purchasable","14":"product-type-simple"},"_links":{"self":[{"href":"https:\/\/raytalkcomms.com\/de\/wp-json\/wp\/v2\/product\/5253","targetHints":{"allow":["GET"]}}],"collection":[{"href":"https:\/\/raytalkcomms.com\/de\/wp-json\/wp\/v2\/product"}],"about":[{"href":"https:\/\/raytalkcomms.com\/de\/wp-json\/wp\/v2\/types\/product"}],"wp:featuredmedia":[{"embeddable":true,"href":"https:\/\/raytalkcomms.com\/de\/wp-json\/wp\/v2\/media\/5250"}],"wp:attachment":[{"href":"https:\/\/raytalkcomms.com\/de\/wp-json\/wp\/v2\/media?parent=5253"}],"wp:term":[{"taxonomy":"product_brand","embeddable":true,"href":"https:\/\/raytalkcomms.com\/de\/wp-json\/wp\/v2\/product_brand?post=5253"},{"taxonomy":"product_cat","embeddable":true,"href":"https:\/\/raytalkcomms.com\/de\/wp-json\/wp\/v2\/product_cat?post=5253"},{"taxonomy":"product_tag","embeddable":true,"href":"https:\/\/raytalkcomms.com\/de\/wp-json\/wp\/v2\/product_tag?post=5253"}],"curies":[{"name":"wp","href":"https:\/\/api.w.org\/{rel}","templated":true}]}}