{"id":5248,"date":"2025-12-01T10:10:31","date_gmt":"2025-12-01T10:10:31","guid":{"rendered":"https:\/\/raytalkcomms.com\/?post_type=product&#038;p=5248"},"modified":"2025-12-05T03:51:31","modified_gmt":"2025-12-05T03:51:31","slug":"rpb-ntn8294-rpb-ntn8299-walkie-talkie-ni-mh-battery-for-motorola-xts3000-xts5000","status":"publish","type":"product","link":"https:\/\/raytalkcomms.com\/de\/produkt\/rpb-ntn8294-rpb-ntn8299-walkie-talkie-ni-mh-battery-for-motorola-xts3000-xts5000\/","title":{"rendered":"RPB-NTN8294 RPB-NTN8299 Walkie Talkie NI-MH Akku f\u00fcr Motorola XTS3000 XTS5000"},"content":{"rendered":"<h3>Merkmale:<\/h3>\n<ul>\n<li>Compatible with Motorola XTS series radios, including XTS3000, and XTS5000.<\/li>\n<li>Leistungsstarke NI-MH-Chemie<\/li>\n<li>Widerstandsf\u00e4higer gegen extreme Hitze und K\u00e4lte.<\/li>\n<li>Geringeres Risiko des thermischen Durchgehens f\u00fcr einen sichereren Betrieb.<\/li>\n<li>Niedrige Batteriekosten und eine ausgereifte Produktion machen ihn ideal f\u00fcr gro\u00dfe Flotten (Sicherheitsdienste, Hotels, Lagerh\u00e4user, Fabriken).<\/li>\n<li>Lange Zykluslebensdauer, geeignet f\u00fcr h\u00e4ufiges Laden und Entladen.<\/li>\n<li>Langlebiges Design, das den Anforderungen im Freien und in rauen Umgebungen gerecht wird.<\/li>\n<li>Cadmiumfreie Konstruktion f\u00fcr eine umweltfreundlichere Batterie.<\/li>\n<li>Erm\u00f6glicht bis zu lange Betriebsstunden im Dauerbetrieb.<\/li>\n<\/ul>","protected":false},"excerpt":{"rendered":"<p>This is a reliable, superior-quality battery pack for a Motorola two way radio. The RayTalk replacement battery RPB-NTN8294 &amp; RPB-NTN8299 is designed for Motorola XTS series radios, including XTS3000, and XTS5000.<\/p>\n<p>The Walkie Talkie NI-MH battery capacity is 1800 mAh, 2200 mAh or 2500 mAh; other capacities can be customized upon request by contacting our team.<br \/>\nThe high-capacity battery is built with high-quality Ni-MH chemistry, offering superior resistance to extreme heat and cold. This walkie talkie Ni-MH battery is designed to withstand rough handling, drops, and prolonged charging in harsh environments.<\/p>\n<p>With a long cycle life, this replacement walkie talkie Ni-MH battery is ideal for frequent charge-and-discharge use. It is especially well-suited for high-demand applications such as security, construction sites, warehouses, and industrial facilities.<\/p>\n<p>Es liefert zuverl\u00e4ssige und kosteneffiziente Energie f\u00fcr Motorola-Walkie-Talkies und sorgt daf\u00fcr, dass Ihre wichtigen Aufgaben jederzeit reibungslos ablaufen.<\/p>","protected":false},"featured_media":5247,"template":"","meta":[],"product_brand":[],"product_cat":[214,219,271],"product_tag":[],"class_list":{"0":"post-5248","1":"product","2":"type-product","3":"status-publish","4":"has-post-thumbnail","6":"product_cat-two-way-radio-accessories","7":"product_cat-batteries-and-chargers","8":"product_cat-motorola","10":"first","11":"instock","12":"shipping-taxable","13":"purchasable","14":"product-type-simple"},"_links":{"self":[{"href":"https:\/\/raytalkcomms.com\/de\/wp-json\/wp\/v2\/product\/5248","targetHints":{"allow":["GET"]}}],"collection":[{"href":"https:\/\/raytalkcomms.com\/de\/wp-json\/wp\/v2\/product"}],"about":[{"href":"https:\/\/raytalkcomms.com\/de\/wp-json\/wp\/v2\/types\/product"}],"wp:featuredmedia":[{"embeddable":true,"href":"https:\/\/raytalkcomms.com\/de\/wp-json\/wp\/v2\/media\/5247"}],"wp:attachment":[{"href":"https:\/\/raytalkcomms.com\/de\/wp-json\/wp\/v2\/media?parent=5248"}],"wp:term":[{"taxonomy":"product_brand","embeddable":true,"href":"https:\/\/raytalkcomms.com\/de\/wp-json\/wp\/v2\/product_brand?post=5248"},{"taxonomy":"product_cat","embeddable":true,"href":"https:\/\/raytalkcomms.com\/de\/wp-json\/wp\/v2\/product_cat?post=5248"},{"taxonomy":"product_tag","embeddable":true,"href":"https:\/\/raytalkcomms.com\/de\/wp-json\/wp\/v2\/product_tag?post=5248"}],"curies":[{"name":"wp","href":"https:\/\/api.w.org\/{rel}","templated":true}]}}