{"id":5189,"date":"2025-11-28T09:36:09","date_gmt":"2025-11-28T09:36:09","guid":{"rendered":"https:\/\/raytalkcomms.com\/?post_type=product&#038;p=5189"},"modified":"2025-12-05T03:51:31","modified_gmt":"2025-12-05T03:51:31","slug":"rpb-nntn4970-li-ion-battery-pack-for-motorola-cp-series-radios","status":"publish","type":"product","link":"https:\/\/raytalkcomms.com\/de\/produkt\/rpb-nntn4970-li-ion-battery-pack-for-motorola-cp-series-radios\/","title":{"rendered":"RPB-NNTN4970 Li-Ionen-Akku f\u00fcr Motorola-Funkger\u00e4te der CP-Serie"},"content":{"rendered":"<h3>Merkmale:<\/h3>\n<ul>\n<li>Kompatibel mit Motorola-Funkger\u00e4ten, einschlie\u00dflich GP3688, P3688, CP140, CP040, EP450, CP380, DP1400, CP150 und CP200.<\/li>\n<li>Die hohe Kapazit\u00e4t von 1800 mAh sorgt f\u00fcr l\u00e4ngere Schichten zwischen den Ladevorg\u00e4ngen, perfekt f\u00fcr den 24-Stunden-Betrieb.<\/li>\n<li>Leistungsstarke Li-Ionen-Chemie<\/li>\n<li>Erm\u00f6glicht bis zu lange Betriebsstunden im Dauerbetrieb.<\/li>\n<li>Der Original-Ersatzakku von RayTalk bietet eine kosteng\u00fcnstige Alternative zu OEM\/ODM-Akkus.<\/li>\n<li>Entwickelt f\u00fcr unternehmenskritische Anwendungen mit stabiler Leistung unter hoher Beanspruchung.<\/li>\n<\/ul>","protected":false},"excerpt":{"rendered":"<p>Dies ist ein zuverl\u00e4ssiger, hochwertiger Akku f\u00fcr ein Funkger\u00e4t der kommerziellen Serie von Motorola. Der RayTalk Ersatzakku RPB-NNTN4970 wurde f\u00fcr Motorola Funkger\u00e4te entwickelt, einschlie\u00dflich GP3688, P3688, CP140, CP040, EP450, CP380, DP1400, CP150 und CP200.<\/p>\n<p>Der Akku hat eine Kapazit\u00e4t von 1800 mAh und liefert selbst bei starker Beanspruchung lang anhaltende Leistung, ohne dass er aufgeladen werden muss.<\/p>\n<p>Der 1800-mAh-Akku besteht aus einer hochwertigen Lithium-Ionen-Chemie, die eine l\u00e4ngere Lebensdauer als viele Alternativen und volle Kompatibilit\u00e4t mit den Motorola-Funkger\u00e4ten der CP-Serie bietet.<\/p>\n<p>Es liefert zuverl\u00e4ssige und kosteneffiziente Energie f\u00fcr Motorola-Walkie-Talkies und ist so gebaut, dass es extremer Hitze und K\u00e4lte standh\u00e4lt und dabei eine stabile Leistung beibeh\u00e4lt, so dass Ihre kritischen Aufgaben nie ausfallen.<\/p>\n<p>RayTalk bietet zuverl\u00e4ssige Funkger\u00e4tebatterien und Ladeger\u00e4te, die daf\u00fcr sorgen, dass Ihre Funkger\u00e4te nie leer werden, wenn Sie sie am meisten brauchen.<\/p>","protected":false},"featured_media":5188,"template":"","meta":[],"product_brand":[],"product_cat":[214,219,271],"product_tag":[],"class_list":{"0":"post-5189","1":"product","2":"type-product","3":"status-publish","4":"has-post-thumbnail","6":"product_cat-two-way-radio-accessories","7":"product_cat-batteries-and-chargers","8":"product_cat-motorola","10":"first","11":"instock","12":"shipping-taxable","13":"purchasable","14":"product-type-simple"},"_links":{"self":[{"href":"https:\/\/raytalkcomms.com\/de\/wp-json\/wp\/v2\/product\/5189","targetHints":{"allow":["GET"]}}],"collection":[{"href":"https:\/\/raytalkcomms.com\/de\/wp-json\/wp\/v2\/product"}],"about":[{"href":"https:\/\/raytalkcomms.com\/de\/wp-json\/wp\/v2\/types\/product"}],"wp:featuredmedia":[{"embeddable":true,"href":"https:\/\/raytalkcomms.com\/de\/wp-json\/wp\/v2\/media\/5188"}],"wp:attachment":[{"href":"https:\/\/raytalkcomms.com\/de\/wp-json\/wp\/v2\/media?parent=5189"}],"wp:term":[{"taxonomy":"product_brand","embeddable":true,"href":"https:\/\/raytalkcomms.com\/de\/wp-json\/wp\/v2\/product_brand?post=5189"},{"taxonomy":"product_cat","embeddable":true,"href":"https:\/\/raytalkcomms.com\/de\/wp-json\/wp\/v2\/product_cat?post=5189"},{"taxonomy":"product_tag","embeddable":true,"href":"https:\/\/raytalkcomms.com\/de\/wp-json\/wp\/v2\/product_tag?post=5189"}],"curies":[{"name":"wp","href":"https:\/\/api.w.org\/{rel}","templated":true}]}}